{"id":221527,"date":"2024-08-26T09:09:35","date_gmt":"2024-08-26T08:09:35","guid":{"rendered":"https:\/\/glownaturalliving.com\/?post_type=product&#038;p=221527"},"modified":"2024-11-13T11:29:43","modified_gmt":"2024-11-13T10:29:43","slug":"tagliche-routine-kardierarbeit","status":"publish","type":"product","link":"https:\/\/glownaturalliving.com\/de\/winkel\/wohnen-de\/dekoration\/tagliche-routine-kardierarbeit\/","title":{"rendered":"Karten f\u00fcr den Tagesablauf \u2013 Hausarbeiten"},"content":{"rendered":"<h4>Karten f\u00fcr den Tagesablauf \u2013 Hausarbeiten<\/h4>\n<p>  Helfen Sie Ihren Kindern mit diesen Karten dabei, unabh\u00e4ngig f\u00fcr die t\u00e4glichen Aufgaben zu sein.<br \/>\nDiese Karten sind f\u00fcr Kinder leicht zu befolgen und verf\u00fcgen \u00fcber Symbole, die zu jeder Aufgabe passen.<br \/>\nPerfekt f\u00fcr Kleinkinder und \u00e4ltere Kinder.<br \/>\nSie und Ihr Kind k\u00f6nnen die Routine gemeinsam planen und die Karten im Regal so anordnen, wie es m\u00f6chte.<br \/>\nIhr Kind kann die Aktivit\u00e4tskarten ber\u00fchren, aufheben und ordnen.<br \/>\nDie Karten werden an die Stelle gelegt, um die Reihenfolge aufzugeben, die Ihr Kind bevorzugt, und auf der R\u00fcckseite befindet sich ein Stern f\u00fcr jede erledigte Aufgabe.<br \/>\nBeinhaltet die Aufgaben: Hausaufgaben, Spielzeug aufr\u00e4umen, putzen, Kochen, Tisch decken, Geschirr sp\u00fclen, M\u00fcll rausbringen, Haustier f\u00fcttern.<br \/>\nDas Set f\u00fcr die t\u00e4gliche Routine besteht zu 100 % aus Buchenholz von unserem FSC-zertifizierten Hersteller.<br \/>\nUnsere Verpackungen bestehen aus FSC-zertifiziertem Karton.<br \/>\nDie Packung enth\u00e4lt 8 St\u00fcck Karten f\u00fcr die t\u00e4gliche Routine.<br \/>\nDie Karten sind 4,2 x 4,2 x 0,6 cm gro\u00df            <\/p>\n<h4>\u00dcber Hagelens<\/h4>\n<p>  Hagelens ist eine d\u00e4nische Marke, die f\u00fcr ihre schlichten und stilvollen Designs bekannt ist.<br \/>\nMit dem Fokus auf die Schaffung nat\u00fcrlicher und praktischer Werkzeuge, die sich nahtlos in Ihre Familie einf\u00fcgen, um das Familienleben zu verbessern und Liebe und Zusammengeh\u00f6rigkeit zu f\u00f6rdern.<br \/>\nInspiriert vom Montessori-Ansatz entwickelt Hagelens Produkte, die Kinder dazu ermutigen, selbstst\u00e4ndig zu lernen und zu erkunden.<br \/>\nJedes St\u00fcck wird sorgf\u00e4ltig gefertigt, um Kindern zu helfen, geistig und k\u00f6rperlich in einer f\u00f6rdernden Umgebung zu wachsen.<br \/>\nHagelen legt gro\u00dfen Wert auf Natur und Nachhaltigkeit, was sich auch an den Holzwerkzeugen und -dekorationen zeigt.<br \/>\nSie kombinieren Handwerkskunst mit umweltfreundlichen Praktiken und schaffen wundersch\u00f6ne Holzprodukte, die mit Sorgfalt gefertigt werden und ein Engagement f\u00fcr Langlebigkeit und zeitlose Eleganz widerspiegeln.     <\/p>\n","protected":false},"excerpt":{"rendered":"<p>Helfen Sie Ihren Kindern mit diesen Karten dabei, unabh\u00e4ngig f\u00fcr die t\u00e4glichen Aufgaben zu sein.<br \/>\nDiese Karten sind f\u00fcr Kinder leicht zu befolgen und verf\u00fcgen \u00fcber Symbole, die zu jeder Aufgabe passen.<br \/>\nPerfekt f\u00fcr Kleinkinder und \u00e4ltere Kinder.  <\/p>\n","protected":false},"featured_media":221531,"comment_status":"open","ping_status":"closed","template":"","meta":{"_acf_changed":false},"product_cat":[4604,9384,8559,8675],"product_tag":[],"berocket_brand":[10048],"class_list":["post-221527","product","type-product","status-publish","has-post-thumbnail","hentry","product_cat-neu","product_cat-wohnen-de","product_cat-dekoration","product_cat-spielzeuge","product_shipping_class-pakket-de","berocket_brand-hagelens-de"],"acf":[],"aioseo_notices":[],"_links":{"self":[{"href":"https:\/\/glownaturalliving.com\/de\/wp-json\/wp\/v2\/product\/221527","targetHints":{"allow":["GET"]}}],"collection":[{"href":"https:\/\/glownaturalliving.com\/de\/wp-json\/wp\/v2\/product"}],"about":[{"href":"https:\/\/glownaturalliving.com\/de\/wp-json\/wp\/v2\/types\/product"}],"replies":[{"embeddable":true,"href":"https:\/\/glownaturalliving.com\/de\/wp-json\/wp\/v2\/comments?post=221527"}],"wp:featuredmedia":[{"embeddable":true,"href":"https:\/\/glownaturalliving.com\/de\/wp-json\/wp\/v2\/media\/221531"}],"wp:attachment":[{"href":"https:\/\/glownaturalliving.com\/de\/wp-json\/wp\/v2\/media?parent=221527"}],"wp:term":[{"taxonomy":"product_cat","embeddable":true,"href":"https:\/\/glownaturalliving.com\/de\/wp-json\/wp\/v2\/product_cat?post=221527"},{"taxonomy":"product_tag","embeddable":true,"href":"https:\/\/glownaturalliving.com\/de\/wp-json\/wp\/v2\/product_tag?post=221527"},{"taxonomy":"berocket_brand","embeddable":true,"href":"https:\/\/glownaturalliving.com\/de\/wp-json\/wp\/v2\/berocket_brand?post=221527"}],"curies":[{"name":"wp","href":"https:\/\/api.w.org\/{rel}","templated":true}]}}