{"id":221539,"date":"2024-08-26T09:32:35","date_gmt":"2024-08-26T08:32:35","guid":{"rendered":"https:\/\/glownaturalliving.com\/?post_type=product&#038;p=221539"},"modified":"2024-11-13T11:29:41","modified_gmt":"2024-11-13T10:29:41","slug":"tagliche-routine-karten-familie","status":"publish","type":"product","link":"https:\/\/glownaturalliving.com\/de\/winkel\/wohnen-de\/dekoration\/tagliche-routine-karten-familie\/","title":{"rendered":"Karten f\u00fcr den Tagesablauf \u2013 Familie"},"content":{"rendered":"<h4>Karten f\u00fcr den Tagesablauf \u2013 Familie<\/h4>\n<p>  Die Zeit mit der Familie ist wichtig und sollte gesch\u00e4tzt werden.<br \/>\nKinder haben ein gro\u00dfes Bed\u00fcrfnis nach F\u00fcrsorge und Liebe.<br \/>\nSie sind vielleicht nicht immer die besten darin, dieses Bed\u00fcrfnis auszudr\u00fccken.<br \/>\nDiese Liebeskarten sind so gestaltet, dass sich unsere Kinder um ihre Bed\u00fcrfnisse k\u00fcmmern k\u00f6nnen.<br \/>\nNehmen wir uns als Eltern Zeit f\u00fcr unsere Kinder und schaffen wir Raum f\u00fcr das, was im Leben am wichtigsten ist&#8230;<br \/>\nFAMILIE UND LIEBE Planen Sie einen Familientag mit Ihren Kindern und verwandeln Sie gemeinsam die Karten in Sterne.<br \/>\nBeinhaltet die Aufgaben: Familienzeit, Spazierg\u00e4nge, K\u00fcsse und Kuscheln, kreativ sein, Spielzeit, gemeinsam backen, entspannen.<br \/>\nDas Set f\u00fcr die t\u00e4gliche Routine besteht zu 100 % aus Buchenholz von unserem FSC-zertifizierten Hersteller.<br \/>\nUnsere Verpackungen bestehen aus FSC-zertifiziertem Karton.<br \/>\nDie Packung enth\u00e4lt 8 St\u00fcck Karten f\u00fcr die t\u00e4gliche Routine.<br \/>\nDie Karten sind 4,2 x, 4,2 x 0,6 cm gro\u00df.<br \/>\n<strong>Bitte beachten Sie<\/strong>, dass die Ablage nicht im Lieferumfang enthalten ist.             <\/p>\n<h4>\u00dcber Hagelens<\/h4>\n<p>  Hagelens ist eine d\u00e4nische Marke, die f\u00fcr ihre schlichten und stilvollen Designs bekannt ist.<br \/>\nMit dem Fokus auf die Schaffung nat\u00fcrlicher und praktischer Werkzeuge, die sich nahtlos in Ihre Familie einf\u00fcgen, um das Familienleben zu verbessern und Liebe und Zusammengeh\u00f6rigkeit zu f\u00f6rdern.<br \/>\nInspiriert vom Montessori-Ansatz entwickelt Hagelens Produkte, die Kinder dazu ermutigen, selbstst\u00e4ndig zu lernen und zu erkunden.<br \/>\nJedes St\u00fcck wird sorgf\u00e4ltig gefertigt, um Kindern zu helfen, geistig und k\u00f6rperlich in einer f\u00f6rdernden Umgebung zu wachsen.<br \/>\nHagelen legt gro\u00dfen Wert auf Natur und Nachhaltigkeit, was sich auch an den Holzwerkzeugen und -dekorationen zeigt.<br \/>\nSie kombinieren Handwerkskunst mit umweltfreundlichen Praktiken und schaffen wundersch\u00f6ne Holzprodukte, die mit Sorgfalt gefertigt werden und ein Engagement f\u00fcr Langlebigkeit und zeitlose Eleganz widerspiegeln.     <\/p>\n","protected":false},"excerpt":{"rendered":"<p>Die h\u00f6llische Zeit mit der Familie ist wichtig und sollte gesch\u00e4tzt werden.<br \/>\nKinder haben ein gro\u00dfes Bed\u00fcrfnis nach F\u00fcrsorge und Liebe.<br \/>\nSie sind vielleicht nicht immer die besten darin, dieses Bed\u00fcrfnis auszudr\u00fccken.<br \/>\nDiese Liebeskarten sind so gestaltet, dass sich unsere Kinder um ihre Bed\u00fcrfnisse k\u00fcmmern k\u00f6nnen.   <\/p>\n","protected":false},"featured_media":221546,"comment_status":"open","ping_status":"closed","template":"","meta":{"_acf_changed":false},"product_cat":[4604,9384,8559,8675],"product_tag":[],"berocket_brand":[10048],"class_list":["post-221539","product","type-product","status-publish","has-post-thumbnail","hentry","product_cat-neu","product_cat-wohnen-de","product_cat-dekoration","product_cat-spielzeuge","product_shipping_class-pakket-de","berocket_brand-hagelens-de"],"acf":[],"aioseo_notices":[],"_links":{"self":[{"href":"https:\/\/glownaturalliving.com\/de\/wp-json\/wp\/v2\/product\/221539","targetHints":{"allow":["GET"]}}],"collection":[{"href":"https:\/\/glownaturalliving.com\/de\/wp-json\/wp\/v2\/product"}],"about":[{"href":"https:\/\/glownaturalliving.com\/de\/wp-json\/wp\/v2\/types\/product"}],"replies":[{"embeddable":true,"href":"https:\/\/glownaturalliving.com\/de\/wp-json\/wp\/v2\/comments?post=221539"}],"wp:featuredmedia":[{"embeddable":true,"href":"https:\/\/glownaturalliving.com\/de\/wp-json\/wp\/v2\/media\/221546"}],"wp:attachment":[{"href":"https:\/\/glownaturalliving.com\/de\/wp-json\/wp\/v2\/media?parent=221539"}],"wp:term":[{"taxonomy":"product_cat","embeddable":true,"href":"https:\/\/glownaturalliving.com\/de\/wp-json\/wp\/v2\/product_cat?post=221539"},{"taxonomy":"product_tag","embeddable":true,"href":"https:\/\/glownaturalliving.com\/de\/wp-json\/wp\/v2\/product_tag?post=221539"},{"taxonomy":"berocket_brand","embeddable":true,"href":"https:\/\/glownaturalliving.com\/de\/wp-json\/wp\/v2\/berocket_brand?post=221539"}],"curies":[{"name":"wp","href":"https:\/\/api.w.org\/{rel}","templated":true}]}}