{"id":221576,"date":"2024-09-17T16:16:01","date_gmt":"2024-09-17T15:16:01","guid":{"rendered":"https:\/\/glownaturalliving.com\/?post_type=product&#038;p=221576"},"modified":"2025-03-12T17:09:14","modified_gmt":"2025-03-12T16:09:14","slug":"glaser-trinkflasche-miniflasche-muschel","status":"publish","type":"product","link":"https:\/\/glownaturalliving.com\/de\/winkel\/wohnen-de\/essen-trinken\/glaser-trinkflasche-miniflasche-muschel\/","title":{"rendered":"Trinkflasche aus Glas | MINI-FLASCHE | Muschelschale"},"content":{"rendered":"<h4>Trinkflasche aus Glas | MINI-FLASCHE | Muschelschale<\/h4>\n<p>Eine sch\u00f6ne, minimalistische Glastrinkflasche mit Silikonh\u00fclle und luxuri\u00f6ser Optik. M\u00f6chten Sie es sich zur Gewohnheit machen, regelm\u00e4\u00dfig Wasser zu trinken? Dann stellen Sie sicher, dass Sie diese sch\u00f6ne Trinkflasche aus Glas immer zur Hand haben. Und Sie werden feststellen, dass Sie Ihren t\u00e4glichen Wasserbedarf leichter decken.<\/p>\n<p>500 ml<\/p>\n<p>Charakterisieren:<\/p>\n<ul>\n<li>Die Flasche besteht aus Borosilikatglas, das gegen kochendes Wasser und gefrorene Getr\u00e4nke best\u00e4ndig ist<\/li>\n<li>Die breite \u00d6ffnung erleichtert das Hinzuf\u00fcgen von Eisw\u00fcrfeln und Obst<\/li>\n<li>Die Flasche ist sp\u00fclmaschinenfest, ohne dass die Silikonh\u00fclle entfernt werden muss<\/li>\n<li>Frei von BPA, Blei, Cadmium, Phthalaten<\/li>\n<\/ul>\n<p>Bestellen Sie <span style=\"color: #d1b59a;\"><br \/>\n  <a style=\"color: #d1b59a;\" href=\"https:\/\/glownaturalliving.com\/brands\/bink\/\"><br \/>\n    <strong>hier<\/strong><br \/>\n  <\/a><br \/>\n<\/span> einen passenden Strohhalm. Oder in einer anderen Farbe.<\/p>\n<p>&nbsp;<\/p>\n<p><img loading=\"lazy\" decoding=\"async\" class=\"alignnone size-medium wp-image-210643\" src=\"https:\/\/glownaturalliving.com\/wordpress\/wp-content\/uploads\/2022\/10\/Bink-Mama-Bottles-356x500.jpg\" alt=\"\" width=\"356\" height=\"500\"><\/p>\n","protected":false},"excerpt":{"rendered":"<p>Eine sch\u00f6ne, minimalistische Trinkflasche aus Glas mit luxuri\u00f6sem Look. M\u00f6chten Sie es sich zur Gewohnheit machen, regelm\u00e4\u00dfig Wasser zu trinken? Dann stellen Sie sicher, dass Sie diese sch\u00f6ne Trinkflasche aus Glas immer zur Hand haben.<\/p>\n","protected":false},"featured_media":221580,"comment_status":"open","ping_status":"closed","template":"","meta":{"_acf_changed":false},"product_cat":[4604,9384,8509],"product_tag":[],"berocket_brand":[9613],"class_list":["post-221576","product","type-product","status-publish","has-post-thumbnail","hentry","product_cat-neu","product_cat-wohnen-de","product_cat-essen-trinken","product_shipping_class-pakket-de","berocket_brand-bink-de-2"],"acf":[],"aioseo_notices":[],"_links":{"self":[{"href":"https:\/\/glownaturalliving.com\/de\/wp-json\/wp\/v2\/product\/221576","targetHints":{"allow":["GET"]}}],"collection":[{"href":"https:\/\/glownaturalliving.com\/de\/wp-json\/wp\/v2\/product"}],"about":[{"href":"https:\/\/glownaturalliving.com\/de\/wp-json\/wp\/v2\/types\/product"}],"replies":[{"embeddable":true,"href":"https:\/\/glownaturalliving.com\/de\/wp-json\/wp\/v2\/comments?post=221576"}],"wp:featuredmedia":[{"embeddable":true,"href":"https:\/\/glownaturalliving.com\/de\/wp-json\/wp\/v2\/media\/221580"}],"wp:attachment":[{"href":"https:\/\/glownaturalliving.com\/de\/wp-json\/wp\/v2\/media?parent=221576"}],"wp:term":[{"taxonomy":"product_cat","embeddable":true,"href":"https:\/\/glownaturalliving.com\/de\/wp-json\/wp\/v2\/product_cat?post=221576"},{"taxonomy":"product_tag","embeddable":true,"href":"https:\/\/glownaturalliving.com\/de\/wp-json\/wp\/v2\/product_tag?post=221576"},{"taxonomy":"berocket_brand","embeddable":true,"href":"https:\/\/glownaturalliving.com\/de\/wp-json\/wp\/v2\/berocket_brand?post=221576"}],"curies":[{"name":"wp","href":"https:\/\/api.w.org\/{rel}","templated":true}]}}