{"id":221652,"date":"2024-09-22T14:12:23","date_gmt":"2024-09-22T13:12:23","guid":{"rendered":"https:\/\/glownaturalliving.com\/?post_type=product&#038;p=221652"},"modified":"2025-09-01T10:17:07","modified_gmt":"2025-09-01T09:17:07","slug":"glaser-trinkflasche-tag-flasche-trink-tracker-stein","status":"publish","type":"product","link":"https:\/\/glownaturalliving.com\/de\/winkel\/geschenk\/fuer-sie\/glaser-trinkflasche-tag-flasche-trink-tracker-stein\/","title":{"rendered":"Trinkflasche aus Glas | TAGESFLASCHE | Fl\u00fcssigkeits-Tracker | Stein"},"content":{"rendered":"<h4>Trinkflasche aus Glas | TAGESFLASCHE | Verfolgung der Fl\u00fcssigkeitszufuhr | Stein<\/h4>\n<p>Haltbarkeit und Einfachheit vereint in einer sch\u00f6nen Farbpalette. Eine einfache Glastrinkflasche mit Trink-Tracker, die Ihnen hilft, Ihre t\u00e4glich empfohlene Wassermenge zu erreichen. Denn Ihre Gesundheit ist Ihr gr\u00f6\u00dftes Gut und genug Wasser zu trinken sollte f\u00fcr jeden machbar sein.<\/p>\n<p>Der integrierte Verschluss mit eingebautem Ausguss macht das Trinken unterwegs noch einfacher, und das auslaufsichere Design verhindert ein Auslaufen.<\/p>\n<p>Durch die Verwendung der Tagesflasche werden Sie sich des Wassers, das Sie jeden Tag trinken, bewusster. Leicht verst\u00e4ndliche Zeitmarkierungen auf der Flaschenh\u00fclle helfen Ihnen, den ganzen Tag \u00fcber Wasser zu trinken.<\/p>\n<p>Eine nachhaltige Trinkflasche, die auf Ihre Bed\u00fcrfnisse zugeschnitten ist. Eine Glas-Wasserflasche, die Sie immer wieder benutzen k\u00f6nnen, die Sie \u00fcberall hin mitnehmen. Das h\u00e4lt Sie Tag f\u00fcr Tag hydratisiert und gesund.<\/p>\n<p>Inhalt: 800 ml<\/p>\n<p>Die Flasche kann mit einer H\u00fclle in die Sp\u00fclmaschine gegeben werden.<\/p>\n<p>&nbsp;<\/p>\n","protected":false},"excerpt":{"rendered":"<p>Haltbarkeit und Einfachheit vereint in einer sch\u00f6nen Farbpalette. Eine einfache Glasflasche mit Fl\u00fcssigkeits-Tracker, die Ihnen hilft, Ihre t\u00e4glich empfohlene Wassermenge zu erreichen.<\/p>\n","protected":false},"featured_media":223664,"comment_status":"open","ping_status":"closed","template":"","meta":{"_acf_changed":false},"product_cat":[9998,9987,4604,9384,8509],"product_tag":[],"berocket_brand":[9613],"class_list":["post-221652","product","type-product","status-publish","has-post-thumbnail","hentry","product_cat-fuer-sie","product_cat-geschenk","product_cat-neu","product_cat-wohnen-de","product_cat-essen-trinken","product_shipping_class-pakket-de","berocket_brand-bink-de-2"],"acf":[],"aioseo_notices":[],"_links":{"self":[{"href":"https:\/\/glownaturalliving.com\/de\/wp-json\/wp\/v2\/product\/221652","targetHints":{"allow":["GET"]}}],"collection":[{"href":"https:\/\/glownaturalliving.com\/de\/wp-json\/wp\/v2\/product"}],"about":[{"href":"https:\/\/glownaturalliving.com\/de\/wp-json\/wp\/v2\/types\/product"}],"replies":[{"embeddable":true,"href":"https:\/\/glownaturalliving.com\/de\/wp-json\/wp\/v2\/comments?post=221652"}],"wp:featuredmedia":[{"embeddable":true,"href":"https:\/\/glownaturalliving.com\/de\/wp-json\/wp\/v2\/media\/223664"}],"wp:attachment":[{"href":"https:\/\/glownaturalliving.com\/de\/wp-json\/wp\/v2\/media?parent=221652"}],"wp:term":[{"taxonomy":"product_cat","embeddable":true,"href":"https:\/\/glownaturalliving.com\/de\/wp-json\/wp\/v2\/product_cat?post=221652"},{"taxonomy":"product_tag","embeddable":true,"href":"https:\/\/glownaturalliving.com\/de\/wp-json\/wp\/v2\/product_tag?post=221652"},{"taxonomy":"berocket_brand","embeddable":true,"href":"https:\/\/glownaturalliving.com\/de\/wp-json\/wp\/v2\/berocket_brand?post=221652"}],"curies":[{"name":"wp","href":"https:\/\/api.w.org\/{rel}","templated":true}]}}