{"id":221725,"date":"2024-10-10T14:37:38","date_gmt":"2024-10-10T13:37:38","guid":{"rendered":"https:\/\/glownaturalliving.com\/winkel\/unkategorisiert\/concealer-mit-voller-deckkraft\/"},"modified":"2024-10-10T15:42:34","modified_gmt":"2024-10-10T14:42:34","slug":"concealer-mit-voller-deckkraft","status":"publish","type":"product","link":"https:\/\/glownaturalliving.com\/de\/winkel\/pflege\/naturliches-make-up\/concealer-mit-voller-deckkraft\/","title":{"rendered":"Concealer mit voller Deckkraft"},"content":{"rendered":"<h4>INIKA Concealer mit voller Deckkraft<\/h4>\n<p>Camouflage Hautunreinheiten, Hautunreinheiten und Augenringe mit diesem cremigen Bio-Concealer von INIKA Organic. Die sanfte, nat\u00fcrliche Formel gleicht den Hautton aus und sorgt f\u00fcr eine strahlende Haut. <\/p>\n<h4>Eigenschaften<\/h4>\n<ul>\n<li>100% nat\u00fcrlicher, biologischer &amp; veganer Concealer<\/li>\n<li>Tierversuchsfrei &amp; halal-zertifiziert<\/li>\n<li>Glatte, cremige Formel<\/li>\n<li>Tarnt, ohne die Poren zu verstopfen<\/li>\n<li>Reich an Vitamin E und Antioxidantien<\/li>\n<li>Spendet lang anhaltende Feuchtigkeit<\/li>\n<li>Auch f\u00fcr die empfindlichste Haut<\/li>\n<li>Die weltweit erste plastikneutrale Kosmetikmarke der Welt<\/li>\n<li>Verpackt in einer nachhaltigen und recycelbaren Verpackung<\/li>\n<li>Frei von Mikroplastik, Alkohol, Parf\u00fcm, Parabenen und anderen chemischen Inhaltsstoffen<\/li>\n<\/ul>\n<p><strong>Wichtige Bio-Inhaltsstoffe:<\/strong><br \/>\nVitamin E, Mandel\u00f6l und Jojoba\u00f6l<\/p>\n<h4>Wie verwenden Sie den Full Coverage Concealer?<\/h4>\n<p>Tragen Sie den Concealer auf die saubere, trockene Haut auf. Verwenden Sie die Fingerspitzen, um das Produkt aufzuw\u00e4rmen, tragen Sie Concealer unter den Augen, auf Hautunreinheiten und Pigmentflecken auf. W\u00e4hlen Sie immer einen helleren oder den gleichen Farbton wie Ihr Hautton, um Unreinheiten so gut wie m\u00f6glich zu kaschieren. <\/p>\n<h4>\u00dcber INIKA<\/h4>\n<p>Die Produkte von INIKA sind bio-zertifiziert, 100% nat\u00fcrlich, mineralisch, vegan, tierversuchsfrei und ungiftig. INIKA Bio-Make-up ist zudem gluten- und laktosefrei! Die Philosophie von INIKA Organic Make-Up ist, dass sie nur die sch\u00f6nsten, ges\u00fcndesten und hochwertigsten Make-up-Produkte f\u00fcr einen nat\u00fcrlichen Look kreieren wollen. Sch\u00f6nheit kommt von Gesundheit, so INIKA. Sch\u00f6n zu sein ist mehr als nur dein Aussehen. Es ist ganzheitlich, von der Nahrung, die Sie zu sich nehmen, bis hin zum Sauerstoff, den Sie atmen.     <\/p>\n","protected":false},"excerpt":{"rendered":"<p>Camouflage Hautunreinheiten, Hautunreinheiten und Augenringe mit diesem cremigen Bio-Concealer von INIKA Organic.<\/p>\n","protected":false},"featured_media":221719,"comment_status":"open","ping_status":"closed","template":"","meta":{"_acf_changed":false},"product_cat":[9646,4604,8687],"product_tag":[],"berocket_brand":[10087],"class_list":["post-221725","product","type-product","status-publish","has-post-thumbnail","hentry","product_cat-naturliches-make-up","product_cat-neu","product_cat-pflege","product_shipping_class-pakket-de","berocket_brand-inika-bio"],"acf":[],"aioseo_notices":[],"_links":{"self":[{"href":"https:\/\/glownaturalliving.com\/de\/wp-json\/wp\/v2\/product\/221725","targetHints":{"allow":["GET"]}}],"collection":[{"href":"https:\/\/glownaturalliving.com\/de\/wp-json\/wp\/v2\/product"}],"about":[{"href":"https:\/\/glownaturalliving.com\/de\/wp-json\/wp\/v2\/types\/product"}],"replies":[{"embeddable":true,"href":"https:\/\/glownaturalliving.com\/de\/wp-json\/wp\/v2\/comments?post=221725"}],"wp:featuredmedia":[{"embeddable":true,"href":"https:\/\/glownaturalliving.com\/de\/wp-json\/wp\/v2\/media\/221719"}],"wp:attachment":[{"href":"https:\/\/glownaturalliving.com\/de\/wp-json\/wp\/v2\/media?parent=221725"}],"wp:term":[{"taxonomy":"product_cat","embeddable":true,"href":"https:\/\/glownaturalliving.com\/de\/wp-json\/wp\/v2\/product_cat?post=221725"},{"taxonomy":"product_tag","embeddable":true,"href":"https:\/\/glownaturalliving.com\/de\/wp-json\/wp\/v2\/product_tag?post=221725"},{"taxonomy":"berocket_brand","embeddable":true,"href":"https:\/\/glownaturalliving.com\/de\/wp-json\/wp\/v2\/berocket_brand?post=221725"}],"curies":[{"name":"wp","href":"https:\/\/api.w.org\/{rel}","templated":true}]}}