{"id":221735,"date":"2024-10-10T14:38:57","date_gmt":"2024-10-10T13:38:57","guid":{"rendered":"https:\/\/glownaturalliving.com\/?post_type=product&#038;p=221735"},"modified":"2024-11-13T11:29:08","modified_gmt":"2024-11-13T10:29:08","slug":"gebrannt-mineralisches-fundament","status":"publish","type":"product","link":"https:\/\/glownaturalliving.com\/de\/winkel\/pflege\/naturliches-make-up\/gebrannt-mineralisches-fundament\/","title":{"rendered":"Gebackene Mineralien Foundation"},"content":{"rendered":"<h4>INIKA Baked Mineral Foundation<\/h4>\n<p>Schaffen Sie im Handumdrehen die perfekte Basis mit dieser preisgekr\u00f6nten Foundation von INIKA Organic. Diese nat\u00fcrliche und vegane Foundation hat eine atmungsaktive Formel, die Deckkraft bietet, ohne die Haut zu verstopfen. <\/p>\n<h4>Eigenschaften<\/h4>\n<ul>\n<li>100% nat\u00fcrliche, biologische &amp; vegane Foundation<\/li>\n<li>Tierversuchsfrei &amp; halal-zertifiziert<\/li>\n<li>Bietet eine leichte Abdeckung bis hin zu einer vollst\u00e4ndigen Abdeckung<\/li>\n<li>Absorbiert \u00d6l aus den Poren<\/li>\n<li>Hilft, R\u00f6tungen zu reduzieren<\/li>\n<li>Enth\u00e4lt feuchtigkeitsspendende Inhaltsstoffe<\/li>\n<li>Inklusive Spiegel, ideal f\u00fcr unterwegs.<\/li>\n<li>Geeignet f\u00fcr alle Hauttypen, auch f\u00fcr empfindliche Haut<\/li>\n<li>Die weltweit erste plastikneutrale Kosmetikmarke der Welt<\/li>\n<li>Verpackt in einer nachhaltigen und recycelbaren Verpackung<\/li>\n<li>Frei von Mikroplastik, Alkohol, Parf\u00fcm, Parabenen und chemischen Inhaltsstoffen<\/li>\n<\/ul>\n<p><strong>Wichtige Bio-Inhaltsstoffe:<\/strong><br \/>\nMagnolienrindenextrakt, Squalan und Zuckerrohr<\/p>\n<h4>\u00dcber INIKA<\/h4>\n<p>Die Produkte von INIKA sind bio-zertifiziert, 100% nat\u00fcrlich, mineralisch, vegan, tierversuchsfrei und ungiftig. INIKA Bio-Make-up ist zudem gluten- und laktosefrei! Die Philosophie von INIKA Organic Make-Up ist, dass sie nur die sch\u00f6nsten, ges\u00fcndesten und hochwertigsten Make-up-Produkte f\u00fcr einen nat\u00fcrlichen Look kreieren wollen. Sch\u00f6nheit kommt von Gesundheit, so INIKA. Sch\u00f6n zu sein ist mehr als nur dein Aussehen. Es ist ganzheitlich, von der Nahrung, die Sie zu sich nehmen, bis hin zum Sauerstoff, den Sie atmen.     <\/p>\n","protected":false},"excerpt":{"rendered":"<p>Schaffen Sie im Handumdrehen die perfekte Basis mit dieser preisgekr\u00f6nten Foundation von INIKA Organic. Diese nat\u00fcrliche und vegane Foundation hat eine atmungsaktive Formel, die Deckkraft bietet, ohne die Haut zu verstopfen. <\/p>\n","protected":false},"featured_media":221776,"comment_status":"open","ping_status":"closed","template":"","meta":{"_acf_changed":false},"product_cat":[9646,4604,8687],"product_tag":[],"berocket_brand":[10087],"class_list":["post-221735","product","type-product","status-publish","has-post-thumbnail","hentry","product_cat-naturliches-make-up","product_cat-neu","product_cat-pflege","product_shipping_class-pakket-de","berocket_brand-inika-bio"],"acf":[],"aioseo_notices":[],"_links":{"self":[{"href":"https:\/\/glownaturalliving.com\/de\/wp-json\/wp\/v2\/product\/221735","targetHints":{"allow":["GET"]}}],"collection":[{"href":"https:\/\/glownaturalliving.com\/de\/wp-json\/wp\/v2\/product"}],"about":[{"href":"https:\/\/glownaturalliving.com\/de\/wp-json\/wp\/v2\/types\/product"}],"replies":[{"embeddable":true,"href":"https:\/\/glownaturalliving.com\/de\/wp-json\/wp\/v2\/comments?post=221735"}],"wp:featuredmedia":[{"embeddable":true,"href":"https:\/\/glownaturalliving.com\/de\/wp-json\/wp\/v2\/media\/221776"}],"wp:attachment":[{"href":"https:\/\/glownaturalliving.com\/de\/wp-json\/wp\/v2\/media?parent=221735"}],"wp:term":[{"taxonomy":"product_cat","embeddable":true,"href":"https:\/\/glownaturalliving.com\/de\/wp-json\/wp\/v2\/product_cat?post=221735"},{"taxonomy":"product_tag","embeddable":true,"href":"https:\/\/glownaturalliving.com\/de\/wp-json\/wp\/v2\/product_tag?post=221735"},{"taxonomy":"berocket_brand","embeddable":true,"href":"https:\/\/glownaturalliving.com\/de\/wp-json\/wp\/v2\/berocket_brand?post=221735"}],"curies":[{"name":"wp","href":"https:\/\/api.w.org\/{rel}","templated":true}]}}