{"id":221794,"date":"2024-10-10T14:51:58","date_gmt":"2024-10-10T13:51:58","guid":{"rendered":"https:\/\/glownaturalliving.com\/?post_type=product&#038;p=221794"},"modified":"2024-11-13T11:29:07","modified_gmt":"2024-11-13T10:29:07","slug":"brauen-stift","status":"publish","type":"product","link":"https:\/\/glownaturalliving.com\/de\/winkel\/pflege\/naturliches-make-up\/brauen-stift\/","title":{"rendered":"Augenbrauen-Stift"},"content":{"rendered":"<h4>INIKA Augenbrauenstift<\/h4>\n<p>Verleihen Sie Ihren Augenbrauen Definition mit diesem weichen, cremigen Augenbrauenstift von INIKA Organic. Diese Bio-Stifte sind mit reinen Pigmenten und sch\u00fctzendem Vitamin E angereichert, um Ihre Augenbrauen zu formen und aufzuf\u00fcllen. <\/p>\n<h4>Eigenschaften<\/h4>\n<ul>\n<li>100% nat\u00fcrlicher, biologischer &amp; veganer Augenbrauenstift<\/li>\n<li>Tierversuchsfrei &amp; halal-zertifiziert<\/li>\n<li>Zum Formen und Auff\u00fcllen der Augenbrauen<\/li>\n<li>Glatte, cremige Formel mit einfacher Anwendung<\/li>\n<li>Mit lang anhaltender Wirkung, h\u00e4lt den ganzen Tag<\/li>\n<li>Inklusive B\u00fcrste zum Formen der Borsten<\/li>\n<li>Geeignet f\u00fcr alle Hauttypen, auch f\u00fcr empfindliche Haut.<\/li>\n<li>Die weltweit erste plastikneutrale Kosmetikmarke der Welt<\/li>\n<li>Verpackt in einer nachhaltigen und recycelbaren Verpackung<\/li>\n<li>Frei von Mikroplastik, Alkohol, Parf\u00fcm, Parabenen und chemischen Inhaltsstoffen<\/li>\n<\/ul>\n<p><strong>Wichtige Bio-Inhaltsstoffe:<br \/>\n<\/strong>Kokos\u00f6l, Vitamin E &amp; Candelilla<\/p>\n<h4>Wie benutzt man den Brow Pencil?<\/h4>\n<p>Tragen Sie kleine und kurze Streifen mit der Haarwuchsrichtung auf, so schaffen Sie die nat\u00fcrlichste<\/p>\n<h4>\u00dcber INIKA<\/h4>\n<p>Die Produkte von INIKA sind bio-zertifiziert, 100% nat\u00fcrlich, mineralisch, vegan, tierversuchsfrei und ungiftig. INIKA Bio-Make-up ist zudem gluten- und laktosefrei! Die Philosophie von INIKA Organic Make-Up ist, dass sie nur die sch\u00f6nsten, ges\u00fcndesten und hochwertigsten Make-up-Produkte f\u00fcr einen nat\u00fcrlichen Look kreieren wollen. Sch\u00f6nheit kommt von Gesundheit, so INIKA. Sch\u00f6n zu sein ist mehr als nur dein Aussehen. Es ist ganzheitlich, von der Nahrung, die Sie zu sich nehmen, bis hin zum Sauerstoff, den Sie atmen.     <\/p>\n","protected":false},"excerpt":{"rendered":"<p>Verleihen Sie Ihren Augenbrauen Definition mit diesem weichen, cremigen Augenbrauenstift von INIKA Organic. Diese Bio-Stifte sind mit reinen Pigmenten und sch\u00fctzendem Vitamin E angereichert, um Ihre Augenbrauen zu formen und aufzuf\u00fcllen. <\/p>\n","protected":false},"featured_media":221822,"comment_status":"open","ping_status":"closed","template":"","meta":{"_acf_changed":false},"product_cat":[9646,4604,8687],"product_tag":[],"berocket_brand":[10087],"class_list":["post-221794","product","type-product","status-publish","has-post-thumbnail","hentry","product_cat-naturliches-make-up","product_cat-neu","product_cat-pflege","product_shipping_class-pakket-de","berocket_brand-inika-bio"],"acf":[],"aioseo_notices":[],"_links":{"self":[{"href":"https:\/\/glownaturalliving.com\/de\/wp-json\/wp\/v2\/product\/221794","targetHints":{"allow":["GET"]}}],"collection":[{"href":"https:\/\/glownaturalliving.com\/de\/wp-json\/wp\/v2\/product"}],"about":[{"href":"https:\/\/glownaturalliving.com\/de\/wp-json\/wp\/v2\/types\/product"}],"replies":[{"embeddable":true,"href":"https:\/\/glownaturalliving.com\/de\/wp-json\/wp\/v2\/comments?post=221794"}],"wp:featuredmedia":[{"embeddable":true,"href":"https:\/\/glownaturalliving.com\/de\/wp-json\/wp\/v2\/media\/221822"}],"wp:attachment":[{"href":"https:\/\/glownaturalliving.com\/de\/wp-json\/wp\/v2\/media?parent=221794"}],"wp:term":[{"taxonomy":"product_cat","embeddable":true,"href":"https:\/\/glownaturalliving.com\/de\/wp-json\/wp\/v2\/product_cat?post=221794"},{"taxonomy":"product_tag","embeddable":true,"href":"https:\/\/glownaturalliving.com\/de\/wp-json\/wp\/v2\/product_tag?post=221794"},{"taxonomy":"berocket_brand","embeddable":true,"href":"https:\/\/glownaturalliving.com\/de\/wp-json\/wp\/v2\/berocket_brand?post=221794"}],"curies":[{"name":"wp","href":"https:\/\/api.w.org\/{rel}","templated":true}]}}