{"id":221833,"date":"2024-10-10T15:04:34","date_gmt":"2024-10-10T14:04:34","guid":{"rendered":"https:\/\/glownaturalliving.com\/?post_type=product&#038;p=221833"},"modified":"2025-05-13T13:35:08","modified_gmt":"2025-05-13T12:35:08","slug":"bold-lash-mascara","status":"publish","type":"product","link":"https:\/\/glownaturalliving.com\/de\/winkel\/pflege\/naturliches-make-up\/bold-lash-mascara\/","title":{"rendered":"Fl\u00fcssiger Eyeliner"},"content":{"rendered":"<h4>INIKA Fl\u00fcssiger Eyeliner<\/h4>\n<p>Verleihen Sie Ihren Augen Definition mit diesem Bio Eyeliner von INIKA Organic. Reich an nat\u00fcrlichen Pflanzenextrakten und reinen Pigmenten, sorgt dieser Eyeliner f\u00fcr ausdrucksstarke Augen. <\/p>\n<h4>Eigenschaften<\/h4>\n<ul>\n<li>100% nat\u00fcrlicher, biologischer &amp; veganer Eyeliner<\/li>\n<li>Tierversuchsfrei &amp; halal-zertifiziert<\/li>\n<li>Enth\u00e4lt hochwertige mineralische Pigmente<\/li>\n<li>F\u00e4rbt nicht ab und trocknet schnell<\/li>\n<li>Langlebig, h\u00e4lt den ganzen Tag<\/li>\n<li>Einfache Anwendung durch ergonomischen Griff<\/li>\n<li>Angereichert mit Aloe Vera f\u00fcr die Feuchtigkeitsversorgung<\/li>\n<li>Auch f\u00fcr empfindliche \/ tr\u00e4nende Augen geeignet<\/li>\n<li>Die weltweit erste plastikneutrale Kosmetikmarke der Welt<\/li>\n<li>Verpackt in einer nachhaltigen und recycelbaren Verpackung<\/li>\n<li>Frei von Mikroplastik, Alkohol, Parf\u00fcm, Parabenen und chemischen Inhaltsstoffen<\/li>\n<\/ul>\n<h4>Wie verwenden Sie den Liquid Eyeliner?<\/h4>\n<p>Sch\u00fctteln Sie die Flasche vor Gebrauch gut. Tragen Sie dann den Eyeliner auf und lassen Sie ihn 1 Minute trocknen. Aufgrund seiner 100% weichen und nat\u00fcrlichen Formel ist der Eyeliner sehr gut f\u00fcr empfindliche Augen geeignet.  <\/p>\n<h4>\u00dcber INIKA<\/h4>\n<p>Die Produkte von INIKA sind bio-zertifiziert, 100% nat\u00fcrlich, mineralisch, vegan, tierversuchsfrei und ungiftig. INIKA Bio-Make-up ist zudem gluten- und laktosefrei! Die Philosophie von INIKA Organic Make-Up ist, dass sie nur die sch\u00f6nsten, ges\u00fcndesten und hochwertigsten Make-up-Produkte f\u00fcr einen nat\u00fcrlichen Look kreieren wollen. Sch\u00f6nheit kommt von Gesundheit, so INIKA. Sch\u00f6n zu sein ist mehr als nur dein Aussehen. Es ist ganzheitlich, von der Nahrung, die Sie zu sich nehmen, bis hin zum Sauerstoff, den Sie atmen.     <\/p>\n","protected":false},"excerpt":{"rendered":"<p>Verleihen Sie Ihren Augen Definition mit diesem Bio Eyeliner von INIKA Organic. Reich an nat\u00fcrlichen Pflanzenextrakten und reinen Pigmenten, sorgt dieser Eyeliner f\u00fcr ausdrucksstarke Augen. <\/p>\n","protected":false},"featured_media":221856,"comment_status":"open","ping_status":"closed","template":"","meta":{"_acf_changed":false},"product_cat":[9646,4604,8687],"product_tag":[],"berocket_brand":[10087],"class_list":["post-221833","product","type-product","status-publish","has-post-thumbnail","hentry","product_cat-naturliches-make-up","product_cat-neu","product_cat-pflege","product_shipping_class-pakket-de","berocket_brand-inika-bio"],"acf":[],"aioseo_notices":[],"_links":{"self":[{"href":"https:\/\/glownaturalliving.com\/de\/wp-json\/wp\/v2\/product\/221833","targetHints":{"allow":["GET"]}}],"collection":[{"href":"https:\/\/glownaturalliving.com\/de\/wp-json\/wp\/v2\/product"}],"about":[{"href":"https:\/\/glownaturalliving.com\/de\/wp-json\/wp\/v2\/types\/product"}],"replies":[{"embeddable":true,"href":"https:\/\/glownaturalliving.com\/de\/wp-json\/wp\/v2\/comments?post=221833"}],"wp:featuredmedia":[{"embeddable":true,"href":"https:\/\/glownaturalliving.com\/de\/wp-json\/wp\/v2\/media\/221856"}],"wp:attachment":[{"href":"https:\/\/glownaturalliving.com\/de\/wp-json\/wp\/v2\/media?parent=221833"}],"wp:term":[{"taxonomy":"product_cat","embeddable":true,"href":"https:\/\/glownaturalliving.com\/de\/wp-json\/wp\/v2\/product_cat?post=221833"},{"taxonomy":"product_tag","embeddable":true,"href":"https:\/\/glownaturalliving.com\/de\/wp-json\/wp\/v2\/product_tag?post=221833"},{"taxonomy":"berocket_brand","embeddable":true,"href":"https:\/\/glownaturalliving.com\/de\/wp-json\/wp\/v2\/berocket_brand?post=221833"}],"curies":[{"name":"wp","href":"https:\/\/api.w.org\/{rel}","templated":true}]}}