{"id":221861,"date":"2024-10-10T15:22:59","date_gmt":"2024-10-10T14:22:59","guid":{"rendered":"https:\/\/glownaturalliving.com\/?post_type=product&#038;p=221861"},"modified":"2025-05-13T13:35:00","modified_gmt":"2025-05-13T12:35:00","slug":"fette-wimpern-wimperntusche-2","status":"publish","type":"product","link":"https:\/\/glownaturalliving.com\/de\/winkel\/pflege\/naturliches-make-up\/fette-wimpern-wimperntusche-2\/","title":{"rendered":"Bold Lash Mascara"},"content":{"rendered":"<h4>INIKA Bold Wimperntusche<\/h4>\n<p>Verl\u00e4ngern Sie Ihre Wimpern mit dieser reich pigmentierten Bio-Mascara von INIKA Organic. Diese einzigartige Wimperntusche hat eine nat\u00fcrliche Formel mit einer speziellen Volumenb\u00fcrste f\u00fcr einen sch\u00f6nen, dramatischen Effekt. <\/p>\n<h4>Eigenschaften<\/h4>\n<ul>\n<li>100% nat\u00fcrliche, biologische &amp; vegane Mascara<\/li>\n<li>Tierversuchsfrei &amp; halal-zertifiziert<\/li>\n<li>Spezielle Volumenb\u00fcrste f\u00fcr lange &amp; dichte Wimpern<\/li>\n<li>Unterst\u00fctzt &amp; stimuliert das Wimpernwachstum<\/li>\n<li>St\u00e4rkt die Haarfaser von innen heraus<\/li>\n<li>Enth\u00e4lt entz\u00fcndungshemmende Eigenschaften, besonders f\u00fcr empfindliche Augen<\/li>\n<li>Auch sehr gut geeignet f\u00fcr &#8222;fettige&#8220; oder tr\u00e4nende Augen<\/li>\n<li>Die weltweit erste plastikneutrale Kosmetikmarke der Welt<\/li>\n<li>Verpackt in einer nachhaltigen und recycelbaren Verpackung<\/li>\n<li>Frei von Alkohol, Parf\u00fcm, Parabenen und anderen chemischen Inhaltsstoffen<\/li>\n<\/ul>\n<h4>Wie verwenden Sie die Bold Lash Mascara?<\/h4>\n<p>Tragen Sie die Mascara vom Wimpernkranz bis zu den Spitzen auf. Wiederholen Sie den Vorgang, falls gew\u00fcnscht. F\u00fcr einen dramatischeren Look tragen Sie die Mascara in mehreren Schichten auf.  <\/p>\n<h4>Tipps<\/h4>\n<p>Eine Wimperntusche trocknet schneller aus, wenn Sie die B\u00fcrste &#8222;hineinpumpen&#8220;, um neues Produkt zu erhalten, dadurch kann Luft in die Tube eindringen. Es ist besser, die B\u00fcrste in der H\u00fclle zu drehen, um mehr Produkt auf die B\u00fcrste zu bekommen. <\/p>\n<h4>\u00dcber INIKA<\/h4>\n<p>Die Produkte von INIKA sind bio-zertifiziert, 100% nat\u00fcrlich, mineralisch, vegan, tierversuchsfrei und ungiftig. INIKA Bio-Make-up ist zudem gluten- und laktosefrei! Die Philosophie von INIKA Organic Make-Up ist, dass sie nur die sch\u00f6nsten, ges\u00fcndesten und hochwertigsten Make-up-Produkte f\u00fcr einen nat\u00fcrlichen Look kreieren wollen. Sch\u00f6nheit kommt von Gesundheit, so INIKA. Sch\u00f6n zu sein ist mehr als nur dein Aussehen. Es ist ganzheitlich, von der Nahrung, die Sie zu sich nehmen, bis hin zum Sauerstoff, den Sie atmen.     <\/p>\n","protected":false},"excerpt":{"rendered":"<p>Verl\u00e4ngern Sie Ihre Wimpern mit dieser reich pigmentierten Bio-Mascara von INIKA Organic. Diese einzigartige Wimperntusche hat eine nat\u00fcrliche Formel mit einer speziellen Volumenb\u00fcrste f\u00fcr einen sch\u00f6nen, dramatischen Effekt. <\/p>\n","protected":false},"featured_media":221843,"comment_status":"open","ping_status":"closed","template":"","meta":{"_acf_changed":false},"product_cat":[9646,4604,8687],"product_tag":[],"berocket_brand":[10087],"class_list":["post-221861","product","type-product","status-publish","has-post-thumbnail","hentry","product_cat-naturliches-make-up","product_cat-neu","product_cat-pflege","product_shipping_class-pakket-de","berocket_brand-inika-bio"],"acf":[],"aioseo_notices":[],"_links":{"self":[{"href":"https:\/\/glownaturalliving.com\/de\/wp-json\/wp\/v2\/product\/221861","targetHints":{"allow":["GET"]}}],"collection":[{"href":"https:\/\/glownaturalliving.com\/de\/wp-json\/wp\/v2\/product"}],"about":[{"href":"https:\/\/glownaturalliving.com\/de\/wp-json\/wp\/v2\/types\/product"}],"replies":[{"embeddable":true,"href":"https:\/\/glownaturalliving.com\/de\/wp-json\/wp\/v2\/comments?post=221861"}],"wp:featuredmedia":[{"embeddable":true,"href":"https:\/\/glownaturalliving.com\/de\/wp-json\/wp\/v2\/media\/221843"}],"wp:attachment":[{"href":"https:\/\/glownaturalliving.com\/de\/wp-json\/wp\/v2\/media?parent=221861"}],"wp:term":[{"taxonomy":"product_cat","embeddable":true,"href":"https:\/\/glownaturalliving.com\/de\/wp-json\/wp\/v2\/product_cat?post=221861"},{"taxonomy":"product_tag","embeddable":true,"href":"https:\/\/glownaturalliving.com\/de\/wp-json\/wp\/v2\/product_tag?post=221861"},{"taxonomy":"berocket_brand","embeddable":true,"href":"https:\/\/glownaturalliving.com\/de\/wp-json\/wp\/v2\/berocket_brand?post=221861"}],"curies":[{"name":"wp","href":"https:\/\/api.w.org\/{rel}","templated":true}]}}