{"id":222025,"date":"2024-11-05T11:51:37","date_gmt":"2024-11-05T10:51:37","guid":{"rendered":"https:\/\/glownaturalliving.com\/?post_type=product&#038;p=222025"},"modified":"2025-06-03T09:38:54","modified_gmt":"2025-06-03T08:38:54","slug":"volumen-conditioner-riegel-mit-rosmarin-und-biotin","status":"publish","type":"product","link":"https:\/\/glownaturalliving.com\/de\/winkel\/pflege\/pflege-produkte\/volumen-conditioner-riegel-mit-rosmarin-und-biotin\/","title":{"rendered":"Volumenspendender Conditioner mit Rosmarin und Biotin"},"content":{"rendered":"<h4 data-test-id=\"product-name\">Volumenspendender Conditioner mit Rosmarin und Biotin<\/h4>\n<p>\u2013 Pflegt feines und zartes Haar tief und sorgt f\u00fcr weichere, glatter aussehende Locken<\/p>\n<p>\u2013 Angereichert mit Rosmarin-, Biotin- und Amaranth-Protein, um die Str\u00e4hnen von innen heraus zu verdicken und so die allgemeine Haargesundheit zu f\u00f6rdern<\/p>\n<p>\u2013 Formuliert, um Volumen, Glanz und Keratinproduktion f\u00fcr volleres Aussehen zu steigern<\/p>\n<p>\u2013 Die antioxidantienreiche Peptidmischung st\u00e4rkt die Str\u00e4hnen, um Haarbruch und Spliss zu reduzieren und sorgt f\u00fcr reibungsfreies, federndes Haar<\/p>\n<p>\u2013 Die sorgf\u00e4ltig ausbalancierte, leichte Formel pflegt Ihr Haar sanft, ohne R\u00fcckst\u00e4nde zu hinterlassen<\/p>\n<p>\u2013 Frei von Parabenen, Phthalaten, Silikonen und Sulfaten \u2013 pH-ausgeglichen und sicher f\u00fcr gef\u00e4rbtes Haar<\/p>\n<p>\u2013 Reduziert Einwegplastik: Spart zwei Flaschen fl\u00fcssiges Shampoo\/Conditioner.<\/p>\n<p>Inhaltsstoffe: Cetearylalkohol, Behentrimoniumchlorid, Cocos Nucifera (Kokos\u00f6l) \u00d6l, Helianthus Annuus (Sonnenblumen) Samen\u00f6l, Lauryllaurat, nat\u00fcrlicher Duftstoff*, Biotin, Extrakt aus Rosmarinus officinalis (Rosmarin), Extrakt aus Amaranthus caudatus, Guarhydroxypropyltrimoniumchlorid, gr\u00fcnes Chromoxid (CI77288) **, Eisenoxid (CI77492) **, Ultramarin (CI77007) ** *Nat\u00fcrlicher Duft aus Pflanzen. **Nat\u00fcrliche Farbe. Duft: Lavendel &amp; Vanille<\/p>\n","protected":false},"excerpt":{"rendered":"<p>Pflegt feines und zartes Haar tief und sorgt f\u00fcr weichere, glatter aussehende Locken. Angereichert mit Rosmarin-, Biotin- und Amaranthprotein, um die Str\u00e4hnen von innen heraus zu verdicken und so die allgemeine Haargesundheit zu f\u00f6rdern <\/p>\n<h4 class=\"sc-ccad7eb4-0 kYucWs\" data-test-id=\"product-name\"><\/h4>\n","protected":false},"featured_media":222029,"comment_status":"open","ping_status":"closed","template":"","meta":{"_acf_changed":false},"product_cat":[4604,8687,9290],"product_tag":[],"berocket_brand":[10020],"class_list":["post-222025","product","type-product","status-publish","has-post-thumbnail","hentry","product_cat-neu","product_cat-pflege","product_cat-pflege-produkte","product_shipping_class-pakket-de","berocket_brand-kitsch-de"],"acf":[],"aioseo_notices":[],"_links":{"self":[{"href":"https:\/\/glownaturalliving.com\/de\/wp-json\/wp\/v2\/product\/222025","targetHints":{"allow":["GET"]}}],"collection":[{"href":"https:\/\/glownaturalliving.com\/de\/wp-json\/wp\/v2\/product"}],"about":[{"href":"https:\/\/glownaturalliving.com\/de\/wp-json\/wp\/v2\/types\/product"}],"replies":[{"embeddable":true,"href":"https:\/\/glownaturalliving.com\/de\/wp-json\/wp\/v2\/comments?post=222025"}],"wp:featuredmedia":[{"embeddable":true,"href":"https:\/\/glownaturalliving.com\/de\/wp-json\/wp\/v2\/media\/222029"}],"wp:attachment":[{"href":"https:\/\/glownaturalliving.com\/de\/wp-json\/wp\/v2\/media?parent=222025"}],"wp:term":[{"taxonomy":"product_cat","embeddable":true,"href":"https:\/\/glownaturalliving.com\/de\/wp-json\/wp\/v2\/product_cat?post=222025"},{"taxonomy":"product_tag","embeddable":true,"href":"https:\/\/glownaturalliving.com\/de\/wp-json\/wp\/v2\/product_tag?post=222025"},{"taxonomy":"berocket_brand","embeddable":true,"href":"https:\/\/glownaturalliving.com\/de\/wp-json\/wp\/v2\/berocket_brand?post=222025"}],"curies":[{"name":"wp","href":"https:\/\/api.w.org\/{rel}","templated":true}]}}