{"id":222086,"date":"2024-12-11T10:51:06","date_gmt":"2024-12-11T09:51:06","guid":{"rendered":"https:\/\/glownaturalliving.com\/winkel\/unkategorisiert\/magnesium-chloride-food-grade\/"},"modified":"2025-02-12T19:47:32","modified_gmt":"2025-02-12T18:47:32","slug":"magnesium-chloride-food-grade","status":"publish","type":"product","link":"https:\/\/glownaturalliving.com\/de\/winkel\/pflege\/pflege-produkte\/magnesium-chloride-food-grade\/","title":{"rendered":"Magnesiumchlorid (Lebensmittelqualit\u00e4t)"},"content":{"rendered":"<h4>Magnesiumchlorid (Lebensmittelqualit\u00e4t)<\/h4>\n<p><strong>Das essentielle Mineral f\u00fcr Entspannung und Hautgesundheit<\/strong><\/p>\n<p>Magnesium ist ein essentieller Mineralstoff, der bei mehr als 300 lebenswichtigen Prozessen in unserem K\u00f6rper eine entscheidende Rolle spielt. Es unterst\u00fctzt die Gesundheit unserer Zellen, Nerven und Muskeln.  Leider bekommen viele Menschen nicht genug Magnesium \u00fcber ihre t\u00e4gliche Ern\u00e4hrung, so dass Magnesiumpr\u00e4parate wie Magnesiumchlorid eine hervorragende L\u00f6sung sind.<\/p>\n<p><strong>Magnesiumchlorid zur Muskelentspannung und Regeneration nach dem Training<\/strong><\/p>\n<p>Magnesiumchlorid ist eine nat\u00fcrliche Form von Magnesium, die \u00fcber die Haut aufgenommen wird, wenn sie in Wasser aufgel\u00f6st wird. Es bietet zahlreiche Vorteile, wie z. B. die Entspannung der Muskeln nach einem intensiven Training und die F\u00f6rderung einer schnelleren Regeneration. Dank seiner beruhigenden Wirkung hilft Magnesiumchlorid auch, Stress abzubauen und einen besseren Schlaf zu f\u00f6rdern.  <\/p>\n<p><strong>Magnesiumchlorid f\u00fcr eine gesunde Haut und zur Reduzierung von Hautunreinheiten<\/strong><\/p>\n<p>Neben seinen Vorteilen f\u00fcr die Muskelentspannung wirkt sich Magnesiumchlorid auch positiv auf die Haut aus. Dieses nat\u00fcrliche Mineralsalz hilft, die Poren zu reinigen, Pickel und Unreinheiten zu reduzieren und die Haut weicher und glatter zu machen. Es ist ideal f\u00fcr Menschen mit fettiger Haut oder Akne.  <\/p>\n<p><strong>Wie verwenden Sie Magnesiumchlorid?<\/strong><\/p>\n<ul>\n<li><strong>Entspannungsbad<\/strong>: Geben Sie 1 gro\u00dfe Tasse Magnesiumchlorid in ein Vollbad, um sich tief zu entspannen. Lassen Sie sich mindestens 10 Minuten im Wasser, um optimale Ergebnisse zu erzielen. F\u00fcr zus\u00e4tzliche Beruhigung k\u00f6nnen Sie ein paar Tropfen \u00e4therisches Lavendel\u00f6l hinzuf\u00fcgen.  <\/li>\n<li><strong>Fu\u00dfbad f\u00fcr m\u00fcde F\u00fc\u00dfe<\/strong>: Geben Sie eine halbe Tasse Magnesiumchlorid in ein Fu\u00dfbad mit warmem Wasser. Lassen Sie Ihre F\u00fc\u00dfe 10 Minuten einweichen und trocknen Sie sie gr\u00fcndlich ab. Dies ist perfekt f\u00fcr m\u00fcde F\u00fc\u00dfe nach einem langen Tag.  <\/li>\n<\/ul>\n<p><strong>Inhalt<\/strong>: 1000 Gramm<\/p>\n<p><strong>Warum Magnesiumchlorid (Lebensmittelqualit\u00e4t)?<\/strong><\/p>\n<p>Magnesiumchlorid (Lebensmittelqualit\u00e4t) ist ein sicherer und nat\u00fcrlicher Weg, um Ihren Magnesiummangel auszugleichen, Ihre Muskeln zu entspannen, Ihre Haut zu reinigen und Ihren Schlaf zu verbessern. Egal, ob Sie nach dem Training nach der Muskelregeneration oder nach einer effektiven Hautpflege f\u00fcr Ihre Haut suchen, Magnesiumchlorid ist ein vielseitiges Produkt, das Ihr Wohlbefinden f\u00f6rdert. <\/p>\n<p><strong>Vorteile auf einen Blick:<\/strong><\/p>\n<ul>\n<li>Unterst\u00fctzt die Muskelentspannung und Regeneration nach dem Training<\/li>\n<li>Verbessert die Schlafqualit\u00e4t<\/li>\n<li>Hilft, Hautunreinheiten zu reduzieren<\/li>\n<li>Nat\u00fcrliche Magnesiumquelle, die direkt \u00fcber die Haut aufgenommen werden kann<\/li>\n<li>Ideal f\u00fcr entspannende B\u00e4der und Fu\u00dfb\u00e4der<\/li>\n<\/ul>\n<p>Verwenden Sie regelm\u00e4\u00dfig Magnesiumchlorid f\u00fcr gesunde Haut und Muskeln und genie\u00dfen Sie seine entspannende Wirkung.<\/p>\n<h4><\/h4>\n<h4>\u00dcber Natural Heroes<\/h4>\n<p>Natural Heroes m\u00f6chte ein gesundes und nachhaltiges Leben einfach und unterhaltsam gestalten. Sie tun dies, indem sie nat\u00fcrliche Sch\u00f6nheits- und Kosmetikprodukte anbieten. So viel vegan wie m\u00f6glich und so transparent wie m\u00f6glich \u00fcber die Herkunft der Zutaten.<\/p>\n","protected":false},"excerpt":{"rendered":"<p><strong>Das essentielle Mineral f\u00fcr Entspannung und Hautgesundheit.  <\/strong>Magnesium ist ein essentieller Mineralstoff, der bei mehr als 300 lebenswichtigen Prozessen in unserem K\u00f6rper eine entscheidende Rolle spielt. Es unterst\u00fctzt die Gesundheit unserer Zellen, Nerven und Muskeln. <\/p>\n","protected":false},"featured_media":222084,"comment_status":"open","ping_status":"closed","template":"","meta":{"_acf_changed":false},"product_cat":[8687,9290],"product_tag":[],"berocket_brand":[9683],"class_list":["post-222086","product","type-product","status-publish","has-post-thumbnail","hentry","product_cat-pflege","product_cat-pflege-produkte","product_shipping_class-pakket-de","berocket_brand-natural-heroes"],"acf":[],"aioseo_notices":[],"_links":{"self":[{"href":"https:\/\/glownaturalliving.com\/de\/wp-json\/wp\/v2\/product\/222086","targetHints":{"allow":["GET"]}}],"collection":[{"href":"https:\/\/glownaturalliving.com\/de\/wp-json\/wp\/v2\/product"}],"about":[{"href":"https:\/\/glownaturalliving.com\/de\/wp-json\/wp\/v2\/types\/product"}],"replies":[{"embeddable":true,"href":"https:\/\/glownaturalliving.com\/de\/wp-json\/wp\/v2\/comments?post=222086"}],"wp:featuredmedia":[{"embeddable":true,"href":"https:\/\/glownaturalliving.com\/de\/wp-json\/wp\/v2\/media\/222084"}],"wp:attachment":[{"href":"https:\/\/glownaturalliving.com\/de\/wp-json\/wp\/v2\/media?parent=222086"}],"wp:term":[{"taxonomy":"product_cat","embeddable":true,"href":"https:\/\/glownaturalliving.com\/de\/wp-json\/wp\/v2\/product_cat?post=222086"},{"taxonomy":"product_tag","embeddable":true,"href":"https:\/\/glownaturalliving.com\/de\/wp-json\/wp\/v2\/product_tag?post=222086"},{"taxonomy":"berocket_brand","embeddable":true,"href":"https:\/\/glownaturalliving.com\/de\/wp-json\/wp\/v2\/berocket_brand?post=222086"}],"curies":[{"name":"wp","href":"https:\/\/api.w.org\/{rel}","templated":true}]}}