{"id":222200,"date":"2025-01-15T15:06:20","date_gmt":"2025-01-15T14:06:20","guid":{"rendered":"https:\/\/glownaturalliving.com\/winkel\/unkategorisiert\/rvs-lunchbox-5-compartimenten\/"},"modified":"2025-09-15T22:11:24","modified_gmt":"2025-09-15T21:11:24","slug":"rvs-lunchbox-5-compartimenten","status":"publish","type":"product","link":"https:\/\/glownaturalliving.com\/de\/winkel\/wohnen-de\/essen-trinken\/rvs-lunchbox-5-compartimenten\/","title":{"rendered":"Brotdose aus Edelstahl mit 5 F\u00e4chern"},"content":{"rendered":"<h4>Brotdose aus Edelstahl mit 5 F\u00e4chern<\/h4>\n<p><strong>Die Haps Box \u2013 Die smarte L\u00f6sung f\u00fcr einfache, nachhaltige Mittagessen<\/strong><\/p>\n<p>Verabschieden Sie sich von zeitraubendem Meal Prep und begr\u00fc\u00dfen Sie die Haps Box! Diese praktische Lunchbox wurde entwickelt, um Ihre Mahlzeiten organisiert, frisch und umweltfreundlich zu halten.  Mit f\u00fcnf separaten F\u00e4chern k\u00f6nnen Sie problemlos verschiedene Gerichte mitnehmen, ohne dass sie durcheinander geraten.<\/p>\n<p><strong>Die Vorteile der Haps Box:<\/strong><\/p>\n<ul>\n<li><strong>Intelligentes und praktisches Design:<\/strong><br \/>\nDie Haps Box verf\u00fcgt \u00fcber ein gro\u00dfes Fach f\u00fcr zum Beispiel ein belegtes Brot, einen Salat oder Reste und vier kleinere F\u00e4cher f\u00fcr Obst, N\u00fcsse, Gem\u00fcse oder auch eine kleine Leckerei. Auf diese Weise k\u00f6nnen Sie Ihr Mittagessen getrennt halten und alles bleibt sch\u00f6n frisch. <\/li>\n<li><strong>Umweltfreundlich und nachhaltig:<\/strong><br \/>\nDie Haps Box hilft Ihnen, Lebensmittelabf\u00e4lle zu reduzieren und reduziert den Einsatz von Einwegplastik, Aluminiumfolie und Lebensmittelverpackungen. Dank der separaten F\u00e4cher k\u00f6nnen Sie alles ordentlich und ohne zus\u00e4tzliche Verpackung mitnehmen. <\/li>\n<li><strong>Herausnehmbarer Silikoneinsatz f\u00fcr extra frische Mahlzeiten:<\/strong><br \/>\nDer Deckel der Haps Box verf\u00fcgt \u00fcber einen cleveren Silikoneinsatz, der f\u00fcr einen luftdichten Verschluss zwischen den F\u00e4chern sorgt. So bleiben Ihre Lebensmittel l\u00e4nger frisch und es wird verhindert, dass sich Aromen vermischen. <\/li>\n<li><strong>F\u00fcr jeden geeignet:<\/strong><br \/>\nEgal, ob Sie ein Mittagessen f\u00fcr Ihre Kinder, sich selbst oder Ihren Partner einpacken, die Haps Box ist perfekt f\u00fcr eine gesunde, abwechslungsreiche Mahlzeit. Die gro\u00dfz\u00fcgige Gr\u00f6\u00dfe bietet gen\u00fcgend Platz, um verschiedene Arten von Speisen mitzunehmen. <\/li>\n<\/ul>\n<p><strong>Langlebig und pflegeleicht:<\/strong><br \/>\nDie Lunchbox ist aus hochwertigem Edelstahl gefertigt, der nicht nur f\u00fcr eine lange Lebensdauer sorgt, sondern auch leicht zu reinigen ist. Sie k\u00f6nnen die Box einfach in die Sp\u00fclmaschine stellen. Vergessen Sie nicht, die Silikoneinlage von Zeit zu Zeit zu entfernen und separat zu reinigen.  <\/p>\n<p><strong>Produkt:<\/strong><\/p>\n<ul>\n<li><strong>Farbe:<\/strong> Stahl<\/li>\n<li><strong>Material:<\/strong> Edelstahl<\/li>\n<li><strong>Ma\u00dfe:<\/strong> 26 cm (B) x 19 cm (T) x 5 cm (H)<\/li>\n<li><strong>Waschm\u00f6glichkeiten:<\/strong> Sp\u00fclmaschinenfest (nicht mikrowellengeeignet)<\/li>\n<\/ul>\n<p><strong>Warum die Haps Lunchbox w\u00e4hlen?<\/strong><\/p>\n<ul>\n<li><strong>Nachhaltig und umweltfreundlich,<\/strong> ohne Plastik oder Einwegverpackungen.<\/li>\n<li><strong>Genug Platz f\u00fcr ein abwechslungsreiches Mittagessen<\/strong> , das Ihnen Energie gibt.<\/li>\n<li><strong>Leicht zu reinigen<\/strong> und f\u00fcr den t\u00e4glichen Gebrauch geeignet.<\/li>\n<li><strong>F\u00fcr Jung und Alt<\/strong> eine ideale Lunchbox f\u00fcr eine gesunde, kreative Mahlzeit.<\/li>\n<\/ul>\n<p>Mit der Haps Box kannst du die Zubereitung von Mahlzeiten einfach und nachhaltig gestalten. Bestellen Sie jetzt und genie\u00dfen Sie jeden Tag ein frisches, abfallfreies Mittagessen! <\/p>\n<ul>\n<li><strong>Farbe:<\/strong> Stahl<\/li>\n<li><strong>Material:<\/strong> Premium-Edelstahl<\/li>\n<li><strong>Abmessungen:<\/strong> 26 cm (B) x 19 cm (T) x 5 cm (H)<\/li>\n<li><strong>Waschm\u00f6glichkeiten:<\/strong> Sp\u00fclmaschinenfest (nicht f\u00fcr die Mikrowelle geeignet)<\/li>\n<\/ul>\n<p>Gestalten Sie Ihre Meal Prep m\u00fchelos und nachhaltig mit der Haps Box. Kaufen Sie jetzt ein und genie\u00dfen Sie jeden Tag ein frisches, abfallfreies Mittagessen! <\/p>\n<p>&nbsp;<\/p>\n<h4>\u00dcber Haps Nordic<\/h4>\n<p>Haps Nordic ist eine d\u00e4nische Marke, die sich auf die Entwicklung wiederverwendbarer und funktionaler Produkte f\u00fcr den t\u00e4glichen Gebrauch konzentriert. Mit dem Schwerpunkt auf skandinavischem Design und Zweckm\u00e4\u00dfigkeit bietet Haps Nordic eine vielf\u00e4ltige Palette von Produkten, die den Alltag erleichtern. <\/p>\n","protected":false},"excerpt":{"rendered":"<p>Verabschieden Sie sich von zeitraubendem Meal Prep und begr\u00fc\u00dfen Sie die Haps Box! Diese praktische Lunchbox wurde entwickelt, um Ihre Mahlzeiten organisiert, frisch und umweltfreundlich zu halten. <\/p>\n","protected":false},"featured_media":222195,"comment_status":"open","ping_status":"closed","template":"","meta":{"_acf_changed":false},"product_cat":[4604,9384,8681,8509],"product_tag":[],"berocket_brand":[10092],"class_list":["post-222200","product","type-product","status-publish","has-post-thumbnail","hentry","product_cat-neu","product_cat-wohnen-de","product_cat-unterwegs","product_cat-essen-trinken","product_shipping_class-pakket-de","berocket_brand-haps-nordic-de"],"acf":[],"aioseo_notices":[],"_links":{"self":[{"href":"https:\/\/glownaturalliving.com\/de\/wp-json\/wp\/v2\/product\/222200","targetHints":{"allow":["GET"]}}],"collection":[{"href":"https:\/\/glownaturalliving.com\/de\/wp-json\/wp\/v2\/product"}],"about":[{"href":"https:\/\/glownaturalliving.com\/de\/wp-json\/wp\/v2\/types\/product"}],"replies":[{"embeddable":true,"href":"https:\/\/glownaturalliving.com\/de\/wp-json\/wp\/v2\/comments?post=222200"}],"wp:featuredmedia":[{"embeddable":true,"href":"https:\/\/glownaturalliving.com\/de\/wp-json\/wp\/v2\/media\/222195"}],"wp:attachment":[{"href":"https:\/\/glownaturalliving.com\/de\/wp-json\/wp\/v2\/media?parent=222200"}],"wp:term":[{"taxonomy":"product_cat","embeddable":true,"href":"https:\/\/glownaturalliving.com\/de\/wp-json\/wp\/v2\/product_cat?post=222200"},{"taxonomy":"product_tag","embeddable":true,"href":"https:\/\/glownaturalliving.com\/de\/wp-json\/wp\/v2\/product_tag?post=222200"},{"taxonomy":"berocket_brand","embeddable":true,"href":"https:\/\/glownaturalliving.com\/de\/wp-json\/wp\/v2\/berocket_brand?post=222200"}],"curies":[{"name":"wp","href":"https:\/\/api.w.org\/{rel}","templated":true}]}}