{"id":222253,"date":"2025-01-27T12:37:11","date_gmt":"2025-01-27T11:37:11","guid":{"rendered":"https:\/\/glownaturalliving.com\/?post_type=product&#038;p=222253"},"modified":"2025-01-27T12:58:14","modified_gmt":"2025-01-27T11:58:14","slug":"ultra-geconcentreerd-ecologisch-waspoeder-800-gr","status":"publish","type":"product","link":"https:\/\/glownaturalliving.com\/de\/winkel\/wohnen-de\/reinigen\/ultra-geconcentreerd-ecologisch-waspoeder-800-gr\/","title":{"rendered":"Ultrakonzentriertes \u00f6kologisches Waschpulver 800 gr"},"content":{"rendered":"<section class=\"elementor-section elementor-top-section elementor-element elementor-element-d49528d elementor-section-boxed elementor-section-height-default elementor-section-height-default\" data-id=\"d49528d\" data-element_type=\"section\">\n<div class=\"elementor-container elementor-column-gap-default\">\n<div class=\"elementor-row\">\n<div class=\"elementor-column elementor-col-66 elementor-top-column elementor-element elementor-element-2f3c9a0\" data-id=\"2f3c9a0\" data-element_type=\"column\">\n<div class=\"elementor-column-wrap elementor-element-populated\">\n<div class=\"elementor-widget-wrap\">\n<div class=\"elementor-element elementor-element-3547767 elementor-widget elementor-widget-text-editor\" data-id=\"3547767\" data-element_type=\"widget\" data-widget_type=\"text-editor.default\">\n<div class=\"elementor-widget-container\">\n<div class=\"elementor-text-editor elementor-clearfix\">\n<p><strong>\u00d6kologisches Waschmittel \u2013 100% biologisch &amp; hochkonzentriert<\/strong><\/p>\n<p>Dieses \u00f6kologische Waschmittel besteht aus einer leistungsstarken Kombination aus Seife und Soda. Die Seife wird zu 100 % aus biologischen, franz\u00f6sischen Pflanzen\u00f6len hergestellt, was sie ideal f\u00fcr eine umweltfreundliche W\u00e4sche macht. Das Reinigungsmittel ist hochkonzentriert: Nur 10 Gramm pro Waschgang reichen f\u00fcr eine effektive Reinigung aus. Es funktioniert hervorragend bei niedrigen Temperaturen, sodass Sie auf niedriger Stufe waschen und Energie sparen k\u00f6nnen.   <\/p>\n<p><strong>Eigenschaften:<\/strong><\/p>\n<ul>\n<li><strong>100% Bio-Seife<\/strong>: hergestellt aus pflanzlichen \u00d6len, vollst\u00e4ndig biologisch und aus Frankreich bezogen.<\/li>\n<li><strong>Ultra-konzentriert<\/strong>: nur 10 g pro W\u00e4sche erforderlich.<\/li>\n<li><strong>Geeignet f\u00fcr niedrige Temperaturen<\/strong>: ideal f\u00fcr energieeffizientes Waschen.<\/li>\n<li><strong>Ohne Parf\u00fcm oder synthetische Zus\u00e4tze<\/strong>: keine Allergene, optisches Azurblau oder andere Chemikalien.<\/li>\n<li><strong>Handwaschbar<\/strong>: auch f\u00fcr die Handw\u00e4sche geeignet.<\/li>\n<\/ul>\n<p><strong>\u00d6kologische Vorteile:<\/strong><\/p>\n<ul>\n<li>Hergestellt aus lokalen (franz\u00f6sischen), biologischen und pflanzlichen Inhaltsstoffen.<\/li>\n<li><strong>Palm\u00f6lfrei<\/strong>: Nachhaltig und tierfreundlich.<\/li>\n<li><strong>ECOCERT-zertifiziert<\/strong>: Dieses Waschmittel erf\u00fcllt die strengen Anforderungen des ECOCERT-Standards, der von Ecocert Greenlife zertifiziert wurde.<\/li>\n<\/ul>\n<p><strong>Verwendung &amp; Tipps:<\/strong><\/p>\n<ol>\n<li>Geben Sie 10 g Waschpulver (ca. 1 Essl\u00f6ffel) in das Waschfach Ihrer Waschmaschine.<\/li>\n<li>Bei hartn\u00e4ckigem Schmutz k\u00f6nnen Sie 1 bis 2 Essl\u00f6ffel Sesquicarbonat oder Perkarbonat f\u00fcr eine zus\u00e4tzliche Reinigung hinzuf\u00fcgen, insbesondere bei wei\u00dfer W\u00e4sche.<\/li>\n<li>Bei hartem Wasser k\u00f6nnen Sie 1 Glas Essig hinzuf\u00fcgen, um das Wachs weicher zu machen und Kalkablagerungen zu vermeiden.<\/li>\n<\/ol>\n<p><strong>Warum sollten Sie sich f\u00fcr dieses \u00f6kologische Waschmittel entscheiden?<\/strong><\/p>\n<ul>\n<li><strong>Nachhaltig und umweltfreundlich<\/strong>: Eine nat\u00fcrliche Wahl, die zu einer saubereren Umwelt beitr\u00e4gt.<\/li>\n<li><strong>Ohne unn\u00f6tige Zusatzstoffe<\/strong>: Perfekt f\u00fcr empfindliche Hauttypen und Allergien.<\/li>\n<li><strong>Kostenersparnis<\/strong>: Durch die Konzentration ben\u00f6tigen Sie viel weniger Waschmittel pro W\u00e4sche.<\/li>\n<\/ul>\n<p>Machen Sie Ihre W\u00e4schen \u00f6kologischer und nachhaltiger mit diesem biologischen franz\u00f6sischen Waschmittel!<\/p>\n<\/div>\n<\/div>\n<\/div>\n<\/div>\n<\/div>\n<\/div>\n<\/div>\n<\/div>\n<\/section>\n<section class=\"elementor-section elementor-top-section elementor-element elementor-element-b6a5f29 elementor-section-boxed elementor-section-height-default elementor-section-height-default\" data-id=\"b6a5f29\" data-element_type=\"section\">\n<div class=\"elementor-container elementor-column-gap-default\">\n<div class=\"elementor-row\">\n<div class=\"elementor-column elementor-col-66 elementor-top-column elementor-element elementor-element-f60a2ea\" data-id=\"f60a2ea\" data-element_type=\"column\">\n<div class=\"elementor-column-wrap elementor-element-populated\">\n<div class=\"elementor-widget-wrap\">\n<div class=\"elementor-element elementor-element-f8d6528 elementor-widget elementor-widget-text-editor\" data-id=\"f8d6528\" data-element_type=\"widget\" data-widget_type=\"text-editor.default\">\n<div class=\"elementor-widget-container\">\n<div class=\"elementor-text-editor elementor-clearfix\">\n<p class=\"qc383m4 qc383m18 qc383m1b qc383m1i qc383m1q qc383m1u qc383m5\"><strong>\u00dcber La Droguerie Ecologique<\/strong><\/p>\n<p class=\"_1lb9jjd7b _1lb9jjd3u _1lb9jjd62\">Als Pionier in Sachen DIY (Do It Yourself) und Naturdrogerie lautet unser Motto seit \u00fcber 20 Jahren &#8222;Make your own cleaning products&#8220;. F\u00fcr das Haus, die Werkstatt, den Garten&#8230; Wir entwickeln \u00f6kologische, smarte, n\u00fctzliche, konzentrierte (oder wasserfreie), multifunktionale und \u00f6konomische Produkte. Unsere Produkte werden in Frankreich oder Westeuropa aus nat\u00fcrlichen, mineralischen oder pflanzlichen Rohstoffen mit einem Maximum an biologischen Zutaten und einem Minimum an Energie hergestellt, um unsere Umwelt zu sch\u00fctzen. Unsere minimalistische und plastikfreie Verpackung ist zudem darauf ausgelegt, die nat\u00fcrlichen Ressourcen zu schonen.   <\/p>\n<\/div>\n<\/div>\n<\/div>\n<\/div>\n<\/div>\n<\/div>\n<\/div>\n<\/div>\n<\/section>\n","protected":false},"excerpt":{"rendered":"<p>Dieses \u00f6kologische Waschmittel besteht aus einer leistungsstarken Kombination aus Seife und Soda. Die Seife wird aus 100% biologischen, franz\u00f6sischen Pflanzen\u00f6len hergestellt. Ideal f\u00fcr eine umweltfreundliche W\u00e4sche.  <\/p>\n","protected":false},"featured_media":222257,"comment_status":"open","ping_status":"closed","template":"","meta":{"_acf_changed":false},"product_cat":[9713,4604,9384],"product_tag":[],"berocket_brand":[10094],"class_list":["post-222253","product","type-product","status-publish","has-post-thumbnail","hentry","product_cat-reinigen","product_cat-neu","product_cat-wohnen-de","product_shipping_class-pakket-de","berocket_brand-la-drogerie-ecologiue-de"],"acf":[],"aioseo_notices":[],"_links":{"self":[{"href":"https:\/\/glownaturalliving.com\/de\/wp-json\/wp\/v2\/product\/222253","targetHints":{"allow":["GET"]}}],"collection":[{"href":"https:\/\/glownaturalliving.com\/de\/wp-json\/wp\/v2\/product"}],"about":[{"href":"https:\/\/glownaturalliving.com\/de\/wp-json\/wp\/v2\/types\/product"}],"replies":[{"embeddable":true,"href":"https:\/\/glownaturalliving.com\/de\/wp-json\/wp\/v2\/comments?post=222253"}],"wp:featuredmedia":[{"embeddable":true,"href":"https:\/\/glownaturalliving.com\/de\/wp-json\/wp\/v2\/media\/222257"}],"wp:attachment":[{"href":"https:\/\/glownaturalliving.com\/de\/wp-json\/wp\/v2\/media?parent=222253"}],"wp:term":[{"taxonomy":"product_cat","embeddable":true,"href":"https:\/\/glownaturalliving.com\/de\/wp-json\/wp\/v2\/product_cat?post=222253"},{"taxonomy":"product_tag","embeddable":true,"href":"https:\/\/glownaturalliving.com\/de\/wp-json\/wp\/v2\/product_tag?post=222253"},{"taxonomy":"berocket_brand","embeddable":true,"href":"https:\/\/glownaturalliving.com\/de\/wp-json\/wp\/v2\/berocket_brand?post=222253"}],"curies":[{"name":"wp","href":"https:\/\/api.w.org\/{rel}","templated":true}]}}