{"id":222264,"date":"2025-01-27T13:15:55","date_gmt":"2025-01-27T12:15:55","guid":{"rendered":"https:\/\/glownaturalliving.com\/?post_type=product&#038;p=222264"},"modified":"2025-04-23T13:40:38","modified_gmt":"2025-04-23T12:40:38","slug":"amberkleurige-glazen-sprayfles-500-ml","status":"publish","type":"product","link":"https:\/\/glownaturalliving.com\/de\/winkel\/wohnen-de\/reinigen\/amberkleurige-glazen-sprayfles-500-ml\/","title":{"rendered":"Braunglas-Spr\u00fchflasche 500 ml"},"content":{"rendered":"<section class=\"elementor-section elementor-top-section elementor-element elementor-element-d49528d elementor-section-boxed elementor-section-height-default elementor-section-height-default\" data-id=\"d49528d\" data-element_type=\"section\">\n<div class=\"elementor-container elementor-column-gap-default\">\n<div class=\"elementor-row\">\n<div class=\"elementor-column elementor-col-66 elementor-top-column elementor-element elementor-element-2f3c9a0\" data-id=\"2f3c9a0\" data-element_type=\"column\">\n<div class=\"elementor-column-wrap elementor-element-populated\">\n<div class=\"elementor-widget-wrap\">\n<div class=\"elementor-element elementor-element-3547767 elementor-widget elementor-widget-text-editor\" data-id=\"3547767\" data-element_type=\"widget\" data-widget_type=\"text-editor.default\">\n<div class=\"elementor-widget-container\">\n<div class=\"elementor-text-editor elementor-clearfix\">\n<p><strong>Mehrwegflasche 500mL \u2013 Braunglas \u2013 F\u00fcr hausgemachte Reiniger und Pflanzenpflege<\/strong><\/p>\n<p>Diese wiederverwendbare Flasche aus Braunglas eignet sich perfekt f\u00fcr die Herstellung von hausgemachten fl\u00fcssigen Pr\u00e4paraten, wie z. B. Allzweckreiniger (Fenster, M\u00f6bel usw.) oder zum Bespr\u00fchen von Pflanzen mit Wasser.<\/p>\n<p><strong>Hauptmerkmale:<\/strong><\/p>\n<ul>\n<li><strong>Bernsteinfarbenes Glas<\/strong>: Das bernsteinfarbene Glas sch\u00fctzt Ihre Fl\u00fcssigkeiten vor Licht, wodurch die Qualit\u00e4t Ihrer hausgemachten Zubereitungen l\u00e4nger erhalten bleibt.<\/li>\n<li><strong>Kompakt und sto\u00dffest<\/strong>: Diese Flasche ist sowohl robust als auch kompakt, was sie ideal f\u00fcr den t\u00e4glichen Gebrauch und einfach zu verstauen macht.<\/li>\n<li><strong>Sicher und langlebig<\/strong>: Die Pumpe besteht aus Polypropylen, einem recycelbaren Material, das frei von Phthalaten und Bisphenol ist und eine sichere und langlebige Anwendung gew\u00e4hrleistet.<\/li>\n<li><strong>Lebensmittelecht<\/strong>: Die Flasche ist gem\u00e4\u00df der Verordnung (EG) Nr. 1935\/2004 und Nr. 2023\/2006 f\u00fcr den Kontakt mit Lebensmitteln (nur Fl\u00fcssigkeiten) geeignet.<\/li>\n<li><strong>Zero Waste und \u00f6kologisch<\/strong>: Diese Flasche tr\u00e4gt zu einem nachhaltigeren Leben bei, indem sie wiederverwendbar ist und vollst\u00e4ndig vegan und tierversuchsfrei ist.<\/li>\n<li><strong>Made in Europe<\/strong>: Die Flasche wird in Europa mit hochwertigen Materialien und handwerklicher Verarbeitung hergestellt.<\/li>\n<\/ul>\n<p><strong>Abmessungen und Kapazit\u00e4t<\/strong>:<\/p>\n<ul>\n<li>H\u00f6he: 21,7 cm<\/li>\n<li>Durchmesser: 7,5 cm<\/li>\n<li>Kapazit\u00e4t: 500 mL<\/li>\n<\/ul>\n<p><strong>Warum sollten Sie sich f\u00fcr diese wiederverwendbare Flasche entscheiden?<\/strong><\/p>\n<ul>\n<li><strong>Umweltfreundlich<\/strong>: Vermeiden Sie Plastikm\u00fcll und entscheiden Sie sich f\u00fcr eine wiederverwendbare L\u00f6sung.<\/li>\n<li><strong>Vielseitig<\/strong>: perfekt f\u00fcr die Herstellung eigener Reinigungsmittel, handgefertigter Sprays f\u00fcr M\u00f6bel, Fenster oder sogar f\u00fcr die Pflanzenpflege.<\/li>\n<li><strong>Gesund und sicher<\/strong>: Dank der sicheren Materialien k\u00f6nnen Sie die Flasche sicher verwenden, ohne sich um sch\u00e4dliche Substanzen sorgen zu m\u00fcssen.<\/li>\n<\/ul>\n<p>Egal, ob Sie Ihre eigenen nat\u00fcrlichen Reinigungsprodukte herstellen oder nach einer nachhaltigen Art der Pflanzenpflege suchen, diese wiederverwendbare Flasche ist die ideale Wahl f\u00fcr einen umweltfreundlichen Haushalt!<\/p>\n<\/div>\n<\/div>\n<\/div>\n<\/div>\n<\/div>\n<\/div>\n<\/div>\n<\/div>\n<\/section>\n<section class=\"elementor-section elementor-top-section elementor-element elementor-element-b6a5f29 elementor-section-boxed elementor-section-height-default elementor-section-height-default\" data-id=\"b6a5f29\" data-element_type=\"section\">\n<div class=\"elementor-container elementor-column-gap-default\">\n<div class=\"elementor-row\">\n<div class=\"elementor-column elementor-col-66 elementor-top-column elementor-element elementor-element-f60a2ea\" data-id=\"f60a2ea\" data-element_type=\"column\">\n<div class=\"elementor-column-wrap elementor-element-populated\">\n<div class=\"elementor-widget-wrap\">\n<div class=\"elementor-element elementor-element-f8d6528 elementor-widget elementor-widget-text-editor\" data-id=\"f8d6528\" data-element_type=\"widget\" data-widget_type=\"text-editor.default\">\n<div class=\"elementor-widget-container\">\n<div class=\"elementor-text-editor elementor-clearfix\">\n<p class=\"qc383m4 qc383m18 qc383m1b qc383m1i qc383m1q qc383m1u qc383m5\"><strong>\u00dcber La Droguerie Ecologique<\/strong><\/p>\n<p class=\"_1lb9jjd7b _1lb9jjd3u _1lb9jjd62\">Als Pionier in Sachen DIY (Do It Yourself) und Naturdrogerie lautet unser Motto seit \u00fcber 20 Jahren &#8222;Make your own cleaning products&#8220;. F\u00fcr das Haus, die Werkstatt, den Garten&#8230; Wir entwickeln \u00f6kologische, smarte, n\u00fctzliche, konzentrierte (oder wasserfreie), multifunktionale und \u00f6konomische Produkte. Unsere Produkte werden in Frankreich oder Westeuropa aus nat\u00fcrlichen, mineralischen oder pflanzlichen Rohstoffen mit einem Maximum an biologischen Zutaten und einem Minimum an Energie hergestellt, um unsere Umwelt zu sch\u00fctzen. Unsere minimalistische und plastikfreie Verpackung ist zudem darauf ausgelegt, die nat\u00fcrlichen Ressourcen zu schonen.<\/p>\n<\/div>\n<\/div>\n<\/div>\n<\/div>\n<\/div>\n<\/div>\n<\/div>\n<\/div>\n<\/section>\n","protected":false},"excerpt":{"rendered":"<p>Diese wiederverwendbare Flasche aus Braunglas eignet sich perfekt f\u00fcr die Herstellung von hausgemachten fl\u00fcssigen Pr\u00e4paraten, wie z. B. Allzweckreiniger (Fenster, M\u00f6bel usw.) oder zum Bespr\u00fchen von Pflanzen mit Wasser.<\/p>\n","protected":false},"featured_media":222268,"comment_status":"open","ping_status":"closed","template":"","meta":{"_acf_changed":false},"product_cat":[9713,4604,9384],"product_tag":[],"berocket_brand":[10094],"class_list":["post-222264","product","type-product","status-publish","has-post-thumbnail","hentry","product_cat-reinigen","product_cat-neu","product_cat-wohnen-de","product_shipping_class-pakket-de","berocket_brand-la-drogerie-ecologiue-de"],"acf":[],"aioseo_notices":[],"_links":{"self":[{"href":"https:\/\/glownaturalliving.com\/de\/wp-json\/wp\/v2\/product\/222264","targetHints":{"allow":["GET"]}}],"collection":[{"href":"https:\/\/glownaturalliving.com\/de\/wp-json\/wp\/v2\/product"}],"about":[{"href":"https:\/\/glownaturalliving.com\/de\/wp-json\/wp\/v2\/types\/product"}],"replies":[{"embeddable":true,"href":"https:\/\/glownaturalliving.com\/de\/wp-json\/wp\/v2\/comments?post=222264"}],"wp:featuredmedia":[{"embeddable":true,"href":"https:\/\/glownaturalliving.com\/de\/wp-json\/wp\/v2\/media\/222268"}],"wp:attachment":[{"href":"https:\/\/glownaturalliving.com\/de\/wp-json\/wp\/v2\/media?parent=222264"}],"wp:term":[{"taxonomy":"product_cat","embeddable":true,"href":"https:\/\/glownaturalliving.com\/de\/wp-json\/wp\/v2\/product_cat?post=222264"},{"taxonomy":"product_tag","embeddable":true,"href":"https:\/\/glownaturalliving.com\/de\/wp-json\/wp\/v2\/product_tag?post=222264"},{"taxonomy":"berocket_brand","embeddable":true,"href":"https:\/\/glownaturalliving.com\/de\/wp-json\/wp\/v2\/berocket_brand?post=222264"}],"curies":[{"name":"wp","href":"https:\/\/api.w.org\/{rel}","templated":true}]}}