{"id":222276,"date":"2025-01-27T13:39:24","date_gmt":"2025-01-27T12:39:24","guid":{"rendered":"https:\/\/glownaturalliving.com\/?post_type=product&#038;p=222276"},"modified":"2025-01-29T08:55:58","modified_gmt":"2025-01-29T07:55:58","slug":"flessenborstel-kokos","status":"publish","type":"product","link":"https:\/\/glownaturalliving.com\/de\/winkel\/wohnen-de\/reinigen\/flessenborstel-kokos\/","title":{"rendered":"Flaschenb\u00fcrste Kokosnuss"},"content":{"rendered":"<section class=\"elementor-section elementor-top-section elementor-element elementor-element-d49528d elementor-section-boxed elementor-section-height-default elementor-section-height-default\" data-id=\"d49528d\" data-element_type=\"section\">\n<div class=\"elementor-container elementor-column-gap-default\">\n<div class=\"elementor-row\">\n<div class=\"elementor-column elementor-col-66 elementor-top-column elementor-element elementor-element-2f3c9a0\" data-id=\"2f3c9a0\" data-element_type=\"column\">\n<div class=\"elementor-column-wrap elementor-element-populated\">\n<div class=\"elementor-widget-wrap\">\n<div class=\"elementor-element elementor-element-3547767 elementor-widget elementor-widget-text-editor\" data-id=\"3547767\" data-element_type=\"widget\" data-widget_type=\"text-editor.default\">\n<div class=\"elementor-widget-container\">\n<div class=\"elementor-text-editor elementor-clearfix\">\n<p><strong>Langlebige Flaschenb\u00fcrste aus Kokosfaser \u2013 Ideal f\u00fcr Flaschen und Trinkflaschen \u2013 12 cm<\/strong><\/p>\n<p>Diese Flaschenb\u00fcrste aus Kokosfaser ist die perfekte Wahl f\u00fcr die gr\u00fcndliche und umweltfreundliche Reinigung von Flaschen, Trinkflaschen und anderen schwer zug\u00e4nglichen Stellen. Dank der flexiblen und langlebigen Kokosfasern ist diese B\u00fcrste nicht nur effektiv, sondern auch schonend zu Ihren Flaschen und Gl\u00e4sern und verhindert Kratzer. Die abgerundete Spitze erleichtert die Reinigung des Bodens von Gl\u00e4sern und Flaschen.<\/p>\n<p><strong>Hauptmerkmale:<\/strong><\/p>\n<ul>\n<li><strong>Langlebige Kokosfaser<\/strong>: Die Borsten bestehen aus hochwertigen Kokosfasern, die sowohl flexibel als auch besonders langlebig sind, wodurch die B\u00fcrste lange h\u00e4lt.<\/li>\n<li><strong>Weich und kratzfrei<\/strong>: Die B\u00fcrste ist so konzipiert, dass sie auch auf empfindlichen Oberfl\u00e4chen von Flaschen oder Gl\u00e4sern nicht kratzt.<\/li>\n<li><strong>Ideal f\u00fcr schwer zug\u00e4ngliche Stellen<\/strong>: Dank der abgerundeten Spitze k\u00f6nnen Sie den Boden von Flaschen und Gl\u00e4sern auch an den schwierigsten Stellen leicht reinigen.<\/li>\n<li><strong>L\u00e4nge und Abmessungen<\/strong>: Der Kokosfaserteil der B\u00fcrste ist ca. 12 cm lang und 3 cm breit, perfekt zum Reinigen von Flaschen und anderen schmalen Oberfl\u00e4chen.<\/li>\n<li><strong>Ethisch und sozial verantwortlich<\/strong>: Diese Flaschenb\u00fcrste wird in Sri Lanka von einem sozial verantwortlichen Unternehmen mit SA8000-Zertifizierung hergestellt, die garantiert, dass die Produktion hohen sozialen und ethischen Standards entspricht.<\/li>\n<\/ul>\n<p><strong>Warum sollten Sie sich f\u00fcr diese nachhaltige Flaschenb\u00fcrste entscheiden?<\/strong><\/p>\n<ul>\n<li><strong>Umweltfreundlich<\/strong>: Kokosfaser ist ein nat\u00fcrliches und erneuerbares Material, was die B\u00fcrste zu einer umweltfreundlichen Wahl macht.<\/li>\n<li><strong>Langfristige Anwendung<\/strong>: Dank der robusten und flexiblen Fasern h\u00e4lt die B\u00fcrste auch bei intensiver Nutzung lange.<\/li>\n<li><strong>Sicher f\u00fcr Ihre Flaschen<\/strong>: Die B\u00fcrste wurde entwickelt, um Ihre Flaschen und Gl\u00e4ser zu reinigen, ohne sie zu besch\u00e4digen.<\/li>\n<li><strong>Ethische Produktion<\/strong>: hergestellt in Sri Lanka in einem sozial verantwortlichen Unternehmen, das zu fairen Arbeitsbedingungen beitr\u00e4gt.<\/li>\n<\/ul>\n<p>Entscheiden Sie sich f\u00fcr diese Flaschenb\u00fcrste aus Kokosfaser und reinigen Sie Ihre Flaschen und Gl\u00e4ser ganz einfach umweltfreundlich und nachhaltig!<\/p>\n<\/div>\n<\/div>\n<\/div>\n<\/div>\n<\/div>\n<\/div>\n<\/div>\n<\/div>\n<\/section>\n<section class=\"elementor-section elementor-top-section elementor-element elementor-element-b6a5f29 elementor-section-boxed elementor-section-height-default elementor-section-height-default\" data-id=\"b6a5f29\" data-element_type=\"section\">\n<div class=\"elementor-container elementor-column-gap-default\">\n<div class=\"elementor-row\">\n<div class=\"elementor-column elementor-col-66 elementor-top-column elementor-element elementor-element-f60a2ea\" data-id=\"f60a2ea\" data-element_type=\"column\">\n<div class=\"elementor-column-wrap elementor-element-populated\">\n<div class=\"elementor-widget-wrap\">\n<div class=\"elementor-element elementor-element-f8d6528 elementor-widget elementor-widget-text-editor\" data-id=\"f8d6528\" data-element_type=\"widget\" data-widget_type=\"text-editor.default\">\n<div class=\"elementor-widget-container\">\n<div class=\"elementor-text-editor elementor-clearfix\">\n<p class=\"qc383m4 qc383m18 qc383m1b qc383m1i qc383m1q qc383m1u qc383m5\"><strong>\u00dcber La Droguerie Ecologique<\/strong><\/p>\n<p class=\"_1lb9jjd7b _1lb9jjd3u _1lb9jjd62\">Als Pionier in Sachen DIY (Do It Yourself) und Naturdrogerie lautet unser Motto seit \u00fcber 20 Jahren &#8222;Make your own cleaning products&#8220;. F\u00fcr das Haus, die Werkstatt, den Garten&#8230; Wir entwickeln \u00f6kologische, smarte, n\u00fctzliche, konzentrierte (oder wasserfreie), multifunktionale und \u00f6konomische Produkte. Unsere Produkte werden in Frankreich oder Westeuropa aus nat\u00fcrlichen, mineralischen oder pflanzlichen Rohstoffen mit einem Maximum an biologischen Zutaten und einem Minimum an Energie hergestellt, um unsere Umwelt zu sch\u00fctzen. Unsere minimalistische und plastikfreie Verpackung ist zudem darauf ausgelegt, die nat\u00fcrlichen Ressourcen zu schonen.<\/p>\n<\/div>\n<\/div>\n<\/div>\n<\/div>\n<\/div>\n<\/div>\n<\/div>\n<\/div>\n<\/section>\n","protected":false},"excerpt":{"rendered":"<p>Diese Flaschenb\u00fcrste aus Kokosfaser ist die perfekte Wahl f\u00fcr die gr\u00fcndliche und umweltfreundliche Reinigung von Flaschen, Trinkflaschen und anderen schwer zug\u00e4nglichen Stellen.<\/p>\n","protected":false},"featured_media":222280,"comment_status":"open","ping_status":"closed","template":"","meta":{"_acf_changed":false},"product_cat":[9713,4604,9384],"product_tag":[],"berocket_brand":[10094],"class_list":["post-222276","product","type-product","status-publish","has-post-thumbnail","hentry","product_cat-reinigen","product_cat-neu","product_cat-wohnen-de","product_shipping_class-pakket-de","berocket_brand-la-drogerie-ecologiue-de"],"acf":[],"aioseo_notices":[],"_links":{"self":[{"href":"https:\/\/glownaturalliving.com\/de\/wp-json\/wp\/v2\/product\/222276","targetHints":{"allow":["GET"]}}],"collection":[{"href":"https:\/\/glownaturalliving.com\/de\/wp-json\/wp\/v2\/product"}],"about":[{"href":"https:\/\/glownaturalliving.com\/de\/wp-json\/wp\/v2\/types\/product"}],"replies":[{"embeddable":true,"href":"https:\/\/glownaturalliving.com\/de\/wp-json\/wp\/v2\/comments?post=222276"}],"wp:featuredmedia":[{"embeddable":true,"href":"https:\/\/glownaturalliving.com\/de\/wp-json\/wp\/v2\/media\/222280"}],"wp:attachment":[{"href":"https:\/\/glownaturalliving.com\/de\/wp-json\/wp\/v2\/media?parent=222276"}],"wp:term":[{"taxonomy":"product_cat","embeddable":true,"href":"https:\/\/glownaturalliving.com\/de\/wp-json\/wp\/v2\/product_cat?post=222276"},{"taxonomy":"product_tag","embeddable":true,"href":"https:\/\/glownaturalliving.com\/de\/wp-json\/wp\/v2\/product_tag?post=222276"},{"taxonomy":"berocket_brand","embeddable":true,"href":"https:\/\/glownaturalliving.com\/de\/wp-json\/wp\/v2\/berocket_brand?post=222276"}],"curies":[{"name":"wp","href":"https:\/\/api.w.org\/{rel}","templated":true}]}}