{"id":222442,"date":"2025-04-02T15:20:36","date_gmt":"2025-04-02T14:20:36","guid":{"rendered":"https:\/\/glownaturalliving.com\/winkel\/unkategorisiert\/romper-100-biologisch-katoen-rainbow\/"},"modified":"2025-04-02T15:20:36","modified_gmt":"2025-04-02T14:20:36","slug":"romper-100-biologisch-katoen-rainbow","status":"publish","type":"product","link":"https:\/\/glownaturalliving.com\/de\/winkel\/geschenk\/mutterschaftsgeschenk\/romper-100-biologisch-katoen-rainbow\/","title":{"rendered":"Body 100% Bio-Baumwolle \u2013 Rainbow"},"content":{"rendered":"<h4>Body 100% Bio-Baumwolle \u2013 Rainbow<\/h4>\n<p>Strampler aus 100% Bio-Baumwolle mit einem sch\u00f6nen Safari-Print.<\/p>\n<p>Herrlich weich und angenehm<br \/>\nMaterial: 100% Bio-Baumwolle (GOTS)<br \/>\n Bei 30 Grad waschen<\/p>\n<p class=\"\" data-start=\"0\" data-end=\"19\"><strong data-start=\"0\" data-end=\"19\">\u00dcber Snoozebaby<\/strong><\/p>\n<p class=\"\" data-start=\"21\" data-end=\"830\">Snoozebaby ist eine Marke, die sich darauf konzentriert, Produkte zu entwickeln, die sowohl funktional als auch bequem f\u00fcr Ihr Baby sind. Mit dem Fokus auf Qualit\u00e4t, Sicherheit und Nachhaltigkeit bietet Snoozebaby eine Reihe von Pflege- und Schlafprodukten an, die Eltern das Leben erleichtern. Jedes Produkt wurde mit Blick auf das Wohlbefinden Ihres Babys entwickelt und besteht aus den weichsten Stoffen wie Bio-Baumwolle, um die empfindliche Haut Ihres Kindes zu sch\u00fctzen. Snoozebaby ist bestrebt, Eltern mit intelligenten, praktischen und stilvollen L\u00f6sungen zu unterst\u00fctzen, damit sowohl Babys als auch Eltern einen ruhigen und komfortablen Schlaf genie\u00dfen k\u00f6nnen. Mit Produkten, die den h\u00f6chsten Qualit\u00e4ts- und Sicherheitsstandards entsprechen, ist Snoozebaby eine Marke, der Sie bei der Pflege Ihres Babys vertrauen k\u00f6nnen.    <\/p>\n","protected":false},"excerpt":{"rendered":"<p>Strampler aus 100% Bio-Baumwolle mit einem sch\u00f6nen Safari-Print.<\/p>\n","protected":false},"featured_media":222441,"comment_status":"open","ping_status":"closed","template":"","meta":{"_acf_changed":false},"product_cat":[9987,9988,8514,8984,8683],"product_tag":[],"berocket_brand":[9419],"class_list":["post-222442","product","type-product","status-publish","has-post-thumbnail","hentry","product_cat-geschenk","product_cat-mutterschaftsgeschenk","product_cat-kinderkleidung","product_cat-mini-baby-strampler","product_cat-angebot","product_shipping_class-pakket-de","berocket_brand-snoozebaby-de-2"],"acf":[],"aioseo_notices":[],"_links":{"self":[{"href":"https:\/\/glownaturalliving.com\/de\/wp-json\/wp\/v2\/product\/222442","targetHints":{"allow":["GET"]}}],"collection":[{"href":"https:\/\/glownaturalliving.com\/de\/wp-json\/wp\/v2\/product"}],"about":[{"href":"https:\/\/glownaturalliving.com\/de\/wp-json\/wp\/v2\/types\/product"}],"replies":[{"embeddable":true,"href":"https:\/\/glownaturalliving.com\/de\/wp-json\/wp\/v2\/comments?post=222442"}],"wp:featuredmedia":[{"embeddable":true,"href":"https:\/\/glownaturalliving.com\/de\/wp-json\/wp\/v2\/media\/222441"}],"wp:attachment":[{"href":"https:\/\/glownaturalliving.com\/de\/wp-json\/wp\/v2\/media?parent=222442"}],"wp:term":[{"taxonomy":"product_cat","embeddable":true,"href":"https:\/\/glownaturalliving.com\/de\/wp-json\/wp\/v2\/product_cat?post=222442"},{"taxonomy":"product_tag","embeddable":true,"href":"https:\/\/glownaturalliving.com\/de\/wp-json\/wp\/v2\/product_tag?post=222442"},{"taxonomy":"berocket_brand","embeddable":true,"href":"https:\/\/glownaturalliving.com\/de\/wp-json\/wp\/v2\/berocket_brand?post=222442"}],"curies":[{"name":"wp","href":"https:\/\/api.w.org\/{rel}","templated":true}]}}