{"id":222464,"date":"2025-04-03T11:40:43","date_gmt":"2025-04-03T10:40:43","guid":{"rendered":"https:\/\/glownaturalliving.com\/winkel\/unkategorisiert\/knuffel-eend-diddy-biologisch-katoen\/"},"modified":"2026-01-20T21:20:13","modified_gmt":"2026-01-20T20:20:13","slug":"knuffel-eend-diddy-biologisch-katoen","status":"publish","type":"product","link":"https:\/\/glownaturalliving.com\/de\/winkel\/geschenk\/mutterschaftsgeschenk\/knuffel-eend-diddy-biologisch-katoen\/","title":{"rendered":"Kuschelige Ente Diddy Bio-Baumwolle"},"content":{"rendered":"<p class=\"\" data-start=\"0\" data-end=\"439\"><strong data-start=\"0\" data-end=\"54\">Snoozebaby Kuschelente &#8222;Diddy&#8220; \u2013 Bio-Baumwolle<\/strong><\/p>\n<p class=\"\" data-start=\"0\" data-end=\"439\">Lassen Sie Ihr Kind endlosen Kuschelspa\u00df genie\u00dfen mit der <strong data-start=\"117\" data-end=\"150\">Snoozebaby Kuschelente Diddy<\/strong>! Diese s\u00fc\u00dfe Ente ist <strong data-start=\"175\" data-end=\"190\">20 cm gro\u00df<\/strong> und aus <strong data-start=\"206\" data-end=\"228\">ultraweichem Pl\u00fcsch<\/strong>, hergestellt aus bester <strong>Bio-Baumwolle<\/strong>. Diddy ist nicht nur superweich, sondern auch <strong data-start=\"308\" data-end=\"343\">mit verspielten Etiketten<\/strong> in verschiedenen Gr\u00f6\u00dfen und Materialien ausgestattet, perfekt f\u00fcr Ihr Baby zum Entdecken und Spielen. <\/p>\n<p class=\"\" data-start=\"441\" data-end=\"817\">Die Etiketten bieten <strong data-start=\"461\" data-end=\"488\">Komfort und Sicherheit<\/strong>, was eine beruhigende Wirkung auf Ihr Kind hat und dazu beitr\u00e4gt, eine angenehme Zone zu schaffen. Dar\u00fcber hinaus tragen sie zur <strong data-start=\"622\" data-end=\"660\">Entwicklung der Feinmotorik<\/strong> bei, denn Ihr Kind kann sie begreifen, f\u00fchlen und entdecken. Das Kuscheltier ist <strong data-start=\"734\" data-end=\"753\">bei 30\u00b0C waschbar<\/strong>, so bleibt es f\u00fcr Ihr Kleines immer sauber und hygienisch.  <\/p>\n<p class=\"\" data-start=\"819\" data-end=\"918\">Diddy ist f\u00fcr Kinder <strong data-start=\"851\" data-end=\"870\">ab 0 Monaten<\/strong> geeignet und ist ein ideales Geschenk f\u00fcr die Kleinen!<\/p>\n<p class=\"\" data-start=\"920\" data-end=\"943\"><strong data-start=\"920\" data-end=\"941\">Produktmerkmale:<\/strong><\/p>\n<ul data-start=\"944\" data-end=\"1347\">\n<li class=\"\" data-start=\"944\" data-end=\"1023\">\n<p class=\"\" data-start=\"946\" data-end=\"1023\"><strong data-start=\"946\" data-end=\"960\">Material:<\/strong> 100% Bio-Baumwolle, F\u00fcllung aus 100% recyceltem Polyester<\/p>\n<\/li>\n<li class=\"\" data-start=\"1024\" data-end=\"1074\">\n<p class=\"\" data-start=\"1026\" data-end=\"1074\"><strong data-start=\"1026\" data-end=\"1039\">Gr\u00f6\u00dfe:<\/strong> 20 cm (ohne Beine)<\/p>\n<\/li>\n<li class=\"\" data-start=\"1075\" data-end=\"1117\">\n<p class=\"\" data-start=\"1077\" data-end=\"1117\"><strong data-start=\"1077\" data-end=\"1090\">Alter:<\/strong> Geeignet ab 0 Monaten<\/p>\n<\/li>\n<li class=\"\" data-start=\"1118\" data-end=\"1146\">\n<p class=\"\" data-start=\"1120\" data-end=\"1146\"><strong data-start=\"1120\" data-end=\"1132\">Waschbar:<\/strong> Ja, bei 30\u00b0C<\/p>\n<\/li>\n<li class=\"\" data-start=\"1147\" data-end=\"1240\">\n<p class=\"\" data-start=\"1149\" data-end=\"1240\"><strong data-start=\"1149\" data-end=\"1167\">Zertifizierung:<\/strong> Hergestellt aus <strong>Bio-Baumwolle<\/strong>, sanft zur Haut Ihres Babys<\/p>\n<\/li>\n<li class=\"\" data-start=\"1241\" data-end=\"1347\">\n<p class=\"\" data-start=\"1243\" data-end=\"1347\"><strong data-start=\"1243\" data-end=\"1256\">Funktionen:<\/strong> Verspielte Etiketten f\u00fcr zus\u00e4tzliche sensorische Stimulation und Entwicklung der Feinmotorik<\/p>\n<\/li>\n<\/ul>\n<p class=\"\" data-start=\"1349\" data-end=\"1409\"><strong data-start=\"1349\" data-end=\"1407\">Warum sollten Sie sich f\u00fcr die Snoozebaby Kuschelente &#8222;Diddy&#8220; entscheiden?<\/strong><\/p>\n<ul data-start=\"1410\" data-end=\"1701\">\n<li class=\"\" data-start=\"1410\" data-end=\"1479\">\n<p class=\"\" data-start=\"1412\" data-end=\"1479\"><strong data-start=\"1412\" data-end=\"1436\">Weich und bequem<\/strong> dank der Verwendung von Bio-Baumwolle<\/p>\n<\/li>\n<li class=\"\" data-start=\"1480\" data-end=\"1540\">\n<p class=\"\" data-start=\"1482\" data-end=\"1540\"><strong data-start=\"1482\" data-end=\"1512\">Entwicklung der Feinmotorik<\/strong> durch die spielerischen Labels<\/p>\n<\/li>\n<li class=\"\" data-start=\"1541\" data-end=\"1630\">\n<p class=\"\" data-start=\"1543\" data-end=\"1630\"><strong data-start=\"1543\" data-end=\"1563\">Beruhigende Wirkung<\/strong> durch die Etiketten, die ein Gef\u00fchl von Ruhe und Geborgenheit vermitteln<\/p>\n<\/li>\n<li class=\"\" data-start=\"1631\" data-end=\"1701\">\n<p class=\"\" data-start=\"1633\" data-end=\"1701\"><strong data-start=\"1633\" data-end=\"1661\">Pflegeleicht<\/strong>: waschbar bei 30\u00b0C f\u00fcr eine langanhaltende Nutzung<\/p>\n<\/li>\n<\/ul>\n<p>&nbsp;<\/p>\n<p class=\"\" data-start=\"0\" data-end=\"19\"><strong data-start=\"0\" data-end=\"19\">\u00dcber Snoozebaby<\/strong><\/p>\n<p class=\"\" data-start=\"21\" data-end=\"830\">Snoozebaby ist eine Marke, die sich darauf konzentriert, Produkte zu entwickeln, die sowohl funktional als auch bequem f\u00fcr Ihr Baby sind. Mit dem Fokus auf Qualit\u00e4t, Sicherheit und Nachhaltigkeit bietet Snoozebaby eine Reihe von Pflege- und Schlafprodukten an, die Eltern das Leben erleichtern. Jedes Produkt wurde mit Blick auf das Wohlbefinden Ihres Babys entwickelt und besteht aus den weichsten Stoffen wie Bio-Baumwolle, um die empfindliche Haut Ihres Kindes zu sch\u00fctzen. Snoozebaby ist bestrebt, Eltern mit intelligenten, praktischen und stilvollen L\u00f6sungen zu unterst\u00fctzen, damit sowohl Babys als auch Eltern einen ruhigen und komfortablen Schlaf genie\u00dfen k\u00f6nnen. Mit Produkten, die den h\u00f6chsten Qualit\u00e4ts- und Sicherheitsstandards entsprechen, ist Snoozebaby eine Marke, der Sie bei der Pflege Ihres Babys vertrauen k\u00f6nnen.    <\/p>\n<p data-start=\"1418\" data-end=\"1625\">\n","protected":false},"excerpt":{"rendered":"<p>Lassen Sie Ihr Kind endlosen Kuschelspa\u00df genie\u00dfen mit der <strong data-start=\"117\" data-end=\"150\">Snoozebaby Kuschelente Diddy<\/strong>!<\/p>\n","protected":false},"featured_media":222462,"comment_status":"open","ping_status":"closed","template":"","meta":{"_acf_changed":false},"product_cat":[9987,9988,9384,8675,8683],"product_tag":[],"berocket_brand":[9419],"class_list":["post-222464","product","type-product","status-publish","has-post-thumbnail","hentry","product_cat-geschenk","product_cat-mutterschaftsgeschenk","product_cat-wohnen-de","product_cat-spielzeuge","product_cat-angebot","product_shipping_class-pakket-de","berocket_brand-snoozebaby-de-2"],"acf":[],"aioseo_notices":[],"_links":{"self":[{"href":"https:\/\/glownaturalliving.com\/de\/wp-json\/wp\/v2\/product\/222464","targetHints":{"allow":["GET"]}}],"collection":[{"href":"https:\/\/glownaturalliving.com\/de\/wp-json\/wp\/v2\/product"}],"about":[{"href":"https:\/\/glownaturalliving.com\/de\/wp-json\/wp\/v2\/types\/product"}],"replies":[{"embeddable":true,"href":"https:\/\/glownaturalliving.com\/de\/wp-json\/wp\/v2\/comments?post=222464"}],"wp:featuredmedia":[{"embeddable":true,"href":"https:\/\/glownaturalliving.com\/de\/wp-json\/wp\/v2\/media\/222462"}],"wp:attachment":[{"href":"https:\/\/glownaturalliving.com\/de\/wp-json\/wp\/v2\/media?parent=222464"}],"wp:term":[{"taxonomy":"product_cat","embeddable":true,"href":"https:\/\/glownaturalliving.com\/de\/wp-json\/wp\/v2\/product_cat?post=222464"},{"taxonomy":"product_tag","embeddable":true,"href":"https:\/\/glownaturalliving.com\/de\/wp-json\/wp\/v2\/product_tag?post=222464"},{"taxonomy":"berocket_brand","embeddable":true,"href":"https:\/\/glownaturalliving.com\/de\/wp-json\/wp\/v2\/berocket_brand?post=222464"}],"curies":[{"name":"wp","href":"https:\/\/api.w.org\/{rel}","templated":true}]}}