{"id":222474,"date":"2025-04-03T11:50:47","date_gmt":"2025-04-03T10:50:47","guid":{"rendered":"https:\/\/glownaturalliving.com\/winkel\/unkategorisiert\/knuffel-beer-bobby-rammelaar\/"},"modified":"2025-04-03T11:57:14","modified_gmt":"2025-04-03T10:57:14","slug":"knuffel-beer-bobby-rammelaar","status":"publish","type":"product","link":"https:\/\/glownaturalliving.com\/de\/winkel\/geschenk\/mutterschaftsgeschenk\/knuffel-beer-bobby-rammelaar\/","title":{"rendered":"Kuschelb\u00e4r Bobby (Rassel)"},"content":{"rendered":"<p class=\"\" data-start=\"0\" data-end=\"539\"><strong data-start=\"0\" data-end=\"79\">Snoozebaby Teddyb\u00e4r Bobby B\u00e4r \u2013 Stein Beige<\/strong><\/p>\n<p class=\"\" data-start=\"0\" data-end=\"539\"><br data-start=\"79\" data-end=\"82\">Lernen Sie <strong data-start=\"98\" data-end=\"112\">Bobby Bear<\/strong> kennen, den <strong data-start=\"118\" data-end=\"146\">entz\u00fcckenden Kuschelb\u00e4ren<\/strong> von Snoozebaby, der entworfen wurde, um Ihr Kind mit <strong data-start=\"203\" data-end=\"219\">ultraweichen<\/strong> Streicheleinheiten und <strong data-start=\"232\" data-end=\"248\">viel Spa\u00df<\/strong> zu umarmen. Das <strong data-start=\"254\" data-end=\"269\">steinbeige<\/strong> Design verleiht Bobby einen zeitlosen Look, w\u00e4hrend sein <strong data-start=\"329\" data-end=\"345\">gro\u00dfer Bauch<\/strong> und sein niedliches Gl\u00f6ckchen f\u00fcr zus\u00e4tzliche Verspieltheit sorgen. Dieser Teddyb\u00e4r wird in der T\u00fcrkei aus <strong data-start=\"451\" data-end=\"504\">100 % \u00d6ko-Tex-zertifiziertem recyceltem Polyester<\/strong> <strong data-start=\"420\" data-end=\"435\" data-is-only-node=\"\">handgefertigt<\/strong>, mit <strong data-start=\"510\" data-end=\"538\">R\u00fccksicht auf Mensch und Umwelt<\/strong>.  <\/p>\n<p class=\"\" data-start=\"541\" data-end=\"1206\">Bobby Bear ist nicht nur ein s\u00fc\u00dfer und weicher Kuschelkumpel, sondern seine <strong data-start=\"610\" data-end=\"620\">Etiketten<\/strong> eignen sich perfekt f\u00fcr Ihr Kind zum Zappeln und tragen zur <strong data-start=\"691\" data-end=\"729\">Entwicklung der Feinmotorik<\/strong> und <strong data-start=\"737\" data-end=\"760\">des Tastsinns<\/strong> bei. Die <strong data-start=\"766\" data-end=\"778\">Glocke<\/strong> sorgt f\u00fcr zus\u00e4tzliche sensorische Stimulation und das weiche Material macht Bobby Bear zum idealen Freund f\u00fcr die Kleinen. Zus\u00e4tzlich bietet das <strong data-start=\"925\" data-end=\"953\">Kuschelhormon Oxytocin<\/strong> Ihrem Kind ein <strong data-start=\"968\" data-end=\"1006\">Gef\u00fchl von Geborgenheit und Geborgenheit<\/strong>. Wussten Sie, dass das Kuscheln mit diesem B\u00e4ren Stress und \u00c4ngste in nur <strong data-start=\"1061\" data-end=\"1075\">7 Sekunden<\/strong> reduzieren kann? Und weil Ihr Kind l\u00e4nger kuscheln kann, k\u00f6nnen Sie sich darauf verlassen, wie viel Liebe und Ruhe es bekommt!    <\/p>\n<p class=\"\" data-start=\"1208\" data-end=\"1419\">Bobby Bear ist <strong data-start=\"1222\" data-end=\"1241\">bei 30\u00b0C waschbar<\/strong> und pflegeleicht, so dass er f\u00fcr Ihr Kind immer sauber bleibt.<br data-start=\"1322\" data-end=\"1325\"><strong data-start=\"1325\" data-end=\"1336\">Bitte beachten Sie:<\/strong> Bobby kann nicht im Trockner getrocknet oder geb\u00fcgelt werden, so dass er seine Weichheit beh\u00e4lt.<\/p>\n<p class=\"\" data-start=\"1421\" data-end=\"1444\"><strong data-start=\"1421\" data-end=\"1442\">Produktmerkmale:<\/strong><\/p>\n<ul data-start=\"1445\" data-end=\"1792\">\n<li class=\"\" data-start=\"1445\" data-end=\"1471\">\n<p class=\"\" data-start=\"1447\" data-end=\"1471\"><strong data-start=\"1447\" data-end=\"1457\">Farbe:<\/strong> Stein Beige<\/p>\n<\/li>\n<li class=\"\" data-start=\"1472\" data-end=\"1542\">\n<p class=\"\" data-start=\"1474\" data-end=\"1542\"><strong data-start=\"1474\" data-end=\"1488\">Material:<\/strong> 100% recyceltes Polyester (Oeko-Tex zertifiziert)<\/p>\n<\/li>\n<li class=\"\" data-start=\"1543\" data-end=\"1575\">\n<p class=\"\" data-start=\"1545\" data-end=\"1575\"><strong data-start=\"1545\" data-end=\"1558\">Messung:<\/strong> ca. 20 cm<\/p>\n<\/li>\n<li class=\"\" data-start=\"1576\" data-end=\"1600\">\n<p class=\"\" data-start=\"1578\" data-end=\"1600\"><strong data-start=\"1578\" data-end=\"1590\">Gewicht:<\/strong> 50 Gramm<\/p>\n<\/li>\n<li class=\"\" data-start=\"1601\" data-end=\"1643\">\n<p class=\"\" data-start=\"1603\" data-end=\"1643\"><strong data-start=\"1603\" data-end=\"1616\">Alter:<\/strong> Geeignet ab 0 Monaten<\/p>\n<\/li>\n<li class=\"\" data-start=\"1644\" data-end=\"1704\">\n<p class=\"\" data-start=\"1646\" data-end=\"1704\"><strong data-start=\"1646\" data-end=\"1658\">Waschbar:<\/strong> Ja, bei 30\u00b0C (nicht im Trockner trocknen oder b\u00fcgeln)<\/p>\n<\/li>\n<li class=\"\" data-start=\"1705\" data-end=\"1792\">\n<p class=\"\" data-start=\"1707\" data-end=\"1792\"><strong data-start=\"1707\" data-end=\"1720\">Funktionen:<\/strong> Klingel und Etiketten f\u00fcr extra spielerischen Spa\u00df und motorische Entwicklung<\/p>\n<\/li>\n<\/ul>\n<p class=\"\" data-start=\"1794\" data-end=\"1841\"><strong data-start=\"1794\" data-end=\"1839\">Warum sollten Sie sich f\u00fcr Snoozebaby Bobby Bear entscheiden?<\/strong><\/p>\n<ul data-start=\"1842\" data-end=\"2233\">\n<li class=\"\" data-start=\"1842\" data-end=\"1909\">\n<p class=\"\" data-start=\"1844\" data-end=\"1909\"><strong data-start=\"1844\" data-end=\"1865\">Weich und langlebig<\/strong> durch die Verwendung von recyceltem Polyester<\/p>\n<\/li>\n<li class=\"\" data-start=\"1910\" data-end=\"1978\">\n<p class=\"\" data-start=\"1912\" data-end=\"1978\"><strong data-start=\"1912\" data-end=\"1947\">Hergestellt mit Blick auf die Umwelt<\/strong> und das Wohlbefinden der Hersteller<\/p>\n<\/li>\n<li class=\"\" data-start=\"1979\" data-end=\"2044\">\n<p class=\"\" data-start=\"1981\" data-end=\"2044\"><strong data-start=\"1981\" data-end=\"2010\">Entwickelt die Feinmotorik<\/strong> durch die Etiketten und das Zappeln<\/p>\n<\/li>\n<li class=\"\" data-start=\"2045\" data-end=\"2155\">\n<p class=\"\" data-start=\"2047\" data-end=\"2155\"><strong data-start=\"2047\" data-end=\"2075\">Kuschelhormon Oxytocin<\/strong> hilft Ihrem Kind, sich zu entspannen, Stress abzubauen und Beziehungen aufzubauen<\/p>\n<\/li>\n<li class=\"\" data-start=\"2156\" data-end=\"2233\">\n<p class=\"\" data-start=\"2158\" data-end=\"2233\"><strong data-start=\"2158\" data-end=\"2186\">Pflegeleicht<\/strong>: waschbar bei 30\u00b0C f\u00fcr langanhaltenden Kuschelspa\u00df<\/p>\n<\/li>\n<\/ul>\n<p class=\"\" data-start=\"0\" data-end=\"19\"><strong data-start=\"0\" data-end=\"19\">\u00dcber Snoozebaby<\/strong><\/p>\n<p class=\"\" data-start=\"21\" data-end=\"830\">Snoozebaby ist eine Marke, die sich darauf konzentriert, Produkte zu entwickeln, die sowohl funktional als auch bequem f\u00fcr Ihr Baby sind. Mit dem Fokus auf Qualit\u00e4t, Sicherheit und Nachhaltigkeit bietet Snoozebaby eine Reihe von Pflege- und Schlafprodukten an, die Eltern das Leben erleichtern. Jedes Produkt wurde mit Blick auf das Wohlbefinden Ihres Babys entwickelt und besteht aus den weichsten Stoffen wie Bio-Baumwolle, um die empfindliche Haut Ihres Kindes zu sch\u00fctzen. Snoozebaby ist bestrebt, Eltern mit intelligenten, praktischen und stilvollen L\u00f6sungen zu unterst\u00fctzen, damit sowohl Babys als auch Eltern einen ruhigen und komfortablen Schlaf genie\u00dfen k\u00f6nnen. Mit Produkten, die den h\u00f6chsten Qualit\u00e4ts- und Sicherheitsstandards entsprechen, ist Snoozebaby eine Marke, der Sie bei der Pflege Ihres Babys vertrauen k\u00f6nnen.    <\/p>\n<p data-start=\"1418\" data-end=\"1625\">\n","protected":false},"excerpt":{"rendered":"<p>Lernen Sie <strong data-start=\"98\" data-end=\"112\">Bobby Bear<\/strong> kennen, den <strong data-start=\"118\" data-end=\"146\">entz\u00fcckenden Kuschelb\u00e4ren<\/strong> von Snoozebaby, der entworfen wurde, um Ihr Kind mit <strong data-start=\"203\" data-end=\"219\">ultraweichen<\/strong> Streicheleinheiten und <strong data-start=\"232\" data-end=\"248\">viel Spa\u00df<\/strong> zu umarmen.<\/p>\n","protected":false},"featured_media":222469,"comment_status":"open","ping_status":"closed","template":"","meta":{"_acf_changed":false},"product_cat":[9987,9988,9384,8675,8683],"product_tag":[],"berocket_brand":[9419],"class_list":["post-222474","product","type-product","status-publish","has-post-thumbnail","hentry","product_cat-geschenk","product_cat-mutterschaftsgeschenk","product_cat-wohnen-de","product_cat-spielzeuge","product_cat-angebot","product_shipping_class-pakket-de","berocket_brand-snoozebaby-de-2"],"acf":[],"aioseo_notices":[],"_links":{"self":[{"href":"https:\/\/glownaturalliving.com\/de\/wp-json\/wp\/v2\/product\/222474","targetHints":{"allow":["GET"]}}],"collection":[{"href":"https:\/\/glownaturalliving.com\/de\/wp-json\/wp\/v2\/product"}],"about":[{"href":"https:\/\/glownaturalliving.com\/de\/wp-json\/wp\/v2\/types\/product"}],"replies":[{"embeddable":true,"href":"https:\/\/glownaturalliving.com\/de\/wp-json\/wp\/v2\/comments?post=222474"}],"wp:featuredmedia":[{"embeddable":true,"href":"https:\/\/glownaturalliving.com\/de\/wp-json\/wp\/v2\/media\/222469"}],"wp:attachment":[{"href":"https:\/\/glownaturalliving.com\/de\/wp-json\/wp\/v2\/media?parent=222474"}],"wp:term":[{"taxonomy":"product_cat","embeddable":true,"href":"https:\/\/glownaturalliving.com\/de\/wp-json\/wp\/v2\/product_cat?post=222474"},{"taxonomy":"product_tag","embeddable":true,"href":"https:\/\/glownaturalliving.com\/de\/wp-json\/wp\/v2\/product_tag?post=222474"},{"taxonomy":"berocket_brand","embeddable":true,"href":"https:\/\/glownaturalliving.com\/de\/wp-json\/wp\/v2\/berocket_brand?post=222474"}],"curies":[{"name":"wp","href":"https:\/\/api.w.org\/{rel}","templated":true}]}}