{"id":222480,"date":"2025-04-03T11:58:25","date_gmt":"2025-04-03T10:58:25","guid":{"rendered":"https:\/\/glownaturalliving.com\/winkel\/unkategorisiert\/knuffeldoekje-sweet-dreaming-stone-beige\/"},"modified":"2025-04-03T12:05:40","modified_gmt":"2025-04-03T11:05:40","slug":"knuffeldoekje-sweet-dreaming-stone-beige","status":"publish","type":"product","link":"https:\/\/glownaturalliving.com\/de\/winkel\/geschenk\/mutterschaftsgeschenk\/knuffeldoekje-sweet-dreaming-stone-beige\/","title":{"rendered":"Schmusetuch Sweet Dreaming \u2013 Stone Beige"},"content":{"rendered":"<p class=\"\" data-start=\"0\" data-end=\"528\"><strong data-start=\"0\" data-end=\"57\">Snoozebaby Sweet Dreaming Schmusetuch \u2013 Stone Beige<\/strong><\/p>\n<p class=\"\" data-start=\"0\" data-end=\"528\">G\u00f6nnen Sie Ihrem Kleinen den ultimativen Komfort mit dem <strong data-start=\"105\" data-end=\"148\">Snoozebaby Sweet Dreaming Schmusetuch<\/strong> in <strong data-start=\"152\" data-end=\"167\">Steinbeige<\/strong>. Dieses s\u00fc\u00dfe Tuch besteht aus <strong data-start=\"205\" data-end=\"231\">100% Bio-Baumwolle<\/strong>, <strong data-start=\"233\" data-end=\"244\">Velours<\/strong> und <strong data-start=\"248\" data-end=\"257\">Koralle<\/strong> und f\u00fchlt sich dadurch wunderbar weich auf der empfindlichen Haut Ihres Babys an. Das <strong data-start=\"337\" data-end=\"352\" data-is-only-node=\"\">Etikettentuch<\/strong> ist mit <strong data-start=\"369\" data-end=\"391\">12 fr\u00f6hlichen Etiketten<\/strong> ausgestattet, die Ihrem Kind beim Spielen, Fummeln oder Kuscheln helfen k\u00f6nnen, was zu seiner <strong data-start=\"494\" data-end=\"512\">Feinmotorik<\/strong> und <strong data-start=\"516\" data-end=\"527\">seinem Tastsinn<\/strong> beitr\u00e4gt.  <\/p>\n<p class=\"\" data-start=\"530\" data-end=\"1069\">Das <strong data-start=\"534\" data-end=\"552\">Sweet Dreaming<\/strong> Schmusetuch ist bekannt f\u00fcr seine beruhigende Wirkung: Wenn Ihr Kind mit den Etiketten spielt oder mit ihnen kuschelt, entsteht ein Gef\u00fchl von <strong data-start=\"693\" data-end=\"701\">Ruhe<\/strong> und <strong data-start=\"705\" data-end=\"716\">Geborgenheit<\/strong>, das ihm beim Einschlafen oder bei langen Autofahrten hilft. Das macht das Tuch nicht nur zu einem idealen Begleiter vor dem Schlafengehen, sondern auch f\u00fcr unterwegs. Ein perfektes Geschenk f\u00fcr die Kleinen und ein Must-Have in der Erstausstattung. Und wenn dieses Tuch zum <strong data-start=\"972\" data-end=\"984\">Lieblingstuch<\/strong> Ihrer Kleinen wird, ist es immer praktisch, ein zus\u00e4tzliches Tuch zu kaufen!   <\/p>\n<p class=\"\" data-start=\"1071\" data-end=\"1094\"><strong data-start=\"1071\" data-end=\"1092\">Produktmerkmale:<\/strong><\/p>\n<ul data-start=\"1095\" data-end=\"1387\">\n<li class=\"\" data-start=\"1095\" data-end=\"1121\">\n<p class=\"\" data-start=\"1097\" data-end=\"1121\"><strong data-start=\"1097\" data-end=\"1107\">Farbe:<\/strong> Stein Beige<\/p>\n<\/li>\n<li class=\"\" data-start=\"1122\" data-end=\"1152\">\n<p class=\"\" data-start=\"1124\" data-end=\"1152\"><strong data-start=\"1124\" data-end=\"1139\">Ma\u00dfe:<\/strong> 25 x 25 cm<\/p>\n<\/li>\n<li class=\"\" data-start=\"1153\" data-end=\"1210\">\n<p class=\"\" data-start=\"1155\" data-end=\"1210\"><strong data-start=\"1155\" data-end=\"1169\">Material:<\/strong> au\u00dfen 100% Oekotex Polyester, innen 100% Bio-Baumwolle<\/p>\n<\/li>\n<li class=\"\" data-start=\"1211\" data-end=\"1267\">\n<p class=\"\" data-start=\"1213\" data-end=\"1267\"><strong data-start=\"1213\" data-end=\"1226\">Alter:<\/strong> Geeignet f\u00fcr Babys ab der Geburt<\/p>\n<\/li>\n<li class=\"\" data-start=\"1268\" data-end=\"1343\">\n<p class=\"\" data-start=\"1270\" data-end=\"1343\"><strong data-start=\"1270\" data-end=\"1283\">Features:<\/strong> 12 Etiketten f\u00fcr Spa\u00df und motorische Entwicklung<\/p>\n<\/li>\n<li class=\"\" data-start=\"1344\" data-end=\"1387\">\n<p class=\"\" data-start=\"1346\" data-end=\"1387\"><strong data-start=\"1346\" data-end=\"1358\">Waschbar:<\/strong> Ja, pflegeleicht<\/p>\n<\/li>\n<\/ul>\n<p class=\"\" data-start=\"1389\" data-end=\"1458\"><strong data-start=\"1389\" data-end=\"1456\">Warum sollten Sie sich f\u00fcr das Snoozebaby Sweet Dreaming Kuscheltuch entscheiden?<\/strong><\/p>\n<ul data-start=\"1459\" data-end=\"1775\">\n<li class=\"\" data-start=\"1459\" data-end=\"1548\">\n<p class=\"\" data-start=\"1461\" data-end=\"1548\"><strong data-start=\"1461\" data-end=\"1480\">Weich und sicher<\/strong> f\u00fcr die empfindliche Haut des Babys durch die Verwendung von Bio-Baumwolle<\/p>\n<\/li>\n<li class=\"\" data-start=\"1549\" data-end=\"1630\">\n<p class=\"\" data-start=\"1551\" data-end=\"1630\"><strong data-start=\"1551\" data-end=\"1571\">Beruhigende Wirkung<\/strong> durch die Etiketten, die zum Einschlafen einladen<\/p>\n<\/li>\n<li class=\"\" data-start=\"1631\" data-end=\"1705\">\n<p class=\"\" data-start=\"1633\" data-end=\"1705\"><strong data-start=\"1633\" data-end=\"1662\">Stimuliert die Feinmotorik<\/strong> und den Tastsinn durch das Spielen mit den Etiketten<\/p>\n<\/li>\n<li class=\"\" data-start=\"1706\" data-end=\"1775\">\n<p class=\"\" data-start=\"1708\" data-end=\"1775\"><strong data-start=\"1708\" data-end=\"1735\">Praktisch und vielseitig<\/strong>: ideal sowohl f\u00fcr die Schlafenszeit als auch unterwegs<\/p>\n<\/li>\n<\/ul>\n<p class=\"\" data-start=\"0\" data-end=\"19\"><strong data-start=\"0\" data-end=\"19\">\u00dcber Snoozebaby<\/strong><\/p>\n<p class=\"\" data-start=\"21\" data-end=\"830\">Snoozebaby ist eine Marke, die sich darauf konzentriert, Produkte zu entwickeln, die sowohl funktional als auch bequem f\u00fcr Ihr Baby sind. Mit dem Fokus auf Qualit\u00e4t, Sicherheit und Nachhaltigkeit bietet Snoozebaby eine Reihe von Pflege- und Schlafprodukten an, die Eltern das Leben erleichtern. Jedes Produkt wurde mit Blick auf das Wohlbefinden Ihres Babys entwickelt und besteht aus den weichsten Stoffen wie Bio-Baumwolle, um die empfindliche Haut Ihres Kindes zu sch\u00fctzen. Snoozebaby ist bestrebt, Eltern mit intelligenten, praktischen und stilvollen L\u00f6sungen zu unterst\u00fctzen, damit sowohl Babys als auch Eltern einen ruhigen und komfortablen Schlaf genie\u00dfen k\u00f6nnen. Mit Produkten, die den h\u00f6chsten Qualit\u00e4ts- und Sicherheitsstandards entsprechen, ist Snoozebaby eine Marke, der Sie bei der Pflege Ihres Babys vertrauen k\u00f6nnen.    <\/p>\n<p data-start=\"1418\" data-end=\"1625\">\n","protected":false},"excerpt":{"rendered":"<p>G\u00f6nnen Sie Ihrem Kleinen den ultimativen Komfort mit dem <strong data-start=\"105\" data-end=\"148\">Snoozebaby Sweet Dreaming Schmusetuch<\/strong> in <strong data-start=\"152\" data-end=\"167\">Steinbeige<\/strong>.<\/p>\n","protected":false},"featured_media":222478,"comment_status":"open","ping_status":"closed","template":"","meta":{"_acf_changed":false},"product_cat":[9987,9988,9384,8675],"product_tag":[],"berocket_brand":[9419],"class_list":["post-222480","product","type-product","status-publish","has-post-thumbnail","hentry","product_cat-geschenk","product_cat-mutterschaftsgeschenk","product_cat-wohnen-de","product_cat-spielzeuge","product_shipping_class-pakket-de","berocket_brand-snoozebaby-de-2"],"acf":[],"aioseo_notices":[],"_links":{"self":[{"href":"https:\/\/glownaturalliving.com\/de\/wp-json\/wp\/v2\/product\/222480","targetHints":{"allow":["GET"]}}],"collection":[{"href":"https:\/\/glownaturalliving.com\/de\/wp-json\/wp\/v2\/product"}],"about":[{"href":"https:\/\/glownaturalliving.com\/de\/wp-json\/wp\/v2\/types\/product"}],"replies":[{"embeddable":true,"href":"https:\/\/glownaturalliving.com\/de\/wp-json\/wp\/v2\/comments?post=222480"}],"wp:featuredmedia":[{"embeddable":true,"href":"https:\/\/glownaturalliving.com\/de\/wp-json\/wp\/v2\/media\/222478"}],"wp:attachment":[{"href":"https:\/\/glownaturalliving.com\/de\/wp-json\/wp\/v2\/media?parent=222480"}],"wp:term":[{"taxonomy":"product_cat","embeddable":true,"href":"https:\/\/glownaturalliving.com\/de\/wp-json\/wp\/v2\/product_cat?post=222480"},{"taxonomy":"product_tag","embeddable":true,"href":"https:\/\/glownaturalliving.com\/de\/wp-json\/wp\/v2\/product_tag?post=222480"},{"taxonomy":"berocket_brand","embeddable":true,"href":"https:\/\/glownaturalliving.com\/de\/wp-json\/wp\/v2\/berocket_brand?post=222480"}],"curies":[{"name":"wp","href":"https:\/\/api.w.org\/{rel}","templated":true}]}}