{"id":222501,"date":"2025-04-08T14:50:19","date_gmt":"2025-04-08T13:50:19","guid":{"rendered":"https:\/\/glownaturalliving.com\/winkel\/unkategorisiert\/knuffel-konijn-ruby-milky-rust\/"},"modified":"2025-04-08T14:50:19","modified_gmt":"2025-04-08T13:50:19","slug":"knuffel-konijn-ruby-milky-rust","status":"publish","type":"product","link":"https:\/\/glownaturalliving.com\/de\/winkel\/geschenk\/mutterschaftsgeschenk\/knuffel-konijn-ruby-milky-rust\/","title":{"rendered":"Kuschelhase Rubin \u2013 Milchiger Rost"},"content":{"rendered":"<p class=\"\" data-start=\"0\" data-end=\"80\"><strong data-start=\"0\" data-end=\"80\">Pl\u00fcschhase Rubin von Snoozebaby \u2013 Kuscheltier f\u00fcr Ihre Kleinen<\/strong><\/p>\n<p class=\"\" data-start=\"82\" data-end=\"467\">Halten Sie Ihr Kind auf Trab und bieten Sie Komfort mit dem s\u00fc\u00dfen Kaninchen Ruby von Snoozebaby! Dieser Pl\u00fcsch-Kuschelhase ist nicht nur super weich, sondern auch ein toller Entdeckerpartner f\u00fcr Ihr Kleines. Das Kuscheltier besteht aus recyceltem Polyester und enth\u00e4lt verschiedene Etiketten in verschiedenen Gr\u00f6\u00dfen und Materialien, die perfekt sind, um die Sinne anzuregen und zus\u00e4tzlichen Komfort zu bieten.  <\/p>\n<p class=\"\" data-start=\"469\" data-end=\"519\"><strong data-start=\"469\" data-end=\"519\">Warum Kaninchen Ruby von Snoozebaby w\u00e4hlen?<\/strong><\/p>\n<ul data-start=\"520\" data-end=\"999\">\n<li class=\"\" data-start=\"520\" data-end=\"612\">\n<p class=\"\" data-start=\"522\" data-end=\"612\"><strong data-start=\"522\" data-end=\"544\">Weich und strapazierf\u00e4hig:<\/strong> Hergestellt aus recyceltem Polyester f\u00fcr eine umweltfreundliche Wahl.<\/p>\n<\/li>\n<li class=\"\" data-start=\"613\" data-end=\"703\">\n<p class=\"\" data-start=\"615\" data-end=\"703\"><strong data-start=\"615\" data-end=\"640\">Stimulieren Sie die Sinne:<\/strong> Die verschiedenen Etiketten sorgen f\u00fcr eine spielerische Entdeckungsreise.<\/p>\n<\/li>\n<li class=\"\" data-start=\"704\" data-end=\"796\">\n<p class=\"\" data-start=\"706\" data-end=\"796\"><strong data-start=\"706\" data-end=\"750\">Sicher und f\u00fcr jedes Alter geeignet:<\/strong> Ruby ist ideal f\u00fcr Kinder ab 0 Monaten.<\/p>\n<\/li>\n<li class=\"\" data-start=\"797\" data-end=\"892\">\n<p class=\"\" data-start=\"799\" data-end=\"892\"><strong data-start=\"799\" data-end=\"828\">Pflegeleicht:<\/strong> waschbar bei 30\u00b0C, so dass Sie das Kuscheltier immer sauber halten k\u00f6nnen.<\/p>\n<\/li>\n<li class=\"\" data-start=\"893\" data-end=\"999\">\n<p class=\"\" data-start=\"895\" data-end=\"999\"><strong data-start=\"895\" data-end=\"915\">Kompakte Gr\u00f6\u00dfe:<\/strong> Mit einer Gr\u00f6\u00dfe von ca. 25 cm (ohne Ohrst\u00f6psel) ist Ruby perfekt f\u00fcr kleine H\u00e4nde geeignet.<\/p>\n<\/li>\n<\/ul>\n<p class=\"\" data-start=\"1001\" data-end=\"1019\"><strong data-start=\"1001\" data-end=\"1019\">Leistungsbeschreibung:<\/strong><\/p>\n<ul data-start=\"1020\" data-end=\"1228\">\n<li class=\"\" data-start=\"1045\" data-end=\"1082\">\n<p class=\"\" data-start=\"1047\" data-end=\"1082\"><strong data-start=\"1047\" data-end=\"1061\">Material: recyceltes<\/strong> Polyester<\/p>\n<\/li>\n<li class=\"\" data-start=\"1083\" data-end=\"1137\">\n<p class=\"\" data-start=\"1085\" data-end=\"1137\"><strong data-start=\"1085\" data-end=\"1100\">Ma\u00dfe:<\/strong> ca. 25 cm (Ohren nicht mitgez\u00e4hlt)<\/p>\n<\/li>\n<li class=\"\" data-start=\"1138\" data-end=\"1183\">\n<p class=\"\" data-start=\"1140\" data-end=\"1183\"><strong data-start=\"1140\" data-end=\"1158\">Geeignet f\u00fcr:<\/strong> Kinder ab 0 Monaten<\/p>\n<\/li>\n<li class=\"\" data-start=\"1184\" data-end=\"1228\">\n<p class=\"\" data-start=\"1186\" data-end=\"1228\"><strong data-start=\"1186\" data-end=\"1205\">Waschanleitung:<\/strong> maschinenwaschbar bei 30\u00b0C<\/p>\n<\/li>\n<\/ul>\n<p class=\"\" data-start=\"1230\" data-end=\"1373\">Schenken Sie Ihrem Kind das sanfte Kuschelvergn\u00fcgen von Hase Ruby und entscheiden Sie sich f\u00fcr ein nachhaltiges und verspieltes Kuscheltier, das die Sinne anregt und Komfort bietet!<\/p>\n<p class=\"\" data-start=\"0\" data-end=\"19\"><strong data-start=\"0\" data-end=\"19\">\u00dcber Snoozebaby<\/strong><\/p>\n<p class=\"\" data-start=\"21\" data-end=\"830\">Snoozebaby ist eine Marke, die sich darauf konzentriert, Produkte zu entwickeln, die sowohl funktional als auch bequem f\u00fcr Ihr Baby sind. Mit dem Fokus auf Qualit\u00e4t, Sicherheit und Nachhaltigkeit bietet Snoozebaby eine Reihe von Pflege- und Schlafprodukten an, die Eltern das Leben erleichtern. Jedes Produkt wurde mit Blick auf das Wohlbefinden Ihres Babys entwickelt und besteht aus den weichsten Stoffen wie Bio-Baumwolle, um die empfindliche Haut Ihres Kindes zu sch\u00fctzen. Snoozebaby ist bestrebt, Eltern mit intelligenten, praktischen und stilvollen L\u00f6sungen zu unterst\u00fctzen, damit sowohl Babys als auch Eltern einen ruhigen und komfortablen Schlaf genie\u00dfen k\u00f6nnen. Mit Produkten, die den h\u00f6chsten Qualit\u00e4ts- und Sicherheitsstandards entsprechen, ist Snoozebaby eine Marke, der Sie bei der Pflege Ihres Babys vertrauen k\u00f6nnen.    <\/p>\n<p data-start=\"1418\" data-end=\"1625\">\n","protected":false},"excerpt":{"rendered":"<p>Dieser Pl\u00fcsch-Kuschelhase ist nicht nur super weich, sondern auch ein toller Entdeckerpartner f\u00fcr Ihr Kleines.<\/p>\n","protected":false},"featured_media":222496,"comment_status":"open","ping_status":"closed","template":"","meta":{"_acf_changed":false},"product_cat":[9987,9988,9384,8675,8683],"product_tag":[],"berocket_brand":[9419],"class_list":["post-222501","product","type-product","status-publish","has-post-thumbnail","hentry","product_cat-geschenk","product_cat-mutterschaftsgeschenk","product_cat-wohnen-de","product_cat-spielzeuge","product_cat-angebot","product_shipping_class-pakket-de","berocket_brand-snoozebaby-de-2"],"acf":[],"aioseo_notices":[],"_links":{"self":[{"href":"https:\/\/glownaturalliving.com\/de\/wp-json\/wp\/v2\/product\/222501","targetHints":{"allow":["GET"]}}],"collection":[{"href":"https:\/\/glownaturalliving.com\/de\/wp-json\/wp\/v2\/product"}],"about":[{"href":"https:\/\/glownaturalliving.com\/de\/wp-json\/wp\/v2\/types\/product"}],"replies":[{"embeddable":true,"href":"https:\/\/glownaturalliving.com\/de\/wp-json\/wp\/v2\/comments?post=222501"}],"wp:featuredmedia":[{"embeddable":true,"href":"https:\/\/glownaturalliving.com\/de\/wp-json\/wp\/v2\/media\/222496"}],"wp:attachment":[{"href":"https:\/\/glownaturalliving.com\/de\/wp-json\/wp\/v2\/media?parent=222501"}],"wp:term":[{"taxonomy":"product_cat","embeddable":true,"href":"https:\/\/glownaturalliving.com\/de\/wp-json\/wp\/v2\/product_cat?post=222501"},{"taxonomy":"product_tag","embeddable":true,"href":"https:\/\/glownaturalliving.com\/de\/wp-json\/wp\/v2\/product_tag?post=222501"},{"taxonomy":"berocket_brand","embeddable":true,"href":"https:\/\/glownaturalliving.com\/de\/wp-json\/wp\/v2\/berocket_brand?post=222501"}],"curies":[{"name":"wp","href":"https:\/\/api.w.org\/{rel}","templated":true}]}}