{"id":222628,"date":"2025-04-22T14:00:55","date_gmt":"2025-04-22T13:00:55","guid":{"rendered":"https:\/\/glownaturalliving.com\/?post_type=product&#038;p=222628"},"modified":"2025-04-22T16:09:41","modified_gmt":"2025-04-22T15:09:41","slug":"glazen-drinkfles-big-bottle-1000ml-stone","status":"publish","type":"product","link":"https:\/\/glownaturalliving.com\/de\/winkel\/wohnen-de\/essen-trinken\/glazen-drinkfles-big-bottle-1000ml-stone\/","title":{"rendered":"Trinkflasche aus Glas | GROSSE FLASCHE | 1000ml | Stein"},"content":{"rendered":"<p class=\"\" data-start=\"134\" data-end=\"210\"><strong data-start=\"134\" data-end=\"210\">Neu! Trinkflaschen aus Glas 1000 ml \u2013 Stylisch, auslaufsicher und langlebig <\/strong><\/p>\n<p class=\"\" data-start=\"212\" data-end=\"483\">Entdecken Sie die neuen Trinkflaschen aus Glas mit einem Fassungsverm\u00f6gen von bis zu 1000 ml. Ideal, um den \u00dcberblick \u00fcber Ihre t\u00e4gliche Fl\u00fcssigkeitszufuhr zu behalten.  Diese minimalistischen und funktionalen Flaschen wurden speziell f\u00fcr aktive Menschen entwickelt, die Wert auf Stil, Bequemlichkeit und Umweltfreundlichkeit legen.<\/p>\n<p class=\"\" data-start=\"485\" data-end=\"711\">Dank des integrierten Flip-Caps k\u00f6nnen Sie ein angenehmes Trinkerlebnis genie\u00dfen, ohne dass es zu Problemen kommt. Die Flaschen sind 100% auslaufsicher, sodass Sie sie ohne Bedenken in Ihrer Tasche mitnehmen k\u00f6nnen. Perfekt f\u00fcr unterwegs, im B\u00fcro oder im Fitnessstudio.  <\/p>\n<p class=\"\" data-start=\"713\" data-end=\"738\"><strong data-start=\"713\" data-end=\"738\">Vorteile auf einen Blick:<\/strong><\/p>\n<ul data-start=\"739\" data-end=\"1007\">\n<li class=\"\" data-start=\"739\" data-end=\"798\">\n<p class=\"\" data-start=\"741\" data-end=\"798\">Fassungsverm\u00f6gen bis zu 1000 ml \u2013 perfekt f\u00fcr die t\u00e4gliche Fl\u00fcssigkeitszufuhr<\/p>\n<\/li>\n<li class=\"\" data-start=\"799\" data-end=\"863\">\n<p class=\"\" data-start=\"801\" data-end=\"863\">Integrierter Flip-Cap f\u00fcr komfortables und hygienisches Trinken<\/p>\n<\/li>\n<li class=\"\" data-start=\"864\" data-end=\"905\">\n<p class=\"\" data-start=\"866\" data-end=\"905\">100% auslaufsicher \u2013 sicher zu transportieren<\/p>\n<\/li>\n<li class=\"\" data-start=\"906\" data-end=\"962\">\n<p class=\"\" data-start=\"908\" data-end=\"962\">Leicht abnehmbare Dichtung auf der Innenseite<\/p>\n<\/li>\n<li class=\"\" data-start=\"963\" data-end=\"1007\">\n<p class=\"\" data-start=\"965\" data-end=\"1007\">Sp\u00fclmaschinenfest \u2013 mit Silikonh\u00fclle<\/p>\n<\/li>\n<\/ul>\n<p class=\"\" data-start=\"1009\" data-end=\"1102\"><strong data-start=\"1009\" data-end=\"1102\">W\u00e4hlen Sie einen nachhaltigen und stilvollen Weg, um jeden Tag hydriert zu bleiben.<\/strong><\/p>\n<p data-start=\"1009\" data-end=\"1102\"><strong>\u00dcber Bink Made<\/strong><\/p>\n<p data-start=\"1009\" data-end=\"1102\">Bink Made entwirft stylische und nachhaltige Trinkflaschen, die in einen bewussten, modernen Lebensstil passen. Die Glasflaschen sind mit Blick auf Einfachheit, Funktionalit\u00e4t und \u00c4sthetik gestaltet \u2013 perfekt f\u00fcr den t\u00e4glichen Gebrauch, zu Hause oder unterwegs. Bink Made steht f\u00fcr Qualit\u00e4t, Sicherheit und minimalistisches Design, ohne Kompromisse bei Komfort oder Optik einzugehen. Gemacht f\u00fcr alle, die sich bewusst daf\u00fcr entscheiden: f\u00fcr Feuchtigkeit, Langlebigkeit und zeitloses Design.   <\/p>\n","protected":false},"excerpt":{"rendered":"<p>Entdecken Sie die neuen Trinkflaschen aus Glas mit einem Fassungsverm\u00f6gen von bis zu 1000 ml. Ideal, um den \u00dcberblick \u00fcber Ihre t\u00e4gliche Fl\u00fcssigkeitszufuhr zu behalten. <\/p>\n","protected":false},"featured_media":222614,"comment_status":"open","ping_status":"closed","template":"","meta":{"_acf_changed":false},"product_cat":[4604,9384,8509],"product_tag":[],"berocket_brand":[9613],"class_list":["post-222628","product","type-product","status-publish","has-post-thumbnail","hentry","product_cat-neu","product_cat-wohnen-de","product_cat-essen-trinken","product_shipping_class-pakket-de","berocket_brand-bink-de-2"],"acf":[],"aioseo_notices":[],"_links":{"self":[{"href":"https:\/\/glownaturalliving.com\/de\/wp-json\/wp\/v2\/product\/222628","targetHints":{"allow":["GET"]}}],"collection":[{"href":"https:\/\/glownaturalliving.com\/de\/wp-json\/wp\/v2\/product"}],"about":[{"href":"https:\/\/glownaturalliving.com\/de\/wp-json\/wp\/v2\/types\/product"}],"replies":[{"embeddable":true,"href":"https:\/\/glownaturalliving.com\/de\/wp-json\/wp\/v2\/comments?post=222628"}],"wp:featuredmedia":[{"embeddable":true,"href":"https:\/\/glownaturalliving.com\/de\/wp-json\/wp\/v2\/media\/222614"}],"wp:attachment":[{"href":"https:\/\/glownaturalliving.com\/de\/wp-json\/wp\/v2\/media?parent=222628"}],"wp:term":[{"taxonomy":"product_cat","embeddable":true,"href":"https:\/\/glownaturalliving.com\/de\/wp-json\/wp\/v2\/product_cat?post=222628"},{"taxonomy":"product_tag","embeddable":true,"href":"https:\/\/glownaturalliving.com\/de\/wp-json\/wp\/v2\/product_tag?post=222628"},{"taxonomy":"berocket_brand","embeddable":true,"href":"https:\/\/glownaturalliving.com\/de\/wp-json\/wp\/v2\/berocket_brand?post=222628"}],"curies":[{"name":"wp","href":"https:\/\/api.w.org\/{rel}","templated":true}]}}