{"id":222662,"date":"2025-04-22T14:35:35","date_gmt":"2025-04-22T13:35:35","guid":{"rendered":"https:\/\/glownaturalliving.com\/?post_type=product&#038;p=222662"},"modified":"2025-04-22T16:09:22","modified_gmt":"2025-04-22T15:09:22","slug":"glazen-drinkfles-kids-bottle-300ml-seaglass","status":"publish","type":"product","link":"https:\/\/glownaturalliving.com\/de\/winkel\/wohnen-de\/essen-trinken\/glazen-drinkfles-kids-bottle-300ml-seaglass\/","title":{"rendered":"Trinkflasche aus Glas | KINDER FLASCHE | 300ml | Meerglas"},"content":{"rendered":"<p class=\"\" data-start=\"127\" data-end=\"192\"><strong data-start=\"127\" data-end=\"192\">BINK Kids Trinkflasche 300ml \u2013 F\u00fcr die t\u00e4gliche Fl\u00fcssigkeitszufuhr<\/strong><\/p>\n<p class=\"\" data-start=\"194\" data-end=\"476\">Erm\u00f6glichen Sie Ihrem Kind einen gesunden Start mit der <strong data-start=\"232\" data-end=\"273\">BINK Kids Glastrinkflasche \u00e0 300 ml. <\/strong>Eine kompakte und minimalistische Wasserflasche, die speziell f\u00fcr kleine Kinder entwickelt wurde. Dank ihres schlanken Designs passt diese Kinderflasche perfekt in die meisten Getr\u00e4nkehalter, ideal f\u00fcr unterwegs oder in der Schule. <\/p>\n<p class=\"\" data-start=\"478\" data-end=\"691\">Der weite Hals macht es einfach, Eisw\u00fcrfel oder Obstst\u00fccke f\u00fcr eine erfrischende Note hinzuzuf\u00fcgen. Dar\u00fcber hinaus sorgt dieses Design daf\u00fcr, dass Sie die Flasche m\u00fchelos reinigen k\u00f6nnen. Hygienisch und praktisch!  <\/p>\n<p class=\"\" data-start=\"693\" data-end=\"896\">Ausgestattet mit einem integrierten zusammenklappbaren Trinkauslauf, der das Trinken noch komfortabler macht. Die Flasche ist komplett auslaufsicher und <strong data-start=\"820\" data-end=\"848\">100% sp\u00fclmaschinenfest<\/strong>, auch mit der sch\u00fctzenden Silikonh\u00fclle. <\/p>\n<p class=\"\" data-start=\"898\" data-end=\"923\"><strong data-start=\"898\" data-end=\"923\">Vorteile auf einen Blick:<\/strong><\/p>\n<ul data-start=\"924\" data-end=\"1206\">\n<li class=\"\" data-start=\"924\" data-end=\"965\">\n<p class=\"\" data-start=\"926\" data-end=\"965\">Inhalt: 300 ml \u2013 ideal f\u00fcr Kinder<\/p>\n<\/li>\n<li class=\"\" data-start=\"966\" data-end=\"1017\">\n<p class=\"\" data-start=\"968\" data-end=\"1017\">Schlankes Design \u2013 passt in fast jeden Getr\u00e4nkehalter<\/p>\n<\/li>\n<li class=\"\" data-start=\"1018\" data-end=\"1076\">\n<p class=\"\" data-start=\"1020\" data-end=\"1076\">Breite \u00d6ffnung \u2013 leicht zu bef\u00fcllen und zu reinigen<\/p>\n<\/li>\n<li class=\"\" data-start=\"1077\" data-end=\"1128\">\n<p class=\"\" data-start=\"1079\" data-end=\"1128\">Zusammenklappbarer Auslauf \u2013 f\u00fcr bequemes Trinken<\/p>\n<\/li>\n<li class=\"\" data-start=\"1129\" data-end=\"1149\">\n<p class=\"\" data-start=\"1131\" data-end=\"1149\">Absolut auslaufsicher<\/p>\n<\/li>\n<li class=\"\" data-start=\"1150\" data-end=\"1206\">\n<p class=\"\" data-start=\"1152\" data-end=\"1206\">Sp\u00fclmaschinenfest (inkl. Silikonh\u00fclle)<\/p>\n<\/li>\n<\/ul>\n<p class=\"\" data-start=\"1208\" data-end=\"1302\"><strong data-start=\"1208\" data-end=\"1302\">Gesundes Trinken beginnt mit BINK. Speziell f\u00fcr kleine H\u00e4nde und gro\u00dfe Abenteuer entwickelt! <\/strong><\/p>\n<p data-start=\"1009\" data-end=\"1102\"><strong>\u00dcber Bink Made<\/strong><\/p>\n<p data-start=\"1009\" data-end=\"1102\">Bink Made entwirft stylische und nachhaltige Trinkflaschen, die in einen bewussten, modernen Lebensstil passen. Die Glasflaschen sind mit Blick auf Einfachheit, Funktionalit\u00e4t und \u00c4sthetik gestaltet \u2013 perfekt f\u00fcr den t\u00e4glichen Gebrauch, zu Hause oder unterwegs. Bink Made steht f\u00fcr Qualit\u00e4t, Sicherheit und minimalistisches Design, ohne Kompromisse bei Komfort oder Optik einzugehen. Gemacht f\u00fcr alle, die sich bewusst daf\u00fcr entscheiden: f\u00fcr Feuchtigkeit, Langlebigkeit und zeitloses Design.   <\/p>\n","protected":false},"excerpt":{"rendered":"<p>Erm\u00f6glichen Sie Ihrem Kind einen gesunden Start mit der <strong data-start=\"232\" data-end=\"273\">BINK Kids Glastrinkflasche \u00e0 300 ml. <\/strong>Eine kompakte und minimalistische Wasserflasche, die speziell f\u00fcr kleine Kinder entwickelt wurde.<\/p>\n","protected":false},"featured_media":222648,"comment_status":"open","ping_status":"closed","template":"","meta":{"_acf_changed":false},"product_cat":[4604,9384,8509],"product_tag":[],"berocket_brand":[9613],"class_list":["post-222662","product","type-product","status-publish","has-post-thumbnail","hentry","product_cat-neu","product_cat-wohnen-de","product_cat-essen-trinken","product_shipping_class-pakket-de","berocket_brand-bink-de-2"],"acf":[],"aioseo_notices":[],"_links":{"self":[{"href":"https:\/\/glownaturalliving.com\/de\/wp-json\/wp\/v2\/product\/222662","targetHints":{"allow":["GET"]}}],"collection":[{"href":"https:\/\/glownaturalliving.com\/de\/wp-json\/wp\/v2\/product"}],"about":[{"href":"https:\/\/glownaturalliving.com\/de\/wp-json\/wp\/v2\/types\/product"}],"replies":[{"embeddable":true,"href":"https:\/\/glownaturalliving.com\/de\/wp-json\/wp\/v2\/comments?post=222662"}],"wp:featuredmedia":[{"embeddable":true,"href":"https:\/\/glownaturalliving.com\/de\/wp-json\/wp\/v2\/media\/222648"}],"wp:attachment":[{"href":"https:\/\/glownaturalliving.com\/de\/wp-json\/wp\/v2\/media?parent=222662"}],"wp:term":[{"taxonomy":"product_cat","embeddable":true,"href":"https:\/\/glownaturalliving.com\/de\/wp-json\/wp\/v2\/product_cat?post=222662"},{"taxonomy":"product_tag","embeddable":true,"href":"https:\/\/glownaturalliving.com\/de\/wp-json\/wp\/v2\/product_tag?post=222662"},{"taxonomy":"berocket_brand","embeddable":true,"href":"https:\/\/glownaturalliving.com\/de\/wp-json\/wp\/v2\/berocket_brand?post=222662"}],"curies":[{"name":"wp","href":"https:\/\/api.w.org\/{rel}","templated":true}]}}