{"id":222874,"date":"2025-05-13T14:08:31","date_gmt":"2025-05-13T13:08:31","guid":{"rendered":"https:\/\/glownaturalliving.com\/?post_type=product&#038;p=222874"},"modified":"2025-05-26T19:05:48","modified_gmt":"2025-05-26T18:05:48","slug":"magic-soap-net-duurzaam-zeepzakje-van-biologisch-katoen","status":"publish","type":"product","link":"https:\/\/glownaturalliving.com\/de\/winkel\/wohnen-de\/reinigen\/magic-soap-net-duurzaam-zeepzakje-van-biologisch-katoen\/","title":{"rendered":"Magic Soap Net \u2013 Nachhaltige Seifentasche aus Bio-Baumwolle"},"content":{"rendered":"<h4 data-start=\"137\" data-end=\"194\"><strong data-start=\"141\" data-end=\"192\">Magic Soap Net \u2013 Holen Sie das Beste aus Ihrer Seife heraus!<\/strong><\/h4>\n<p class=\"\" data-start=\"248\" data-end=\"296\"><strong data-start=\"248\" data-end=\"296\">Verwenden Sie Ihre Seife bis zum letzten St\u00fcck!<\/strong><\/p>\n<p class=\"\" data-start=\"298\" data-end=\"510\">Sind Sie es leid, st\u00e4ndig Seifenst\u00fccke wegzuwerfen? Mit dem <strong data-start=\"359\" data-end=\"377\">Magic Soap Net<\/strong> geh\u00f6rt das der Vergangenheit an! Dieses intelligente Seifennetz ist das perfekte Zubeh\u00f6r, um das Beste aus jedem Seifenrest zu machen, langlebig und praktisch.  <\/p>\n<h4 class=\"\" data-start=\"512\" data-end=\"557\"><strong data-start=\"520\" data-end=\"557\">Vorteile des magischen Seifennetzes:<\/strong><\/h4>\n<ul data-start=\"558\" data-end=\"863\">\n<li class=\"\" data-start=\"558\" data-end=\"643\">\n<p class=\"\" data-start=\"560\" data-end=\"643\"><strong data-start=\"560\" data-end=\"585\">Vermeidet Abfall:<\/strong> Sammeln Sie kleine Seifenreste und verbrauchen Sie sie vollst\u00e4ndig.<\/p>\n<\/li>\n<li class=\"\" data-start=\"644\" data-end=\"756\">\n<p class=\"\" data-start=\"646\" data-end=\"756\"><strong data-start=\"646\" data-end=\"685\">Verl\u00e4ngert die Lebensdauer Ihrer Seife:<\/strong> Das Netz l\u00e4sst Ihre Seife schneller trocknen, wodurch die Wahrscheinlichkeit des Schmelzens verringert wird.<\/p>\n<\/li>\n<li class=\"\" data-start=\"757\" data-end=\"863\">\n<p class=\"\" data-start=\"759\" data-end=\"863\"><strong data-start=\"759\" data-end=\"784\">Einfache Anwendung:<\/strong> Mit einer Gr\u00f6\u00dfe von ca. 10 x 13 cm passt jedes handels\u00fcbliche St\u00fcck Seife ins Netz.<\/p>\n<\/li>\n<\/ul>\n<h4 class=\"\" data-start=\"1078\" data-end=\"1131\"><strong data-start=\"1088\" data-end=\"1129\">Handgefertigt in Frankreich<\/strong><\/h4>\n<p class=\"\" data-start=\"1132\" data-end=\"1319\">Jedes Netz wird mit Sorgfalt in unserer Werkstatt in Okzitanien hergestellt. Dank der Verwendung von Bio-Baumwolle und der Handwerkskunst k\u00f6nnen Sie sich auf ein qualitativ hochwertiges und umweltfreundliches Produkt verlassen. <\/p>\n<p class=\"\" data-start=\"1326\" data-end=\"1458\"><strong data-start=\"1326\" data-end=\"1357\">Bestellen Sie jetzt Ihr Magic Soap Net<\/strong> und tragen Sie zu einem Zero-Waste-Lebensstil bei! Perfekt f\u00fcr alle, die bewusst und nachhaltig leben wollen. <\/p>\n<p data-start=\"1326\" data-end=\"1458\">\n<div class=\"product__description rte quick-add-hidden\">\n<p>&nbsp;<\/p>\n<\/div>\n<p><span style=\"color: #333333; font-size: 14.4px;\">\u00dcber einfache Dinge<\/span><\/p>\n<p>\u00abWas, wenn wir daraus ein Gesch\u00e4ft machen?\u00bb<br \/>\nSimple Things wurde auf diese nat\u00fcrliche und spontane Weise geboren. Mit Leidenschaft f\u00fcr Heimwerken und im Bewusstsein des Eindrucks, den Industrieprodukte auf unserer Erde hinterlassen, haben wir vor einigen Jahren mit meinem Begleiter Nicolas begonnen, alltagstaugliche Produkte f\u00fcr unser Zuhause zu kreieren, ohne jeglichen Anspruch. Wir sind nicht wenig stolz auf das Ergebnis und lassen sie von unseren Freunden und Familienmitgliedern testen, die sie sofort adoptieren. Sogar der Gro\u00dfvater, der anfangs unsensibel ist, ist ein Fan!<\/p>\n<p>Einfache, effektive und umweltfreundliche Produkte, die in S\u00fcdfrankreich von zwei jungen Mittvierzigern hergestellt werden, die st\u00e4ndig versuchen, ihr Leben zu verbessern.<\/p>\n<p>Der Wunsch, es jeden Tag ein bisschen besser zu machen.<br \/>\nDer Wunsch, sich in Richtung nachhaltigeres Verhalten zu entwickeln.<br \/>\nDer Wunsch, unseren Kindern und Enkelkindern einen gesunden Planeten zu hinterlassen.<\/p>\n<p>Anne &amp; Nicholass<\/p>\n","protected":false},"excerpt":{"rendered":"<p>Dieses intelligente Seifennetz ist das perfekte Zubeh\u00f6r, um das Beste aus jedem Seifenrest zu machen, langlebig und praktisch.<\/p>\n","protected":false},"featured_media":222878,"comment_status":"open","ping_status":"closed","template":"","meta":{"_acf_changed":false},"product_cat":[9713,4604,9384,8687,9290],"product_tag":[],"berocket_brand":[10099],"class_list":["post-222874","product","type-product","status-publish","has-post-thumbnail","hentry","product_cat-reinigen","product_cat-neu","product_cat-wohnen-de","product_cat-pflege","product_cat-pflege-produkte","product_shipping_class-pakket-de","berocket_brand-einfache-dinge"],"acf":[],"aioseo_notices":[],"_links":{"self":[{"href":"https:\/\/glownaturalliving.com\/de\/wp-json\/wp\/v2\/product\/222874","targetHints":{"allow":["GET"]}}],"collection":[{"href":"https:\/\/glownaturalliving.com\/de\/wp-json\/wp\/v2\/product"}],"about":[{"href":"https:\/\/glownaturalliving.com\/de\/wp-json\/wp\/v2\/types\/product"}],"replies":[{"embeddable":true,"href":"https:\/\/glownaturalliving.com\/de\/wp-json\/wp\/v2\/comments?post=222874"}],"wp:featuredmedia":[{"embeddable":true,"href":"https:\/\/glownaturalliving.com\/de\/wp-json\/wp\/v2\/media\/222878"}],"wp:attachment":[{"href":"https:\/\/glownaturalliving.com\/de\/wp-json\/wp\/v2\/media?parent=222874"}],"wp:term":[{"taxonomy":"product_cat","embeddable":true,"href":"https:\/\/glownaturalliving.com\/de\/wp-json\/wp\/v2\/product_cat?post=222874"},{"taxonomy":"product_tag","embeddable":true,"href":"https:\/\/glownaturalliving.com\/de\/wp-json\/wp\/v2\/product_tag?post=222874"},{"taxonomy":"berocket_brand","embeddable":true,"href":"https:\/\/glownaturalliving.com\/de\/wp-json\/wp\/v2\/berocket_brand?post=222874"}],"curies":[{"name":"wp","href":"https:\/\/api.w.org\/{rel}","templated":true}]}}