{"id":222942,"date":"2025-05-14T15:27:17","date_gmt":"2025-05-14T14:27:17","guid":{"rendered":"https:\/\/glownaturalliving.com\/winkel\/unkategorisiert\/tarwestro-dermaplaning-mesjes-3-stuks-voor-een-gladde-stralende-huid\/"},"modified":"2025-05-14T15:27:17","modified_gmt":"2025-05-14T14:27:17","slug":"tarwestro-dermaplaning-mesjes-3-stuks-voor-een-gladde-stralende-huid","status":"publish","type":"product","link":"https:\/\/glownaturalliving.com\/de\/winkel\/pflege\/pflege-produkte\/tarwestro-dermaplaning-mesjes-3-stuks-voor-een-gladde-stralende-huid\/","title":{"rendered":"Weizenstroh Dermaplaning Klingen \u2013 3 St\u00fcck | F\u00fcr eine glatte, strahlende Haut"},"content":{"rendered":"<div class=\"flex basis-auto flex-col -mb-(--composer-overlap-px) [--composer-overlap-px:24px] grow overflow-hidden\">\n<div class=\"relative h-full\">\n<div class=\"flex h-full flex-col overflow-y-auto [scrollbar-gutter:stable_both-edges] @[84rem]\/thread:pt-(--header-height)\">\n<div class=\"@thread-xl\/thread:pt-header-height mt-1.5 flex flex-col text-sm pb-25\">\n<article class=\"text-token-text-primary w-full\" dir=\"auto\" data-testid=\"conversation-turn-6\" data-scroll-anchor=\"true\">\n<div class=\"text-base my-auto mx-auto py-5 [--thread-content-margin:--spacing(4)] @[37rem]:[--thread-content-margin:--spacing(6)] @[72rem]:[--thread-content-margin:--spacing(16)] px-(--thread-content-margin)\">\n<div class=\"[--thread-content-max-width:32rem] @[34rem]:[--thread-content-max-width:40rem] @[64rem]:[--thread-content-max-width:48rem] mx-auto flex max-w-(--thread-content-max-width) flex-1 text-base gap-4 md:gap-5 lg:gap-6 group\/turn-messages focus-visible:outline-hidden\" tabindex=\"-1\">\n<div class=\"group\/conversation-turn relative flex w-full min-w-0 flex-col agent-turn\">\n<div class=\"relative flex-col gap-1 md:gap-3\">\n<div class=\"flex max-w-full flex-col grow\">\n<div class=\"min-h-8 text-message relative flex w-full flex-col items-end gap-2 text-start break-words whitespace-normal [.text-message+&amp;]:mt-5\" dir=\"auto\" data-message-author-role=\"assistant\" data-message-id=\"6758ac35-228c-4265-be01-e53fa8d3fa48\" data-message-model-slug=\"gpt-4o\">\n<div class=\"flex w-full flex-col gap-1 empty:hidden first:pt-[3px]\">\n<div class=\"markdown prose dark:prose-invert w-full break-words light\">\n<h3 class=\"\" data-start=\"201\" data-end=\"278\">Weizenstroh Dermaplaning Klingen \u2013 3 St\u00fcck | F\u00fcr eine glatte, strahlende Haut<\/h3>\n<p class=\"\" data-start=\"280\" data-end=\"432\"><strong data-start=\"280\" data-end=\"432\">Entfernen Sie abgestorbene Hautsch\u00fcppchen und Flaumhaare auf nat\u00fcrliche, umweltfreundliche Weise. Perfekt f\u00fcr frische, ebenm\u00e4\u00dfige Haut, ohne Plastikm\u00fcll. <\/strong><\/p>\n<p class=\"\" data-start=\"434\" data-end=\"763\">Mit diesen <strong data-start=\"443\" data-end=\"495\">langlebigen Dermaplaning Rasierklingen aus Weizenstroh<\/strong> kannst du deinem Gesicht ganz einfach einen Schub verleihen. Die Klingen entfernen sanft abgestorbene Hautsch\u00fcppchen und feine H\u00e4rchen f\u00fcr einen glatten, strahlenden Teint. Hergestellt aus pflanzlichen Reststoffen und verpackt in 100% biologisch abbaubarem Material. Besser f\u00fcr Ihre Haut und den Planeten.   <\/p>\n<h3 class=\"\" data-start=\"770\" data-end=\"796\">Was ist Dermaplaning?<\/h3>\n<p class=\"\" data-start=\"798\" data-end=\"1117\">Dermaplaning ist eine beliebte Behandlung, bei der eine speziell entwickelte Klinge sanft \u00fcber die Haut gef\u00fchrt wird. Dadurch werden abgestorbene Hautsch\u00fcppchen und feine Flaumhaare entfernt. Das Ergebnis: glatte Haut, verfeinerte Poren und ein nat\u00fcrlicher Glow. Ihr Make-up haftet besser und die Hautpflege zieht besser ein.   <\/p>\n<h3 class=\"\" data-start=\"1124\" data-end=\"1179\">Vorteile dieser Weizenstroh-Dermaplaniermesser:<\/h3>\n<p class=\"\" data-start=\"1181\" data-end=\"1537\">&#x2705; Entfernt abgestorbene Hautzellen und Flaumhaare<br data-start=\"1225\" data-end=\"1228\">&#x2705; Lassen Sie Make-up gleichm\u00e4\u00dfig auftragen<br data-start=\"1265\" data-end=\"1268\">&#x2705; Reduziert feine Linien und Unreinheiten<br data-start=\"1312\" data-end=\"1315\">&#x2705; Peelt sanft<br data-start=\"1342\" data-end=\"1345\">&#x2705; Glatte, weiche Haut mit gesundem Glanz<br data-start=\"1388\" data-end=\"1391\">&#x2705; Hergestellt aus Weizenstroh \u2013 kein Plastikm\u00fcll<br data-start=\"1435\" data-end=\"1438\">&#x2705; 100% biologisch abbaubare Verpackung<br data-start=\"1478\" data-end=\"1481\">&#x2705; Ideal f\u00fcr den Heimgebrauch und unterwegs (mit Schutzh\u00fclle)<\/p>\n<h3 class=\"\" data-start=\"1544\" data-end=\"1568\">&#x1f4e6; Was ist in der Box:<\/h3>\n<ul data-start=\"1569\" data-end=\"1627\">\n<li class=\"\" data-start=\"1569\" data-end=\"1627\">\n<p class=\"\" data-start=\"1571\" data-end=\"1627\">3x Weizenstroh Dermaplaning Rasierklingen (mit Schutzkappe)<\/p>\n<\/li>\n<\/ul>\n<h3 class=\"\" data-start=\"1634\" data-end=\"1653\">&#x1f504; Tipps zur Verwendung<\/h3>\n<p class=\"\" data-start=\"1655\" data-end=\"1821\">Verwenden Sie die Klinge auf sauberer, trockener Haut. Ziehen Sie die Haut leicht straff und rasieren Sie sich in kurzen, sanften Strichen in Haarwuchsrichtung. Ideal f\u00fcr die Aktualisierung:  <\/p>\n<ul data-start=\"1822\" data-end=\"1904\">\n<li class=\"\" data-start=\"1822\" data-end=\"1830\">\n<p class=\"\" data-start=\"1824\" data-end=\"1830\">Wangen<\/p>\n<\/li>\n<li class=\"\" data-start=\"1831\" data-end=\"1841\">\n<p class=\"\" data-start=\"1833\" data-end=\"1841\">Oberlippe<\/p>\n<\/li>\n<li class=\"\" data-start=\"1842\" data-end=\"1847\">\n<p class=\"\" data-start=\"1844\" data-end=\"1847\">Kinn<\/p>\n<\/li>\n<li class=\"\" data-start=\"1848\" data-end=\"1859\">\n<p class=\"\" data-start=\"1850\" data-end=\"1859\">Stirn<\/p>\n<\/li>\n<li class=\"\" data-start=\"1860\" data-end=\"1904\">\n<p class=\"\" data-start=\"1862\" data-end=\"1904\">Augenbrauenkonturen (pr\u00e4zise Anwendung!)<\/p>\n<\/li>\n<\/ul>\n<p class=\"\" data-start=\"1906\" data-end=\"1939\">&#x1f514; <strong data-start=\"1909\" data-end=\"1920\">Hinweis:<\/strong> Nicht verwenden bei:<\/p>\n<ul data-start=\"1940\" data-end=\"2031\">\n<li class=\"\" data-start=\"1940\" data-end=\"1954\">\n<p class=\"\" data-start=\"1942\" data-end=\"1954\">Offene Wunden<\/p>\n<\/li>\n<li class=\"\" data-start=\"1955\" data-end=\"1982\">\n<p class=\"\" data-start=\"1957\" data-end=\"1982\">Aktive Akne oder Infektionen<\/p>\n<\/li>\n<li class=\"\" data-start=\"1983\" data-end=\"2002\">\n<p class=\"\" data-start=\"1985\" data-end=\"2002\">Ekzem oder Rosacea<\/p>\n<\/li>\n<li class=\"\" data-start=\"2003\" data-end=\"2031\">\n<p class=\"\" data-start=\"2005\" data-end=\"2031\">W\u00e4hrend der Einnahme von Antibiotika<\/p>\n<\/li>\n<\/ul>\n<h3 class=\"\" data-start=\"2038\" data-end=\"2065\">&#x267b;&#xfe0f; Umweltbewusste Rasur<\/h3>\n<p class=\"\" data-start=\"2067\" data-end=\"2280\">Diese Gesichtsrasierer werden aus <strong data-start=\"2110\" data-end=\"2123\">Weizenstroh<\/strong> hergestellt, einem nachhaltigen Restprodukt aus der Landwirtschaft. In Kombination mit der <strong data-start=\"2188\" data-end=\"2225\">biologisch abbaubaren Verpackung<\/strong> entscheidest du dich bewusst f\u00fcr eine <strong data-start=\"2250\" data-end=\"2279\">Zero Waste Beauty-Routine<\/strong>. <\/p>\n<h3>\u00dcber Bamboozy<\/h3>\n<p>Bamboozy wurde gegr\u00fcndet, um maximale Wirkung zu erzielen und eine Br\u00fccke zwischen Zero-Waste-Produkten und regul\u00e4ren Produkten zu schlagen.<\/p>\n<p>Um eine echte Wirkung zu erzielen, m\u00fcssen die Produkte nachhaltig sein, ohne dass der Verbraucher sie bewusst ausw\u00e4hlen muss, denn seien wir ehrlich, das ist die gr\u00f6\u00dfte Gruppe.<\/p>\n<p>Das bedeutet, dass es f\u00fcr die Verwendung von Bamboozy-Produkten fast keine Nachteile im Vergleich zu regul\u00e4ren Produkten geben sollte, zusammen mit einem wettbewerbsf\u00e4higen Preis, um sicherzustellen, dass sie die gr\u00f6\u00dfte Wirkung erzielen.<\/p>\n<p><b>&#8222;Wir brauchen nicht eine Handvoll Leute, die Zero Waste perfekt machen. Wir brauchen Millionen von Menschen, die es nicht perfekt machen.&#8220;<\/b><\/p>\n<p>In diesem Sinne bringen sie super sch\u00f6ne und qualitativ hochwertige nachhaltige Produkte auf den Markt. Denn nachhaltig zu sein muss nicht langweilig sein<\/p>\n<p>Die Mission von Bamboozy ist es, nachhaltige Produkte f\u00fcr eine breite Gruppe von Menschen zug\u00e4nglicher zu machen.<\/p>\n<\/div>\n<\/div>\n<\/div>\n<\/div>\n<div class=\"flex justify-start\">\n<div class=\"touch:-me-2 touch:-ms-3.5 -ms-2.5 -me-1 flex items-center p-1 select-none -mt-1 duration-[1.5s] focus-within:transition-none hover:transition-none pointer-events-none [mask-image:linear-gradient(to_right,black_33%,transparent_66%)] [mask-position:100%_0%] [mask-size:300%_100%] motion-safe:transition-[mask-position] group-hover\/turn-messages:pointer-events-auto group-hover\/turn-messages:[mask-position:0_0] group-focus-within\/turn-messages:pointer-events-auto group-focus-within\/turn-messages:[mask-position:0_0] has-data-[state=open]:pointer-events-auto has-data-[state=open]:[mask-position:0_0]\"><\/div>\n<\/div>\n<\/div>\n<\/div>\n<\/div>\n<\/div>\n<\/article>\n<div class=\"pointer-events-none h-px w-px\" aria-hidden=\"true\" data-edge=\"true\"><\/div>\n<div><\/div>\n<\/div>\n<\/div>\n<\/div>\n<\/div>\n<div id=\"thread-bottom-container\" class=\"isolate z-3 w-full basis-auto has-data-has-thread-error:pt-2 has-data-has-thread-error:[box-shadow:var(--sharp-edge-bottom-shadow)] md:border-transparent md:pt-0 dark:border-white\/20 md:dark:border-transparent flex flex-col\">\n<div id=\"thread-bottom\">\n<div class=\"text-base mx-auto [--thread-content-margin:--spacing(4)] @[37rem]:[--thread-content-margin:--spacing(6)] @[72rem]:[--thread-content-margin:--spacing(16)] px-(--thread-content-margin)\">\n<div class=\"[--thread-content-max-width:32rem] @[34rem]:[--thread-content-max-width:40rem] @[64rem]:[--thread-content-max-width:48rem] mx-auto flex max-w-(--thread-content-max-width) flex-1 text-base gap-4 md:gap-5 lg:gap-6\">\n<div class=\"flex justify-center empty:hidden\"><\/div>\n<div class=\"relative z-1 flex max-w-full flex-1 flex-col h-full max-xs:[--force-hide-label:none]\" aria-haspopup=\"dialog\" aria-expanded=\"false\" aria-controls=\"radix-\u00abr75\u00bb\" data-state=\"closed\">\n<div class=\"absolute start-0 end-0 bottom-full z-20\"><\/div>\n<form class=\"w-full [view-transition-name:var(--vt-composer)]\" data-type=\"unified-composer\">\n<div class=\"flex w-full cursor-text flex-col items-center justify-center rounded-[28px] bg-clip-padding contain-inline-size overflow-clip border-token-border-default border shadow-sm sm:shadow-lg dark:shadow-none! bg-token-bg-primary dark:bg-[#303030]\">\n<div class=\"relative flex w-full items-end px-3 py-3\">\n<div class=\"relative flex w-full flex-auto flex-col\">\n<div class=\"relative ms-1.5 grid grid-cols-[auto_minmax(0,1fr)]\"><\/div>\n<\/div>\n<\/div>\n<\/div>\n<\/form>\n<\/div>\n<\/div>\n<\/div>\n<\/div>\n<\/div>\n","protected":false},"excerpt":{"rendered":"<p><strong data-start=\"280\" data-end=\"432\">Entfernen Sie abgestorbene Hautsch\u00fcppchen und Flaumhaare auf nat\u00fcrliche, umweltfreundliche Weise. Perfekt f\u00fcr frische, ebenm\u00e4\u00dfige Haut, ohne Plastikm\u00fcll. <\/strong><\/p>\n","protected":false},"featured_media":222928,"comment_status":"open","ping_status":"closed","template":"","meta":{"_acf_changed":false},"product_cat":[4604,8687,9290],"product_tag":[],"berocket_brand":[10018],"class_list":["post-222942","product","type-product","status-publish","has-post-thumbnail","hentry","product_cat-neu","product_cat-pflege","product_cat-pflege-produkte","product_shipping_class-pakket-de","berocket_brand-bamboozy-de"],"acf":[],"aioseo_notices":[],"_links":{"self":[{"href":"https:\/\/glownaturalliving.com\/de\/wp-json\/wp\/v2\/product\/222942","targetHints":{"allow":["GET"]}}],"collection":[{"href":"https:\/\/glownaturalliving.com\/de\/wp-json\/wp\/v2\/product"}],"about":[{"href":"https:\/\/glownaturalliving.com\/de\/wp-json\/wp\/v2\/types\/product"}],"replies":[{"embeddable":true,"href":"https:\/\/glownaturalliving.com\/de\/wp-json\/wp\/v2\/comments?post=222942"}],"wp:featuredmedia":[{"embeddable":true,"href":"https:\/\/glownaturalliving.com\/de\/wp-json\/wp\/v2\/media\/222928"}],"wp:attachment":[{"href":"https:\/\/glownaturalliving.com\/de\/wp-json\/wp\/v2\/media?parent=222942"}],"wp:term":[{"taxonomy":"product_cat","embeddable":true,"href":"https:\/\/glownaturalliving.com\/de\/wp-json\/wp\/v2\/product_cat?post=222942"},{"taxonomy":"product_tag","embeddable":true,"href":"https:\/\/glownaturalliving.com\/de\/wp-json\/wp\/v2\/product_tag?post=222942"},{"taxonomy":"berocket_brand","embeddable":true,"href":"https:\/\/glownaturalliving.com\/de\/wp-json\/wp\/v2\/berocket_brand?post=222942"}],"curies":[{"name":"wp","href":"https:\/\/api.w.org\/{rel}","templated":true}]}}