{"id":222996,"date":"2025-05-16T13:54:09","date_gmt":"2025-05-16T12:54:09","guid":{"rendered":"https:\/\/glownaturalliving.com\/?post_type=product&#038;p=222996"},"modified":"2025-05-26T19:05:32","modified_gmt":"2025-05-26T18:05:32","slug":"handgemaakte-natuurlijke-zeep-charcoal-100g","status":"publish","type":"product","link":"https:\/\/glownaturalliving.com\/de\/winkel\/geschenk\/fur-ihn\/handgemaakte-natuurlijke-zeep-charcoal-100g\/","title":{"rendered":"Handgemachte Naturseife Holzkohle 100g"},"content":{"rendered":"<h3 class=\"\" data-start=\"163\" data-end=\"295\"><strong data-start=\"167\" data-end=\"295\">Naturseife mit Aktivkohle, Sandelholz &amp; Pfefferminze | Biologisch abbaubar und gr\u00fcndlich zu reinigen<\/strong><\/h3>\n<p class=\"\" data-start=\"297\" data-end=\"739\"><strong data-start=\"297\" data-end=\"426\">Tiefenreinigend, erfrischend und pflegend. Diese Naturseife mit Aktivkohle ist ein wahres Kraftpaket f\u00fcr Ihre Haut. <\/strong><br data-start=\"426\" data-end=\"429\">Die organische, handgemachte Rezeptur reinigt intensiv porentief. Die Aktivkohle (Holzkohle) absorbiert \u00fcbersch\u00fcssigen Talg und hilft effektiv bei der Bek\u00e4mpfung von <strong data-start=\"613\" data-end=\"645\">Akne, Mitessern<\/strong> und gl\u00e4nzender Haut. Ideal f\u00fcr die t\u00e4gliche Anwendung bei unreiner oder Mischhaut.  <\/p>\n<p class=\"\" data-start=\"741\" data-end=\"979\">Die kraftvolle Kombination aus <strong data-start=\"769\" data-end=\"804\">Sandelholz\u00f6l und Pfefferminz\u00f6l<\/strong> schafft ein einzigartiges, langanhaltendes Dufterlebnis. Sandelholz beruhigt und pflegt trockene Haut, w\u00e4hrend Pfefferminze die Durchblutung anregt und f\u00fcr ein frisches und energiegeladenes Hautgef\u00fchl sorgt. <\/p>\n<p class=\"\" data-start=\"981\" data-end=\"1142\">Dank der leicht rauen Textur hat die Seife einen dezenten Peeling-Effekt, der f\u00fcr ein sanftes Peeling sorgt. Perfekt als <strong data-start=\"1101\" data-end=\"1141\">Duschseife, Handseife oder K\u00f6rperseife<\/strong>. <\/p>\n<h3 class=\"\" data-start=\"1149\" data-end=\"1202\"><strong data-start=\"1153\" data-end=\"1202\">Vorteile dieser nat\u00fcrlichen Aktivkohleseife:<\/strong><\/h3>\n<ul data-start=\"1204\" data-end=\"1620\">\n<li class=\"\" data-start=\"1204\" data-end=\"1259\">\n<p class=\"\" data-start=\"1206\" data-end=\"1259\">&#x2714;&#xfe0f; Aktivkohle f\u00fcr die porentiefe Reinigung<\/p>\n<\/li>\n<li class=\"\" data-start=\"1260\" data-end=\"1311\">\n<p class=\"\" data-start=\"1262\" data-end=\"1311\">&#x2714;&#xfe0f; Hilft bei Akne, Mitessern und fettiger Haut<\/p>\n<\/li>\n<li class=\"\" data-start=\"1312\" data-end=\"1363\">\n<p class=\"\" data-start=\"1314\" data-end=\"1363\">&#x2714;&#xfe0f; Erfrischende Mischung aus Sandelholz und Pfefferminze<\/p>\n<\/li>\n<li class=\"\" data-start=\"1364\" data-end=\"1418\">\n<p class=\"\" data-start=\"1366\" data-end=\"1418\">&#x2714;&#xfe0f; Leichter Peeling-Effekt durch die handgefertigte Textur<\/p>\n<\/li>\n<li class=\"\" data-start=\"1419\" data-end=\"1466\">\n<p class=\"\" data-start=\"1421\" data-end=\"1466\">&#x2714;&#xfe0f; 100% nat\u00fcrlich &amp; biologisch abbaubar<\/p>\n<\/li>\n<li class=\"\" data-start=\"1467\" data-end=\"1509\">\n<p class=\"\" data-start=\"1469\" data-end=\"1509\">&#x2714;&#xfe0f; Vegan, tierversuchsfrei und alkoholfrei<\/p>\n<\/li>\n<li class=\"\" data-start=\"1510\" data-end=\"1552\">\n<p class=\"\" data-start=\"1512\" data-end=\"1552\">&#x2714;&#xfe0f; Frei von SLS, SLES und Mikroplastik<\/p>\n<\/li>\n<li class=\"\" data-start=\"1553\" data-end=\"1594\">\n<p class=\"\" data-start=\"1555\" data-end=\"1594\">&#x2714;&#xfe0f; Zero Waste: in Reispapier eingewickelt<\/p>\n<\/li>\n<li class=\"\" data-start=\"1595\" data-end=\"1620\">\n<p class=\"\" data-start=\"1597\" data-end=\"1620\">&#x2714;&#xfe0f; Halal-zertifiziert<\/p>\n<\/li>\n<\/ul>\n<h3 class=\"\" data-start=\"1627\" data-end=\"1648\"><strong data-start=\"1631\" data-end=\"1648\">Tipps zur Verwendung:<\/strong><\/h3>\n<p class=\"\" data-start=\"1650\" data-end=\"1814\">F\u00fcr ein optimales Ergebnis legen Sie die Seife nach Gebrauch auf einen<strong data-start=\"1723\" data-end=\"1763\"> Seifen- oder Shampoohalter<\/strong>. Auf diese Weise trocknet die Seife gut und h\u00e4lt l\u00e4nger. <\/p>\n<p class=\"\" data-start=\"1816\" data-end=\"2069\"><strong data-start=\"1816\" data-end=\"1827\">Bitte beachten Sie:<\/strong> Bewahren Sie die Riegel fern von Spritzwasser oder au\u00dferhalb der Dusche auf. Auf Reisen: Tupfen Sie den Riegel trocken und bewahren Sie ihn in einem Reiseetui auf. <strong data-start=\"1986\" data-end=\"2013\">Verwenden Sie keine nasse Dose<\/strong> , um den Riegel aufzubewahren, da dies zum Verkleben f\u00fchren kann. <\/p>\n<p><strong>Zutaten<\/strong><\/p>\n<div class=\"accordion__wrapper\">\n<div id=\"description-1\" class=\"accordion__body\" data-accordion-body=\"\">\n<p><span class=\"metafield-multi_line_text_field\">Nachhaltig angebautes Palm\u00f6l (Elaeis guineensis), Wasser (Aqua), Kokos\u00f6l (Cocos nucifera), Natriumhydroxid NaOH (Natriumhydroxid)*, Kokoskohle, Sandelholz\u00f6l (Santalum album), Pfefferminz\u00f6l (Mentha piperita)<\/p>\n<p>*Wird w\u00e4hrend des Verseifungsprozesses verwendet, um \u00d6l in Seife zu verwandeln. Im Endprodukt bleibt nichts zur\u00fcck <\/span><\/p>\n<\/div>\n<\/div>\n<div class=\"accordion__wrapper\"><\/div>\n<p><strong>\u00dcber Elicious<\/strong><\/p>\n<p>Elicious steht f\u00fcr nachhaltige, umweltfreundliche Produkte, die bezahlbar sind. Unsere Produkte werden aus gesunden Zutaten hergestellt, die immer klar gekennzeichnet sind. Sie sind frei von Parabenen, Sulfaten, giftigen Chemikalien und unn\u00f6tigen Zusatzstoffen \u2013 schlicht und einfach&#8230;. nur Elicious<\/p>\n","protected":false},"excerpt":{"rendered":"<p><strong data-start=\"297\" data-end=\"426\">Tiefenreinigend, erfrischend und pflegend. Diese Naturseife mit Aktivkohle ist ein wahres Kraftpaket f\u00fcr Ihre Haut. <\/strong><\/p>\n","protected":false},"featured_media":223000,"comment_status":"open","ping_status":"closed","template":"","meta":{"_acf_changed":false},"product_cat":[10001,9987,4604,8687,9290],"product_tag":[],"berocket_brand":[9839],"class_list":["post-222996","product","type-product","status-publish","has-post-thumbnail","hentry","product_cat-fur-ihn","product_cat-geschenk","product_cat-neu","product_cat-pflege","product_cat-pflege-produkte","product_shipping_class-pakket-de","berocket_brand-elicious"],"acf":[],"aioseo_notices":[],"_links":{"self":[{"href":"https:\/\/glownaturalliving.com\/de\/wp-json\/wp\/v2\/product\/222996","targetHints":{"allow":["GET"]}}],"collection":[{"href":"https:\/\/glownaturalliving.com\/de\/wp-json\/wp\/v2\/product"}],"about":[{"href":"https:\/\/glownaturalliving.com\/de\/wp-json\/wp\/v2\/types\/product"}],"replies":[{"embeddable":true,"href":"https:\/\/glownaturalliving.com\/de\/wp-json\/wp\/v2\/comments?post=222996"}],"wp:featuredmedia":[{"embeddable":true,"href":"https:\/\/glownaturalliving.com\/de\/wp-json\/wp\/v2\/media\/223000"}],"wp:attachment":[{"href":"https:\/\/glownaturalliving.com\/de\/wp-json\/wp\/v2\/media?parent=222996"}],"wp:term":[{"taxonomy":"product_cat","embeddable":true,"href":"https:\/\/glownaturalliving.com\/de\/wp-json\/wp\/v2\/product_cat?post=222996"},{"taxonomy":"product_tag","embeddable":true,"href":"https:\/\/glownaturalliving.com\/de\/wp-json\/wp\/v2\/product_tag?post=222996"},{"taxonomy":"berocket_brand","embeddable":true,"href":"https:\/\/glownaturalliving.com\/de\/wp-json\/wp\/v2\/berocket_brand?post=222996"}],"curies":[{"name":"wp","href":"https:\/\/api.w.org\/{rel}","templated":true}]}}