{"id":223011,"date":"2025-05-16T14:27:16","date_gmt":"2025-05-16T13:27:16","guid":{"rendered":"https:\/\/glownaturalliving.com\/winkel\/unkategorisiert\/gua-sha-board-van-rozenkwarts-natuurlijke-gezichtsmassage-voor-een-stralende-huid\/"},"modified":"2025-05-16T14:27:16","modified_gmt":"2025-05-16T13:27:16","slug":"gua-sha-board-van-rozenkwarts-natuurlijke-gezichtsmassage-voor-een-stralende-huid","status":"publish","type":"product","link":"https:\/\/glownaturalliving.com\/de\/winkel\/geschenk\/fuer-sie\/gua-sha-board-van-rozenkwarts-natuurlijke-gezichtsmassage-voor-een-stralende-huid\/","title":{"rendered":"Gua Sha Brett aus Rosenquarz \u2013 Nat\u00fcrliche Gesichtsmassage f\u00fcr strahlende Haut"},"content":{"rendered":"<h3 class=\"\" data-start=\"234\" data-end=\"343\"><strong data-start=\"238\" data-end=\"343\">Gua Sha Rosenquarz Schaber | Nat\u00fcrliche Gesichtsmassage &amp; Hautpflege<\/strong><\/h3>\n<p class=\"\" data-start=\"345\" data-end=\"736\"><strong data-start=\"345\" data-end=\"461\">Verw\u00f6hnen Sie Ihre Haut mit dem Luxus und der Weichheit dieses Gua Sha Schabers aus 100% nat\u00fcrlichem Rosenquarz.<\/strong><br data-start=\"461\" data-end=\"464\">Dieses traditionelle Beauty-Tool aus der chinesischen Medizin regt <strong data-start=\"534\" data-end=\"550\">die Durchblutung<\/strong> an, reduziert <strong data-start=\"563\" data-end=\"580\">Muskelverspannungen<\/strong> und unterst\u00fctzt den nat\u00fcrlichen <strong data-start=\"611\" data-end=\"628\">Lymphabfluss<\/strong> der Haut. Das Ergebnis? Frischere, straffere und strahlendere Haut \u2013 ganz nat\u00fcrlich.  <\/p>\n<p class=\"\" data-start=\"738\" data-end=\"1095\">Bekannt als der Stein der Liebe und Harmonie, wird Rosenquarz f\u00fcr seine beruhigende Wirkung auf Haut und Geist geliebt. Durch die sorgf\u00e4ltig gesch\u00e4rfte Form eignet sich das Gua Sha Brett perfekt f\u00fcr die <strong data-start=\"944\" data-end=\"998\">Massage von Gesicht, Hals und Dekollet\u00e9<\/strong>. Regelm\u00e4\u00dfige Anwendung hilft <strong data-start=\"1049\" data-end=\"1094\">, Schwellungen, feine Linien und einen stumpfen Teint<\/strong> zu reduzieren.  <\/p>\n<h3 class=\"\" data-start=\"1102\" data-end=\"1158\"><strong data-start=\"1106\" data-end=\"1158\">Vorteile dieses Gua Sha Boards aus Rosenquarz:<\/strong><\/h3>\n<ul data-start=\"1160\" data-end=\"1505\">\n<li class=\"\" data-start=\"1160\" data-end=\"1214\">\n<p class=\"\" data-start=\"1162\" data-end=\"1214\">&#x2714;&#xfe0f; Hergestellt aus 100% echtem, nat\u00fcrlichem Rosenquarz<\/p>\n<\/li>\n<li class=\"\" data-start=\"1215\" data-end=\"1262\">\n<p class=\"\" data-start=\"1217\" data-end=\"1262\">&#x2714;&#xfe0f; Regt die Durchblutung und die Lymphdrainage an<\/p>\n<\/li>\n<li class=\"\" data-start=\"1263\" data-end=\"1314\">\n<p class=\"\" data-start=\"1265\" data-end=\"1314\">&#x2714;&#xfe0f; Hilft bei Schwellungen, Verspannungen und feinen Linien<\/p>\n<\/li>\n<li class=\"\" data-start=\"1315\" data-end=\"1359\">\n<p class=\"\" data-start=\"1317\" data-end=\"1359\">&#x2714;&#xfe0f; F\u00f6rdert eine strahlende, straffe Haut<\/p>\n<\/li>\n<li class=\"\" data-start=\"1360\" data-end=\"1414\">\n<p class=\"\" data-start=\"1362\" data-end=\"1414\">&#x2714;&#xfe0f; Handliche Gr\u00f6\u00dfe f\u00fcr Gesicht, Hals und Kiefer<\/p>\n<\/li>\n<li class=\"\" data-start=\"1415\" data-end=\"1454\">\n<p class=\"\" data-start=\"1417\" data-end=\"1454\">&#x2714;&#xfe0f; Luxuri\u00f6ses Wellness-Erlebnis zu Hause<\/p>\n<\/li>\n<li class=\"\" data-start=\"1455\" data-end=\"1505\">\n<p class=\"\" data-start=\"1457\" data-end=\"1505\">&#x2714;&#xfe0f; Langlebig, wiederverwendbar und umweltfreundlich<\/p>\n<\/li>\n<\/ul>\n<h3 class=\"\" data-start=\"1512\" data-end=\"1533\"><strong data-start=\"1516\" data-end=\"1533\">Tipps zur Verwendung:<\/strong><\/h3>\n<p class=\"\" data-start=\"1535\" data-end=\"1810\">Verwenden Sie das Gua Sha Brett auf der gereinigten Haut in Kombination mit einem Gesichts\u00f6l oder Serum. Machen Sie sanfte, streichende Bewegungen nach oben und au\u00dfen, um beste Ergebnisse zu erzielen. <br data-start=\"1716\" data-end=\"1719\"><strong data-start=\"1719\" data-end=\"1727\">Trinkgeld:<\/strong> Bewahren Sie den Stein im K\u00fchlschrank auf, um nach dem Aufwachen einen besonders erfrischenden Effekt zu erzielen!<\/p>\n","protected":false},"excerpt":{"rendered":"<p><strong data-start=\"345\" data-end=\"461\">Verw\u00f6hnen Sie Ihre Haut mit dem Luxus und der Weichheit dieses Gua Sha Schabers aus 100% nat\u00fcrlichem Rosenquarz.<\/strong><\/p>\n","protected":false},"featured_media":223022,"comment_status":"open","ping_status":"closed","template":"","meta":{"_acf_changed":false},"product_cat":[9998,9987,4604,8687,9290],"product_tag":[],"berocket_brand":[],"class_list":["post-223011","product","type-product","status-publish","has-post-thumbnail","hentry","product_cat-fuer-sie","product_cat-geschenk","product_cat-neu","product_cat-pflege","product_cat-pflege-produkte","product_shipping_class-pakket-de"],"acf":[],"aioseo_notices":[],"_links":{"self":[{"href":"https:\/\/glownaturalliving.com\/de\/wp-json\/wp\/v2\/product\/223011","targetHints":{"allow":["GET"]}}],"collection":[{"href":"https:\/\/glownaturalliving.com\/de\/wp-json\/wp\/v2\/product"}],"about":[{"href":"https:\/\/glownaturalliving.com\/de\/wp-json\/wp\/v2\/types\/product"}],"replies":[{"embeddable":true,"href":"https:\/\/glownaturalliving.com\/de\/wp-json\/wp\/v2\/comments?post=223011"}],"wp:featuredmedia":[{"embeddable":true,"href":"https:\/\/glownaturalliving.com\/de\/wp-json\/wp\/v2\/media\/223022"}],"wp:attachment":[{"href":"https:\/\/glownaturalliving.com\/de\/wp-json\/wp\/v2\/media?parent=223011"}],"wp:term":[{"taxonomy":"product_cat","embeddable":true,"href":"https:\/\/glownaturalliving.com\/de\/wp-json\/wp\/v2\/product_cat?post=223011"},{"taxonomy":"product_tag","embeddable":true,"href":"https:\/\/glownaturalliving.com\/de\/wp-json\/wp\/v2\/product_tag?post=223011"},{"taxonomy":"berocket_brand","embeddable":true,"href":"https:\/\/glownaturalliving.com\/de\/wp-json\/wp\/v2\/berocket_brand?post=223011"}],"curies":[{"name":"wp","href":"https:\/\/api.w.org\/{rel}","templated":true}]}}