{"id":223024,"date":"2025-05-16T14:52:33","date_gmt":"2025-05-16T13:52:33","guid":{"rendered":"https:\/\/glownaturalliving.com\/?post_type=product&#038;p=223024"},"modified":"2025-05-26T19:05:24","modified_gmt":"2025-05-26T18:05:24","slug":"gua-sha-board-van-aventurijn-kalmerende-gezichtsmassage-voor-een-gezonde-stralende-huid","status":"publish","type":"product","link":"https:\/\/glownaturalliving.com\/de\/winkel\/geschenk\/fuer-sie\/gua-sha-board-van-aventurijn-kalmerende-gezichtsmassage-voor-een-gezonde-stralende-huid\/","title":{"rendered":"Gua Sha Board von Aventurine \u2013 wohltuende Gesichtsmassage f\u00fcr eine gesunde, strahlende Haut"},"content":{"rendered":"<h3 class=\"\" data-start=\"289\" data-end=\"400\"><strong data-start=\"293\" data-end=\"400\">Gua Sha Schaber von Aventurin | Entspannender, hautreparierender und nat\u00fcrlicher Glanz<\/strong><\/h3>\n<p class=\"\" data-start=\"402\" data-end=\"746\">Entdecken Sie die heilende Kraft von Naturstein mit diesem <strong data-start=\"452\" data-end=\"494\">Gua Sha Schaber aus gr\u00fcnem Aventurin<\/strong>. Dieser Edelstein ist bekannt f\u00fcr seine <strong data-start=\"532\" data-end=\"580\">beruhigenden und hautreparierenden Eigenschaften<\/strong> und ist ein Favorit unter Liebhabern nat\u00fcrlicher Hautpflege. Ideal f\u00fcr eine sanfte und effektive Gesichtsmassage, die die Haut sowohl entspannt als auch erfrischt.  <\/p>\n<p class=\"\" data-start=\"748\" data-end=\"1118\">Mit diesem handgefertigten Werkzeug regen Sie <strong data-start=\"791\" data-end=\"807\">die Durchblutung<\/strong> an, f\u00f6rdern die <strong data-start=\"824\" data-end=\"841\">Lymphdrainage<\/strong> und reduzieren <strong data-start=\"858\" data-end=\"875\">Muskelverspannungen<\/strong>. Regelm\u00e4\u00dfige Anwendung hilft <strong data-start=\"926\" data-end=\"952\">, Schwellungen und feine Linien<\/strong> zu reduzieren und einen <strong data-start=\"979\" data-end=\"995\">gesunden Glanz<\/strong> zu erzielen. Aventurin unterst\u00fctzt auch die nat\u00fcrliche Regeneration der Haut und bringt Ausgleich in Ihre t\u00e4gliche Selbstpflegeroutine.  <\/p>\n<p class=\"\" data-start=\"1120\" data-end=\"1344\">Der Gua Sha ist ergonomisch geformt, um sich perfekt an die Konturen von Gesicht, Hals und Kiefer anzupassen. Die beruhigende Wirkung von Aventurin macht dieses Werkzeug besonders geeignet f\u00fcr Menschen mit empfindlicher oder gestresster Haut. <\/p>\n<h3 class=\"\" data-start=\"1351\" data-end=\"1402\"><strong data-start=\"1355\" data-end=\"1402\">Vorteile des Aventurine Gua Sha Boards:<\/strong><\/h3>\n<ul data-start=\"1404\" data-end=\"1768\">\n<li class=\"\" data-start=\"1404\" data-end=\"1457\">\n<p class=\"\" data-start=\"1406\" data-end=\"1457\">&#x2714;&#xfe0f; Hergestellt aus 100% nat\u00fcrlichem gr\u00fcnem Aventurin<\/p>\n<\/li>\n<li class=\"\" data-start=\"1458\" data-end=\"1510\">\n<p class=\"\" data-start=\"1460\" data-end=\"1510\">&#x2714;&#xfe0f; Beruhigende und regenerierende Wirkung auf die Haut<\/p>\n<\/li>\n<li class=\"\" data-start=\"1511\" data-end=\"1557\">\n<p class=\"\" data-start=\"1513\" data-end=\"1557\">&#x2714;&#xfe0f; Verbessert die Durchblutung und die Lymphdrainage<\/p>\n<\/li>\n<li class=\"\" data-start=\"1558\" data-end=\"1610\">\n<p class=\"\" data-start=\"1560\" data-end=\"1610\">&#x2714;&#xfe0f; Reduziert Verspannungen, Schwellungen und feine Linien<\/p>\n<\/li>\n<li class=\"\" data-start=\"1611\" data-end=\"1659\">\n<p class=\"\" data-start=\"1613\" data-end=\"1659\">&#x2714;&#xfe0f; F\u00f6rdert einen nat\u00fcrlichen, gesunden Glanz<\/p>\n<\/li>\n<li class=\"\" data-start=\"1660\" data-end=\"1709\">\n<p class=\"\" data-start=\"1662\" data-end=\"1709\">&#x2714;&#xfe0f; Nachhaltig, handgemacht und umweltfreundlich<\/p>\n<\/li>\n<li class=\"\" data-start=\"1710\" data-end=\"1768\">\n<p class=\"\" data-start=\"1712\" data-end=\"1768\">&#x2714;&#xfe0f; Perfekt f\u00fcr die t\u00e4gliche Anwendung bei empfindlicher Haut<\/p>\n<\/li>\n<\/ul>\n<h3 class=\"\" data-start=\"1775\" data-end=\"1796\"><strong data-start=\"1779\" data-end=\"1796\">Tipps zur Verwendung:<\/strong><\/h3>\n<p class=\"\" data-start=\"1798\" data-end=\"2069\">Verwenden Sie das Gua Sha Brett auf der gereinigten Haut in Kombination mit einem Gesichts\u00f6l oder Serum. Bewegen Sie sich mit leichtem Druck in Aufw\u00e4rts- und Au\u00dfenbewegungen. <br data-start=\"1963\" data-end=\"1966\"><strong data-start=\"1966\" data-end=\"1974\">Trinkgeld:<\/strong> F\u00fcr einen k\u00fchlenden und erfrischenden Effekt k\u00f6nnen Sie den Stein vor Gebrauch im K\u00fchlschrank aufbewahren.<\/p>\n","protected":false},"excerpt":{"rendered":"<p>Entdecken Sie die heilende Kraft von Naturstein mit diesem <strong data-start=\"452\" data-end=\"494\">Gua Sha Schaber aus gr\u00fcnem Aventurin<\/strong>.<\/p>\n","protected":false},"featured_media":223031,"comment_status":"open","ping_status":"closed","template":"","meta":{"_acf_changed":false},"product_cat":[9998,9987,4604,8687,9290],"product_tag":[],"berocket_brand":[],"class_list":["post-223024","product","type-product","status-publish","has-post-thumbnail","hentry","product_cat-fuer-sie","product_cat-geschenk","product_cat-neu","product_cat-pflege","product_cat-pflege-produkte","product_shipping_class-pakket-de"],"acf":[],"aioseo_notices":[],"_links":{"self":[{"href":"https:\/\/glownaturalliving.com\/de\/wp-json\/wp\/v2\/product\/223024","targetHints":{"allow":["GET"]}}],"collection":[{"href":"https:\/\/glownaturalliving.com\/de\/wp-json\/wp\/v2\/product"}],"about":[{"href":"https:\/\/glownaturalliving.com\/de\/wp-json\/wp\/v2\/types\/product"}],"replies":[{"embeddable":true,"href":"https:\/\/glownaturalliving.com\/de\/wp-json\/wp\/v2\/comments?post=223024"}],"wp:featuredmedia":[{"embeddable":true,"href":"https:\/\/glownaturalliving.com\/de\/wp-json\/wp\/v2\/media\/223031"}],"wp:attachment":[{"href":"https:\/\/glownaturalliving.com\/de\/wp-json\/wp\/v2\/media?parent=223024"}],"wp:term":[{"taxonomy":"product_cat","embeddable":true,"href":"https:\/\/glownaturalliving.com\/de\/wp-json\/wp\/v2\/product_cat?post=223024"},{"taxonomy":"product_tag","embeddable":true,"href":"https:\/\/glownaturalliving.com\/de\/wp-json\/wp\/v2\/product_tag?post=223024"},{"taxonomy":"berocket_brand","embeddable":true,"href":"https:\/\/glownaturalliving.com\/de\/wp-json\/wp\/v2\/berocket_brand?post=223024"}],"curies":[{"name":"wp","href":"https:\/\/api.w.org\/{rel}","templated":true}]}}