{"id":223044,"date":"2025-05-20T13:38:08","date_gmt":"2025-05-20T12:38:08","guid":{"rendered":"https:\/\/glownaturalliving.com\/winkel\/unkategorisiert\/haarstylingcreme-met-arganolie-100-ml-natuurlijke-styling-voor-krullen-kort-haar\/"},"modified":"2025-05-20T14:04:36","modified_gmt":"2025-05-20T13:04:36","slug":"haarstylingcreme-met-arganolie-100-ml-natuurlijke-styling-voor-krullen-kort-haar","status":"publish","type":"product","link":"https:\/\/glownaturalliving.com\/de\/winkel\/pflege\/pflege-produkte\/haarstylingcreme-met-arganolie-100-ml-natuurlijke-styling-voor-krullen-kort-haar\/","title":{"rendered":"Haarstyling-Creme mit Argan\u00f6l \u2013 100 ml | Nat\u00fcrliches Styling f\u00fcr lockiges und kurzes Haar"},"content":{"rendered":"<h3>Haarstyling-Creme mit Argan\u00f6l \u2013 100 ml | Nat\u00fcrliches Styling f\u00fcr lockiges und kurzes Haar<\/h3>\n<p class=\"\" data-start=\"571\" data-end=\"987\">Verleihen Sie Ihrem Haar nat\u00fcrlichen Halt und Pflege mit der <strong data-start=\"642\" data-end=\"696\">Fair Squared Hair Styling Cream mit Argan\u00f6l<\/strong>. Diese pflegende Stylingcreme ist mit hochwertigen, pflanzlichen \u00d6len formuliert, die nicht nur fixieren, sondern auch mit Feuchtigkeit versorgen und sch\u00fctzen. Die einzigartige Mischung aus <strong data-start=\"854\" data-end=\"889\">Fairtrade-Argan\u00f6l aus Marokko<\/strong>, <strong data-start=\"891\" data-end=\"919\">Mandel\u00f6l aus Pakistan<\/strong> und <strong data-start=\"923\" data-end=\"936\">Kokos\u00f6l<\/strong> sorgt f\u00fcr einen flexiblen Halt, ohne zu beschweren. <\/p>\n<p class=\"\" data-start=\"989\" data-end=\"1308\">Ideal f\u00fcr <strong data-start=\"1001\" data-end=\"1026\">lockiges und kurzes Haar,<\/strong> aber auch f\u00fcr jede Frisur geeignet, die ein nat\u00fcrliches Styling und zus\u00e4tzliche Pflege ben\u00f6tigt. Die Creme kann sowohl auf <strong data-start=\"1153\" data-end=\"1179\">trockenem als auch auf feuchtem Haar<\/strong> verwendet werden und eignet sich auch hervorragend als Alternative zum F\u00f6hnen. Ihr Haar bleibt in Form, mit einem gesunden Glanz und ohne Schadstoffe.  <\/p>\n<p class=\"\" data-start=\"1315\" data-end=\"1340\"><strong data-start=\"1315\" data-end=\"1338\">Manuell:<\/strong><\/p>\n<ol data-start=\"1341\" data-end=\"1576\">\n<li class=\"\" data-start=\"1341\" data-end=\"1367\">\n<p class=\"\" data-start=\"1344\" data-end=\"1367\">Waschen Sie sich vorher die H\u00e4nde.<\/p>\n<\/li>\n<li class=\"\" data-start=\"1368\" data-end=\"1446\">\n<p class=\"\" data-start=\"1371\" data-end=\"1446\">Reiben Sie eine haselnussgro\u00dfe Menge zwischen Ihren Handfl\u00e4chen.<\/p>\n<\/li>\n<li class=\"\" data-start=\"1447\" data-end=\"1514\">\n<p class=\"\" data-start=\"1450\" data-end=\"1514\">Verteilen Sie die Creme gleichm\u00e4\u00dfig auf dem trockenen oder handtuchtrockenen Haar.<\/p>\n<\/li>\n<li class=\"\" data-start=\"1515\" data-end=\"1576\">\n<p class=\"\" data-start=\"1518\" data-end=\"1576\">Wie gew\u00fcnscht stylen. F\u00f6hnen ist m\u00f6glich, aber nicht notwendig. <\/p>\n<\/li>\n<\/ol>\n<p>&nbsp;<\/p>\n<p class=\"\" data-start=\"1583\" data-end=\"1633\"><strong data-start=\"1583\" data-end=\"1631\">Vorteile der Fair Squared Hair Styling Cream:<\/strong><\/p>\n<ul data-start=\"1634\" data-end=\"1953\">\n<li class=\"\" data-start=\"1634\" data-end=\"1702\">\n<p class=\"\" data-start=\"1636\" data-end=\"1702\">Angereichert mit <strong data-start=\"1649\" data-end=\"1700\">Bio-Argan\u00f6l, Mandel\u00f6l und Kokos\u00f6l<\/strong><\/p>\n<\/li>\n<li class=\"\" data-start=\"1703\" data-end=\"1754\">\n<p class=\"\" data-start=\"1705\" data-end=\"1754\">100% <strong data-start=\"1710\" data-end=\"1724\">nat\u00fcrlich<\/strong>, <strong data-start=\"1726\" data-end=\"1735\">vegan<\/strong> und <strong data-start=\"1739\" data-end=\"1752\">fair gehandelt<\/strong><\/p>\n<\/li>\n<li class=\"\" data-start=\"1755\" data-end=\"1790\">\n<p class=\"\" data-start=\"1757\" data-end=\"1790\">Geeignet f\u00fcr den t\u00e4glichen Gebrauch<\/p>\n<\/li>\n<li class=\"\" data-start=\"1791\" data-end=\"1863\">\n<p class=\"\" data-start=\"1793\" data-end=\"1863\">Frei von <strong data-start=\"1802\" data-end=\"1839\">Alkohol, Aluminium, Mikroplastik<\/strong> und <strong data-start=\"1843\" data-end=\"1861\">Mineral\u00f6len<\/strong><\/p>\n<\/li>\n<li class=\"\" data-start=\"1864\" data-end=\"1910\">\n<p class=\"\" data-start=\"1866\" data-end=\"1910\"><strong data-start=\"1866\" data-end=\"1895\">CO2-neutrale Produktion<\/strong> in Deutschland<\/p>\n<\/li>\n<li class=\"\" data-start=\"1911\" data-end=\"1953\">\n<p class=\"\" data-start=\"1913\" data-end=\"1953\"><strong data-start=\"1913\" data-end=\"1953\">Umweltfreundlich und tierfreundlich<\/strong><\/p>\n<\/li>\n<\/ul>\n<p>&nbsp;<\/p>\n<p class=\"\" data-start=\"1960\" data-end=\"1981\"><strong data-start=\"1960\" data-end=\"1979\">Produktdetails:<\/strong><\/p>\n<ul data-start=\"1982\" data-end=\"2103\">\n<li class=\"\" data-start=\"1982\" data-end=\"2004\">\n<p class=\"\" data-start=\"1984\" data-end=\"2004\"><strong data-start=\"1984\" data-end=\"1995\">Inhalt:<\/strong> 100 ml<\/p>\n<\/li>\n<li class=\"\" data-start=\"2042\" data-end=\"2078\">\n<p class=\"\" data-start=\"2044\" data-end=\"2078\"><strong data-start=\"2044\" data-end=\"2066\">Herkunftsland:<\/strong> Deutschland<\/p>\n<\/li>\n<\/ul>\n<p data-start=\"2110\" data-end=\"2327\">\n<p class=\"\" data-start=\"2110\" data-end=\"2327\"><strong data-start=\"2110\" data-end=\"2134\">Inhaltsstoffe (INCI):<\/strong><br data-start=\"2134\" data-end=\"2137\">Aqua, Copernica Cerifera Wachs, Glycerin, Argania Spinosa <em data-start=\"2206\" data-end=\"2217\">Kern\u00f6l,<\/em> Prunus Amygdalus Dulcis <em data-start=\"2249\" data-end=\"2262\">\u00d6l, Natriumbenzoat<\/em>, Cocos Nucifera <em data-start=\"2302\" data-end=\"2313\">\u00d6l,<\/em> Zitronens\u00e4ure<\/p>\n<p data-start=\"2334\" data-end=\"2689\">\n<p class=\"\" data-start=\"2334\" data-end=\"2689\"><strong data-start=\"2334\" data-end=\"2356\">Umweltinformationen:<\/strong><br data-start=\"2356\" data-end=\"2359\">Diese Haarstylingcreme enth\u00e4lt nur nat\u00fcrliche, vegane und fair gehandelte Inhaltsstoffe. Dank fairer Handelsbedingungen profitieren Bauern und Arbeiter in L\u00e4ndern wie Marokko, Pakistan und Sri Lanka von besseren Lebensbedingungen und nachhaltiger Entwicklung. W\u00e4hlen Sie bewusst, w\u00e4hlen Sie Fair Squared. Gut f\u00fcr Ihr Haar und die Welt.   <\/p>\n<p data-start=\"2334\" data-end=\"2689\">\n<h3 class=\"\" data-start=\"251\" data-end=\"278\"><strong data-start=\"255\" data-end=\"276\">\u00dcber Fair Squared<\/strong><\/h3>\n<p class=\"\" data-start=\"279\" data-end=\"866\">Fair Squared ist eine nachhaltige und ethische Marke, die f\u00fcr fairen Handel, umweltfreundliche Produktion und nat\u00fcrliche Pflege steht. Alle Fair Squared Produkte werden aus <strong data-start=\"461\" data-end=\"478\">veganen<\/strong>, <strong data-start=\"480\" data-end=\"495\">nat\u00fcrlichen<\/strong> und <strong data-start=\"499\" data-end=\"541\">Fair-Trade-zertifizierten Inhaltsstoffen<\/strong> hergestellt, die von Kleinproduzenten weltweit bezogen werden. Die Marke produziert <strong data-start=\"615\" data-end=\"631\">CO\u2082-neutral<\/strong> in Deutschland und verwendet <strong data-start=\"657\" data-end=\"672\">Glaswaren<\/strong> statt Plastikverpackungen \u2013 stylisch, wiederverwendbar und besser f\u00fcr die Umwelt. Mit Fair Squared entscheidest du dich f\u00fcr bewusste Sch\u00f6nheit ohne Zugest\u00e4ndnisse: <strong data-start=\"827\" data-end=\"865\">fair f\u00fcr Mensch, Tier und den Planeten<\/strong>.   <\/p>\n","protected":false},"excerpt":{"rendered":"<p>Verleihen Sie Ihrem Haar nat\u00fcrlichen Halt und Pflege mit der <strong data-start=\"642\" data-end=\"696\">Fair Squared Hair Styling Cream mit Argan\u00f6l<\/strong>.<\/p>\n","protected":false},"featured_media":223043,"comment_status":"open","ping_status":"closed","template":"","meta":{"_acf_changed":false},"product_cat":[4604,8687,9290],"product_tag":[],"berocket_brand":[10109],"class_list":["post-223044","product","type-product","status-publish","has-post-thumbnail","hentry","product_cat-neu","product_cat-pflege","product_cat-pflege-produkte","product_shipping_class-pakket-de","berocket_brand-fair-im-quadrat"],"acf":[],"aioseo_notices":[],"_links":{"self":[{"href":"https:\/\/glownaturalliving.com\/de\/wp-json\/wp\/v2\/product\/223044","targetHints":{"allow":["GET"]}}],"collection":[{"href":"https:\/\/glownaturalliving.com\/de\/wp-json\/wp\/v2\/product"}],"about":[{"href":"https:\/\/glownaturalliving.com\/de\/wp-json\/wp\/v2\/types\/product"}],"replies":[{"embeddable":true,"href":"https:\/\/glownaturalliving.com\/de\/wp-json\/wp\/v2\/comments?post=223044"}],"wp:featuredmedia":[{"embeddable":true,"href":"https:\/\/glownaturalliving.com\/de\/wp-json\/wp\/v2\/media\/223043"}],"wp:attachment":[{"href":"https:\/\/glownaturalliving.com\/de\/wp-json\/wp\/v2\/media?parent=223044"}],"wp:term":[{"taxonomy":"product_cat","embeddable":true,"href":"https:\/\/glownaturalliving.com\/de\/wp-json\/wp\/v2\/product_cat?post=223044"},{"taxonomy":"product_tag","embeddable":true,"href":"https:\/\/glownaturalliving.com\/de\/wp-json\/wp\/v2\/product_tag?post=223044"},{"taxonomy":"berocket_brand","embeddable":true,"href":"https:\/\/glownaturalliving.com\/de\/wp-json\/wp\/v2\/berocket_brand?post=223044"}],"curies":[{"name":"wp","href":"https:\/\/api.w.org\/{rel}","templated":true}]}}