{"id":223047,"date":"2025-05-20T13:40:05","date_gmt":"2025-05-20T12:40:05","guid":{"rendered":"https:\/\/glownaturalliving.com\/?post_type=product&#038;p=223047"},"modified":"2025-05-26T19:05:21","modified_gmt":"2025-05-26T18:05:21","slug":"natuurlijke-haarspray-groene-thee-240-ml-sterke-hold-met-fairtrade-ingredienten","status":"publish","type":"product","link":"https:\/\/glownaturalliving.com\/de\/winkel\/pflege\/pflege-produkte\/natuurlijke-haarspray-groene-thee-240-ml-sterke-hold-met-fairtrade-ingredienten\/","title":{"rendered":"Nat\u00fcrliches Haarspray \u2013 Gr\u00fcner Tee \u2013 240 ml | Starker Halt mit Fairtrade-Zutaten"},"content":{"rendered":"<h3>Nat\u00fcrliches Haarspray \u2013 Gr\u00fcner Tee \u2013 240 ml | Starker Halt mit Fairtrade-Zutaten<\/h3>\n<p class=\"\" data-start=\"560\" data-end=\"897\">Das <strong data-start=\"583\" data-end=\"634\">Fair Squared Haarspray mit gr\u00fcnem Tee<\/strong> ist ein kraftvolles, nat\u00fcrliches Haarspray, das f\u00fcr <strong data-start=\"694\" data-end=\"712\">alle Haartypen<\/strong> geeignet ist. Dank seiner einzigartigen Zusammensetzung auf Basis von <strong data-start=\"759\" data-end=\"809\">Fairtrade-Gr\u00fcntee, Rohrzucker und Oliven\u00f6l<\/strong> bietet dieses Haarspray langanhaltenden Halt, ohne das Haar zu beschweren oder auszutrocknen.<\/p>\n<p class=\"\" data-start=\"899\" data-end=\"1206\">Anstelle von synthetischen Polymeren enth\u00e4lt dieses Spray <strong data-start=\"953\" data-end=\"977\">Fairtrade-Rohrzucker<\/strong> als nat\u00fcrliches Fixiermittel. Rohrzucker haftet an den Haaren und sorgt f\u00fcr einen starken, aber flexiblen Halt. Das hinzugef\u00fcgte <strong data-start=\"1104\" data-end=\"1117\">Oliven\u00f6l<\/strong> pflegt das Haar und beugt dem Austrocknen vor, w\u00e4hrend der <strong data-start=\"1168\" data-end=\"1183\">gr\u00fcne Tee<\/strong> beruhigt und sch\u00fctzt.  <\/p>\n<p class=\"\" data-start=\"1208\" data-end=\"1344\">Mit einem <strong data-start=\"1216\" data-end=\"1244\">leichten, nat\u00fcrlichen Duft<\/strong> von Orange, Salbei, Thymian und Bergamotte duftet Ihr Haar weiterhin frisch, ohne einen \u00fcberw\u00e4ltigenden Duft zu haben.<\/p>\n<p class=\"\" data-start=\"1351\" data-end=\"1539\"><strong data-start=\"1351\" data-end=\"1363\">Gebrauchen:<\/strong><br data-start=\"1363\" data-end=\"1366\">Spr\u00fchen Sie das Haarspray aus ca. 30 cm Entfernung <strong data-start=\"1385\" data-end=\"1423\">sparsam auf trockenes oder feuchtes Haar.<\/strong> Ideal, um Ihre Frisur lange in Form zu halten und ein nat\u00fcrliches Finish zu erzielen. <\/p>\n<p data-start=\"1546\" data-end=\"1601\">\n<p class=\"\" data-start=\"1546\" data-end=\"1601\"><strong data-start=\"1546\" data-end=\"1599\">Vorteile von Fair Squared Green Tea Haarspray:<\/strong><\/p>\n<ul data-start=\"1602\" data-end=\"1934\">\n<li class=\"\" data-start=\"1602\" data-end=\"1654\">\n<p class=\"\" data-start=\"1604\" data-end=\"1654\">Starker, langanhaltender Halt auf <strong data-start=\"1631\" data-end=\"1652\">nat\u00fcrlicher Basis<\/strong><\/p>\n<\/li>\n<li class=\"\" data-start=\"1655\" data-end=\"1721\">\n<p class=\"\" data-start=\"1657\" data-end=\"1721\">Mit <strong data-start=\"1661\" data-end=\"1686\">Fairtrade-Gr\u00fcntee<\/strong>, <strong data-start=\"1688\" data-end=\"1702\">Rohrzucker<\/strong> und <strong data-start=\"1706\" data-end=\"1719\">Oliven\u00f6l<\/strong><\/p>\n<\/li>\n<li class=\"\" data-start=\"1722\" data-end=\"1758\">\n<p class=\"\" data-start=\"1724\" data-end=\"1758\"><strong data-start=\"1724\" data-end=\"1756\">Geeignet f\u00fcr alle Haartypen<\/strong><\/p>\n<\/li>\n<li class=\"\" data-start=\"1759\" data-end=\"1805\">\n<p class=\"\" data-start=\"1761\" data-end=\"1805\"><strong data-start=\"1761\" data-end=\"1770\">Vegan<\/strong>, <strong data-start=\"1772\" data-end=\"1785\">fair gehandelt<\/strong> und <strong data-start=\"1789\" data-end=\"1803\">nat\u00fcrlich<\/strong><\/p>\n<\/li>\n<li class=\"\" data-start=\"1806\" data-end=\"1854\">\n<p class=\"\" data-start=\"1808\" data-end=\"1854\">Keine synthetischen Polymere oder Mikroplastik<\/p>\n<\/li>\n<li class=\"\" data-start=\"1855\" data-end=\"1901\">\n<p class=\"\" data-start=\"1857\" data-end=\"1901\"><strong data-start=\"1857\" data-end=\"1886\">CO2-neutrale Produktion<\/strong> in Deutschland<\/p>\n<\/li>\n<li class=\"\" data-start=\"1902\" data-end=\"1934\">\n<p class=\"\" data-start=\"1904\" data-end=\"1934\">Weicher Duft, nicht aufdringlich<\/p>\n<\/li>\n<\/ul>\n<p data-start=\"1941\" data-end=\"1962\">\n<p class=\"\" data-start=\"1941\" data-end=\"1962\"><strong data-start=\"1941\" data-end=\"1960\">Produktdetails:<\/strong><\/p>\n<ul data-start=\"1963\" data-end=\"2084\">\n<li class=\"\" data-start=\"1963\" data-end=\"1985\">\n<p class=\"\" data-start=\"1965\" data-end=\"1985\"><strong data-start=\"1965\" data-end=\"1976\">Inhalt:<\/strong> 240 ml<\/p>\n<\/li>\n<li class=\"\" data-start=\"1986\" data-end=\"2022\">\n<p class=\"\" data-start=\"1988\" data-end=\"2022\"><strong data-start=\"1988\" data-end=\"2006\">Artikelnummer:<\/strong> 4260365853826<\/p>\n<\/li>\n<li class=\"\" data-start=\"2023\" data-end=\"2059\">\n<p class=\"\" data-start=\"2025\" data-end=\"2059\"><strong data-start=\"2025\" data-end=\"2047\">Herkunftsland:<\/strong> Deutschland<\/p>\n<\/li>\n<li class=\"\" data-start=\"2060\" data-end=\"2084\">\n<p class=\"\" data-start=\"2062\" data-end=\"2084\"><strong data-start=\"2062\" data-end=\"2071\">Marke:<\/strong> Fair im Quadrat<\/p>\n<\/li>\n<\/ul>\n<p data-start=\"2091\" data-end=\"2535\">\n<p class=\"\" data-start=\"2091\" data-end=\"2535\"><strong data-start=\"2091\" data-end=\"2115\">Inhaltsstoffe (INCI):<\/strong><br data-start=\"2115\" data-end=\"2118\">Aqua (Wasser), Saccharose, Alkohol, Camellia Sinensis Blattwasser (<em data-start=\"2180\" data-end=\"2193\">gr\u00fcner Tee<\/em>), Natriumbenzoat, Kaliumsorbat, Citrus Aurantium Dulcis (Orangen\u00f6l), Pelargonium Graveolens \u00d6l (<em data-start=\"2303\" data-end=\"2317\">Geranien\u00f6l<\/em>), Salvia Officinalis \u00d6l (<em data-start=\"2344\" data-end=\"2355\">Salbei\u00f6l<\/em>), Thymus Vulgaris \u00d6l (<em data-start=\"2379\" data-end=\"2389\">Thymian\u00f6l<\/em>), Citrus Aurantium Bergamia \u00d6l (<em data-start=\"2423\" data-end=\"2437\">Bergamotte\u00f6l<\/em>), Olea Europaea (Oliven\u00f6l) \u00d6l (<em data-start=\"2467\" data-end=\"2478\">Oliven\u00f6l<\/em>), Zitronens\u00e4ure, Limonen, Citronellol, Geraniol, Linalool<\/p>\n<p data-start=\"2542\" data-end=\"2905\">\n<p class=\"\" data-start=\"2542\" data-end=\"2905\"><strong data-start=\"2542\" data-end=\"2564\">Umweltinformationen:<\/strong><br data-start=\"2564\" data-end=\"2567\">Dieses Haarspray wurde mit <strong data-start=\"2600\" data-end=\"2661\">100% nat\u00fcrlichen, veganen und fair gehandelten Inhaltsstoffen<\/strong> entwickelt. Die Produktion ist <strong data-start=\"2679\" data-end=\"2695\">CO2-neutral<\/strong> und unterst\u00fctzt faire Handelspraktiken weltweit. Mit der Entscheidung f\u00fcr Fair Squared tr\u00e4gst du zu einer <strong data-start=\"2804\" data-end=\"2825\">nachhaltigen Zukunft<\/strong> bei und unterst\u00fctzt Kleinbauern unter anderem in Indien, Pal\u00e4stina und S\u00fcdamerika.  <\/p>\n<h3 class=\"\" data-start=\"251\" data-end=\"278\"><strong data-start=\"255\" data-end=\"276\">\u00dcber Fair Squared<\/strong><\/h3>\n<p class=\"\" data-start=\"279\" data-end=\"866\">Fair Squared ist eine nachhaltige und ethische Marke, die f\u00fcr fairen Handel, umweltfreundliche Produktion und nat\u00fcrliche Pflege steht. Alle Fair Squared Produkte werden aus <strong data-start=\"461\" data-end=\"478\">veganen<\/strong>, <strong data-start=\"480\" data-end=\"495\">nat\u00fcrlichen<\/strong> und <strong data-start=\"499\" data-end=\"541\">Fair-Trade-zertifizierten Inhaltsstoffen<\/strong> hergestellt, die von Kleinproduzenten weltweit bezogen werden. Die Marke produziert <strong data-start=\"615\" data-end=\"631\">CO\u2082-neutral<\/strong> in Deutschland und verwendet <strong data-start=\"657\" data-end=\"672\">Glaswaren<\/strong> statt Plastikverpackungen \u2013 stylisch, wiederverwendbar und besser f\u00fcr die Umwelt. Mit Fair Squared entscheidest du dich f\u00fcr bewusste Sch\u00f6nheit ohne Zugest\u00e4ndnisse: <strong data-start=\"827\" data-end=\"865\">fair f\u00fcr Mensch, Tier und den Planeten<\/strong>.   <\/p>\n","protected":false},"excerpt":{"rendered":"<p>Das <strong data-start=\"583\" data-end=\"634\">Fair Squared Haarspray mit gr\u00fcnem Tee<\/strong> ist ein kraftvolles, nat\u00fcrliches Haarspray, das f\u00fcr <strong data-start=\"694\" data-end=\"712\">alle Haartypen<\/strong> geeignet ist.<\/p>\n","protected":false},"featured_media":223051,"comment_status":"open","ping_status":"closed","template":"","meta":{"_acf_changed":false},"product_cat":[4604,8687,9290],"product_tag":[],"berocket_brand":[10109],"class_list":["post-223047","product","type-product","status-publish","has-post-thumbnail","hentry","product_cat-neu","product_cat-pflege","product_cat-pflege-produkte","product_shipping_class-pakket-de","berocket_brand-fair-im-quadrat"],"acf":[],"aioseo_notices":[],"_links":{"self":[{"href":"https:\/\/glownaturalliving.com\/de\/wp-json\/wp\/v2\/product\/223047","targetHints":{"allow":["GET"]}}],"collection":[{"href":"https:\/\/glownaturalliving.com\/de\/wp-json\/wp\/v2\/product"}],"about":[{"href":"https:\/\/glownaturalliving.com\/de\/wp-json\/wp\/v2\/types\/product"}],"replies":[{"embeddable":true,"href":"https:\/\/glownaturalliving.com\/de\/wp-json\/wp\/v2\/comments?post=223047"}],"wp:featuredmedia":[{"embeddable":true,"href":"https:\/\/glownaturalliving.com\/de\/wp-json\/wp\/v2\/media\/223051"}],"wp:attachment":[{"href":"https:\/\/glownaturalliving.com\/de\/wp-json\/wp\/v2\/media?parent=223047"}],"wp:term":[{"taxonomy":"product_cat","embeddable":true,"href":"https:\/\/glownaturalliving.com\/de\/wp-json\/wp\/v2\/product_cat?post=223047"},{"taxonomy":"product_tag","embeddable":true,"href":"https:\/\/glownaturalliving.com\/de\/wp-json\/wp\/v2\/product_tag?post=223047"},{"taxonomy":"berocket_brand","embeddable":true,"href":"https:\/\/glownaturalliving.com\/de\/wp-json\/wp\/v2\/berocket_brand?post=223047"}],"curies":[{"name":"wp","href":"https:\/\/api.w.org\/{rel}","templated":true}]}}