{"id":223088,"date":"2025-05-23T10:42:07","date_gmt":"2025-05-23T09:42:07","guid":{"rendered":"https:\/\/glownaturalliving.com\/?post_type=product&#038;p=223088"},"modified":"2025-05-26T19:05:18","modified_gmt":"2025-05-26T18:05:18","slug":"100-natuurlijke-haarserum-herstel-groei-vanaf-de-wortel","status":"publish","type":"product","link":"https:\/\/glownaturalliving.com\/de\/winkel\/geschenk\/fuer-sie\/100-natuurlijke-haarserum-herstel-groei-vanaf-de-wortel\/","title":{"rendered":"100% Natural Hair Serum \u2013 Reparatur &amp; Wachstum von der Wurzel"},"content":{"rendered":"<h4>100% Natural Hair Serum \u2013 Reparatur &amp; Wachstum von der Wurzel<\/h4>\n<p class=\"\" data-start=\"450\" data-end=\"777\">St\u00e4rken Sie Ihr Haar auf nat\u00fcrliche Weise mit dem  <strong data-start=\"516\" data-end=\"552\">INCIA 100% nat\u00fcrliches Haarserum. E <\/strong>und kraftvolle Pflegeformel auf Basis von 10 sorgf\u00e4ltig ausgew\u00e4hlten Pflanzen\u00f6len. Dieses Serum pflegt tief von der Wurzel an, unterst\u00fctzt ein gesundes Haarwachstum und verleiht Ihrem Haar sichtbar mehr Volumen, Glanz und Kraft. <\/p>\n<p class=\"\" data-start=\"779\" data-end=\"800\"><strong data-start=\"779\" data-end=\"800\">Einzigartige Vorteile:<\/strong><\/p>\n<ul data-start=\"801\" data-end=\"1090\">\n<li class=\"\" data-start=\"801\" data-end=\"842\">\n<p class=\"\" data-start=\"803\" data-end=\"842\"><strong data-start=\"806\" data-end=\"840\">100% nat\u00fcrlich &amp; vegan<\/strong><\/p>\n<\/li>\n<li class=\"\" data-start=\"843\" data-end=\"939\">\n<p class=\"\" data-start=\"845\" data-end=\"939\"><strong data-start=\"848\" data-end=\"873\">Dermatologisch getestet<\/strong> \u2013 sicher f\u00fcr den t\u00e4glichen Gebrauch, auch auf empfindlicher Kopfhaut<\/p>\n<\/li>\n<li class=\"\" data-start=\"940\" data-end=\"1008\">\n<p class=\"\" data-start=\"942\" data-end=\"1008\"><strong data-start=\"944\" data-end=\"1006\">Frei von Silikonen, Paraffin und synthetischen Farbstoffen<\/strong><\/p>\n<\/li>\n<li class=\"\" data-start=\"1009\" data-end=\"1090\">\n<p class=\"\" data-start=\"1011\" data-end=\"1090\"><strong data-start=\"1014\" data-end=\"1048\">Umweltfreundlich produziert<\/strong> &amp; verpackt in 100% recycelbarem Material<\/p>\n<\/li>\n<\/ul>\n<h3 class=\"\" data-start=\"1097\" data-end=\"1136\">Die Kraft nat\u00fcrlicher \u00d6le:<\/h3>\n<ul data-start=\"1138\" data-end=\"1732\">\n<li class=\"\" data-start=\"1138\" data-end=\"1237\">\n<p class=\"\" data-start=\"1140\" data-end=\"1237\"><strong data-start=\"1140\" data-end=\"1180\">Oliven\u00f6l, Avocado\u00f6l und Mandel\u00f6l<\/strong>: Versorgen Sie stumpfes oder trockenes Haar intensiv mit Feuchtigkeit und reparieren Sie es.<\/p>\n<\/li>\n<li class=\"\" data-start=\"1238\" data-end=\"1337\">\n<p class=\"\" data-start=\"1240\" data-end=\"1337\"><strong data-start=\"1240\" data-end=\"1282\">Argan\u00f6l, Jojoba\u00f6l &amp; Rosmarin\u00f6l<\/strong>: sch\u00fctzen die Haarstruktur und beugen Haarbruch vor.<\/p>\n<\/li>\n<li class=\"\" data-start=\"1338\" data-end=\"1409\">\n<p class=\"\" data-start=\"1340\" data-end=\"1409\"><strong data-start=\"1340\" data-end=\"1356\">Lavendel\u00f6l<\/strong>: reguliert die Talgproduktion und beruhigt die Kopfhaut.<\/p>\n<\/li>\n<li class=\"\" data-start=\"1410\" data-end=\"1489\">\n<p class=\"\" data-start=\"1412\" data-end=\"1489\"><strong data-start=\"1412\" data-end=\"1440\">Rizinus\u00f6l (Rizinus\u00f6l):<\/strong> ist daf\u00fcr bekannt, das Haarwachstum zu stimulieren.<\/p>\n<\/li>\n<li class=\"\" data-start=\"1490\" data-end=\"1597\">\n<p class=\"\" data-start=\"1492\" data-end=\"1597\"><strong data-start=\"1492\" data-end=\"1507\">Mastixharz<\/strong>: aktiviert die Produktion neuer Haarfollikel und hilft, d\u00fcnner werdendes Haar zu st\u00e4rken.<\/p>\n<\/li>\n<li class=\"\" data-start=\"1598\" data-end=\"1732\">\n<p class=\"\" data-start=\"1600\" data-end=\"1732\"><strong data-start=\"1600\" data-end=\"1614\">Vitamin E<\/strong>: unterst\u00fctzt die Zellerneuerung, verbessert die Durchblutung der Kopfhaut und sch\u00fctzt die Haarfollikel vor oxidativen Sch\u00e4den.<\/p>\n<\/li>\n<\/ul>\n<h3 class=\"\" data-start=\"1739\" data-end=\"1784\">Wissenschaftlich fundiertes Ergebnis:<\/h3>\n<p class=\"\" data-start=\"1786\" data-end=\"1936\">Untersuchungen der <strong data-start=\"1807\" data-end=\"1832\">Yeditepe University<\/strong> zeigen, dass die <strong data-start=\"1870\" data-end=\"1935\">Haardichte bei w\u00f6chentlicher Anwendung innerhalb von nur 6 Wochen um 11% pro cm\u00b2 zunimmt<\/strong>.<\/p>\n<h3 class=\"\" data-start=\"1943\" data-end=\"1972\">Manuell:<\/h3>\n<ol data-start=\"1974\" data-end=\"2306\">\n<li class=\"\" data-start=\"1974\" data-end=\"2028\">\n<p class=\"\" data-start=\"1977\" data-end=\"2028\">1x pro Woche auf trockene Kopfhaut und Haare auftragen.<\/p>\n<\/li>\n<li class=\"\" data-start=\"2029\" data-end=\"2054\">\n<p class=\"\" data-start=\"2032\" data-end=\"2054\">Sanft einmassieren.<\/p>\n<\/li>\n<li class=\"\" data-start=\"2055\" data-end=\"2124\">\n<p class=\"\" data-start=\"2058\" data-end=\"2124\">Mindestens 2 Stunden einwirken lassen oder als Nachtbehandlung verwenden.<\/p>\n<\/li>\n<li class=\"\" data-start=\"2125\" data-end=\"2203\">\n<p class=\"\" data-start=\"2128\" data-end=\"2203\">Gr\u00fcndlich mit Wasser absp\u00fclen und bei Bedarf ein nat\u00fcrliches Shampoo verwenden.<\/p>\n<\/li>\n<\/ol>\n<h3 class=\"\" data-start=\"2313\" data-end=\"2355\">Zutaten (rein nat\u00fcrlich):<\/h3>\n<p class=\"\" data-start=\"2357\" data-end=\"2520\">Oliven\u00f6l, Rizinus\u00f6l, Jojoba\u00f6l, S\u00fc\u00dfmandel\u00f6l, Argan\u00f6l, Avocado\u00f6l, Vitamin E, Capryl-\/Caprin-Triglycerid, Mastixharz, Lavendel\u00f6l, Rosmarin\u00f6l.<\/p>\n<p><strong>\u00dcber INCIA<\/strong><\/p>\n<p>INCIA ist eine t\u00fcrkische Marke, die nachhaltige, tierversuchsfreie und nat\u00fcrliche Produkte herstellt. Der Gr\u00fcnder suchte nach nat\u00fcrlichen Produkten zur Behandlung von Ekzemen. Und das mit Erfolg. INCIA tr\u00e4gt nun zu einem nachhaltigen Lebensstil bei. Die Produktlinie besteht aus nat\u00fcrlichen Pflegeprodukten, Babyprodukten, Seifen und Reinigungsmitteln. Alle Produkte sind parf\u00fcmfrei, schadstofffrei und sanft zur Haut.<\/p>\n","protected":false},"excerpt":{"rendered":"<p>Entdecken Sie das INCIA 100% Natural Hair Serum. Stimuliert das Haarwachstum, st\u00e4rkt Ihr Haar und pflegt bis in die Spitzen. Vegan &amp; frei von Silikonen.  <\/p>\n","protected":false},"featured_media":223095,"comment_status":"open","ping_status":"closed","template":"","meta":{"_acf_changed":false},"product_cat":[9998,9987,4604,8687,9290],"product_tag":[10160,10155,10158,10154,10159,10156,10157],"berocket_brand":[9679],"class_list":["post-223088","product","type-product","status-publish","has-post-thumbnail","hentry","product_cat-fuer-sie","product_cat-geschenk","product_cat-neu","product_cat-pflege","product_cat-pflege-produkte","product_tag-haarpflege-empfindliche-kopfhaut","product_tag-haarserum-ohne-silikone","product_tag-haarverstarker-mit-olen","product_tag-naturliches-haarserum","product_tag-serum-gegen-haarausfall","product_tag-stimulieren-sie-das-haarwachstum","product_tag-vegane-haarpflege","product_shipping_class-pakket-de","berocket_brand-incia-de"],"acf":[],"aioseo_notices":[],"_links":{"self":[{"href":"https:\/\/glownaturalliving.com\/de\/wp-json\/wp\/v2\/product\/223088","targetHints":{"allow":["GET"]}}],"collection":[{"href":"https:\/\/glownaturalliving.com\/de\/wp-json\/wp\/v2\/product"}],"about":[{"href":"https:\/\/glownaturalliving.com\/de\/wp-json\/wp\/v2\/types\/product"}],"replies":[{"embeddable":true,"href":"https:\/\/glownaturalliving.com\/de\/wp-json\/wp\/v2\/comments?post=223088"}],"wp:featuredmedia":[{"embeddable":true,"href":"https:\/\/glownaturalliving.com\/de\/wp-json\/wp\/v2\/media\/223095"}],"wp:attachment":[{"href":"https:\/\/glownaturalliving.com\/de\/wp-json\/wp\/v2\/media?parent=223088"}],"wp:term":[{"taxonomy":"product_cat","embeddable":true,"href":"https:\/\/glownaturalliving.com\/de\/wp-json\/wp\/v2\/product_cat?post=223088"},{"taxonomy":"product_tag","embeddable":true,"href":"https:\/\/glownaturalliving.com\/de\/wp-json\/wp\/v2\/product_tag?post=223088"},{"taxonomy":"berocket_brand","embeddable":true,"href":"https:\/\/glownaturalliving.com\/de\/wp-json\/wp\/v2\/berocket_brand?post=223088"}],"curies":[{"name":"wp","href":"https:\/\/api.w.org\/{rel}","templated":true}]}}