{"id":223103,"date":"2025-05-26T10:33:07","date_gmt":"2025-05-26T09:33:07","guid":{"rendered":"https:\/\/glownaturalliving.com\/?post_type=product&#038;p=223103"},"modified":"2025-05-26T19:05:16","modified_gmt":"2025-05-26T18:05:16","slug":"foaming-face-wash-voor-tieners-natuurlijke-gezichtsreiniger-tegen-puistjes","status":"publish","type":"product","link":"https:\/\/glownaturalliving.com\/de\/winkel\/pflege\/pflege-produkte\/foaming-face-wash-voor-tieners-natuurlijke-gezichtsreiniger-tegen-puistjes\/","title":{"rendered":"Foaming Face Wash f\u00fcr Teens \u2013 Nat\u00fcrlicher Gesichtsreiniger gegen Pickel"},"content":{"rendered":"<h4>Foaming Face Wash f\u00fcr Teens \u2013 Nat\u00fcrlicher Gesichtsreiniger gegen Pickel<\/h4>\n<p data-start=\"323\" data-end=\"703\">Das  <strong data-start=\"326\" data-end=\"364\">Gr\u00fcne Menschen Oy! Sch\u00e4umende Gesichtsw\u00e4sche <\/strong>  ist ein milder, nat\u00fcrlicher Gesichtsreiniger, der speziell f\u00fcr junge, unreine Teenager-Haut entwickelt wurde. Ideal f\u00fcr den Einsatz in Sch\u00f6nheitssalons, Gesch\u00e4ften oder als Erg\u00e4nzung zu Ihrem Online-Sortiment. Dieses sch\u00e4umende Gesichtswaschmittel hilft, Hautunreinheiten zu reduzieren, reguliert die \u00fcbersch\u00fcssige Talgproduktion und unterst\u00fctzt eine klare, frische Haut.  <\/p>\n<p data-start=\"705\" data-end=\"748\"><strong data-start=\"705\" data-end=\"748\">Vorteile des Oy! Sch\u00e4umende Gesichtsw\u00e4sche: <\/strong><\/p>\n<ul data-start=\"750\" data-end=\"1071\">\n<li data-start=\"750\" data-end=\"804\">\n<p data-start=\"752\" data-end=\"804\">Speziell f\u00fcr unreine Haut im Teenageralter formuliert<\/p>\n<\/li>\n<li data-start=\"805\" data-end=\"856\">\n<p data-start=\"807\" data-end=\"856\">Reduziert und beugt Entz\u00fcndungen und Pickeln vor<\/p>\n<\/li>\n<li data-start=\"857\" data-end=\"910\">\n<p data-start=\"859\" data-end=\"910\">Unterst\u00fctzt das nat\u00fcrliche Gleichgewicht der Haut<\/p>\n<\/li>\n<li data-start=\"911\" data-end=\"1029\">\n<p data-start=\"913\" data-end=\"1029\">Frei von Parabenen, Alkohol (z.B. Ethanol), synthetischen Duftstoffen, Farbstoffen und petrochemischen Inhaltsstoffen<\/p>\n<\/li>\n<li data-start=\"1030\" data-end=\"1071\">\n<p data-start=\"1032\" data-end=\"1071\">100% nat\u00fcrliche Wirkstoffe<\/p>\n<\/li>\n<\/ul>\n<p data-start=\"1073\" data-end=\"1104\"><strong data-start=\"1073\" data-end=\"1104\">Wichtige Inhaltsstoffe:<\/strong><\/p>\n<ul data-start=\"1106\" data-end=\"1307\">\n<li data-start=\"1106\" data-end=\"1168\">\n<p data-start=\"1108\" data-end=\"1168\"><strong data-start=\"1108\" data-end=\"1123\">Gr\u00fcner Tee<\/strong> \u2013 Reich an Antioxidantien, beruhigt die Haut<\/p>\n<\/li>\n<li data-start=\"1169\" data-end=\"1230\">\n<p data-start=\"1171\" data-end=\"1230\"><strong data-start=\"1171\" data-end=\"1188\">Teebaum\u00f6l<\/strong> \u2013 Bekannt f\u00fcr seine antibakterielle Wirkung<\/p>\n<\/li>\n<li data-start=\"1231\" data-end=\"1307\">\n<p data-start=\"1233\" data-end=\"1307\"><strong data-start=\"1233\" data-end=\"1264\">Hamamelis<\/strong> \u2013 Verfeinert die Poren und reduziert R\u00f6tungen<\/p>\n<\/li>\n<\/ul>\n<p data-start=\"1309\" data-end=\"1332\"><strong data-start=\"1309\" data-end=\"1332\">Manuell:<\/strong><\/p>\n<p data-start=\"1334\" data-end=\"1629\">Verwenden Sie das sch\u00e4umende Gesichtswaschmittel zweimal t\u00e4glich \u2013 morgens und abends. Mit sanften, kreisenden Bewegungen auf die feuchte Haut auftragen. Gr\u00fcndlich mit lauwarmem Wasser absp\u00fclen. Kombinieren Sie diesen Reiniger f\u00fcr beste Ergebnisse mit anderen nat\u00fcrlichen Hautpflegeprodukten von Green People.   <\/p>\n<p data-start=\"1334\" data-end=\"1629\">Zutaten:<\/p>\n<p data-start=\"1334\" data-end=\"1629\">AQUA (REINES WASSER), SALIX NIGRA (SCHWARZE WEIDE) RINDENEXTRAKT, HAMAMELIS VIRGINIANA (HAMAMELIS) WASSER*, CAPRYLYL\/CAPRYLGLUCOSID (PFLANZLICH), L\u00c4VULINS\u00c4URE (PFLANZLICH), ALOE BARBADENSIS (ALOE VERA) BLATTSAFTPULVER*, CAMELLIA SINENSIS (GR\u00dcNER TEE) BLATTEXTRAKT*, AROMA [LAVANDULA ANGUSTIFOLIA (LAVENDEL) KR\u00c4UTER\u00d6L*^, CITRUS NOBILIS (MANDARINE) SCHALEN\u00d6L*, PELARGONIUM GRAVEOLENS (ROSENGERANIE) \u00d6L*^, SALVIA SCLAREA (MUSKATELLERSALBEI) \u00d6L*^,  CITRUS AURANTIUM (PETITGRAIN) BLATT\u00d6L*^, CITRUS AURANTIUM BERGAMIA (BERGAMOTTE) FRUCHT\u00d6L*], GALACTOARABINAN (L\u00c4RCHENBAUMEXTRAKT), MELALEUCA ALTERNIFOLIA (TEEBAUM) BLATTEXTRAKT, ZITRONENS\u00c4URE, DINATRIUMCOCOYLGLUTAMAT, NATRIUMCOCOYLGLUTAMAT, KALIUMSORBAT, LINALOOL*, LIMONEN*, GERANIOL*, CITRONELLOL*. *90,8% ORGANISCH, ^FAIR GEHANDELT (ZEITRAUM NACH ER\u00d6FFNUNG 12M) <\/p>\n<h4>Empfohlene Kombinationen<\/h4>\n<ul>\n<li><a href=\"https:\/\/glownaturalliving.com\/de\/?post_type=product&#038;p=223137\">Gr\u00fcne Menschen Oy! Feuchtigkeitsspender<\/a><\/li>\n<li><a href=\"https:\/\/glownaturalliving.com\/de\/?post_type=product&#038;p=223164\">Gr\u00fcne Menschen Oy! Klares Hautserum<\/a><\/li>\n<li><a href=\"https:\/\/glownaturalliving.com\/de\/?post_type=product&#038;p=223146\">Gr\u00fcne Menschen Oy! Spot It Concealer<\/a><\/li>\n<\/ul>\n<h4><strong>\u00dcber Organic Young (Oy!) von Green People<\/strong><\/h4>\n<p><strong data-start=\"187\" data-end=\"210\">Bio Jung (Oy!)<\/strong> ist die jugendliche, nat\u00fcrliche Pflegelinie <strong data-start=\"263\" data-end=\"279\">von Green People, die<\/strong> speziell f\u00fcr junge und unreine Haut entwickelt wurde. Die Produkte sind reich an biologischen Inhaltsstoffen wie Teebaum, gr\u00fcnem Tee und Hamamelis und enthalten <strong data-start=\"443\" data-end=\"474\">keine aggressiven Chemikalien<\/strong>, Alkohol oder synthetische Zus\u00e4tze. Oy! Bietet eine sanfte, effektive Pflege, die hilft, Ausbr\u00fcche zu verhindern, die Talgproduktion auszugleichen und eine gesunde, strahlende Haut im Teenageralter zu unterst\u00fctzen. V\u00f6llig nat\u00fcrlich und umweltfreundlich.   <\/p>\n","protected":false},"excerpt":{"rendered":"<p>Entdecken Sie die Green People Oy! Foaming Face Wash, ein 100% nat\u00fcrlicher Gesichtsreiniger speziell f\u00fcr die Haut von Teenagern. Reduziert Pickel und lindert Entz\u00fcndungen. Ohne Parabene oder Alkohol.   <\/p>\n","protected":false},"featured_media":223135,"comment_status":"open","ping_status":"closed","template":"","meta":{"_acf_changed":false},"product_cat":[4604,8687,9290],"product_tag":[10196,10188,10187,10197,10185,10184,10190,10186,10192,10183,10195,10194,10191,10189,10193],"berocket_brand":[10102],"class_list":["post-223103","product","type-product","status-publish","has-post-thumbnail","hentry","product_cat-neu","product_cat-pflege","product_cat-pflege-produkte","product_tag-alkoholfreier-gesichtsreiniger","product_tag-behandlung-von-pickeln","product_tag-bio-hautpflege","product_tag-bio-hautpflege-fur-teenager","product_tag-gesichtsreiniger-fur-die-haut-von-teenagern","product_tag-gesichtswasche-fur-teenager","product_tag-green-people-hautpflege","product_tag-grune-menschen-oy","product_tag-hamamelis-hautpflege","product_tag-naturliche-gesichtswasche","product_tag-naturliche-hautpflege","product_tag-parabenfreie-gesichtswasche","product_tag-reiniger-fur-unreine-haut","product_tag-teebaum-gesichtsdusche","product_tag-veganer-gesichtsreiniger","product_shipping_class-pakket-de","berocket_brand-green-people-de"],"acf":[],"aioseo_notices":[],"_links":{"self":[{"href":"https:\/\/glownaturalliving.com\/de\/wp-json\/wp\/v2\/product\/223103","targetHints":{"allow":["GET"]}}],"collection":[{"href":"https:\/\/glownaturalliving.com\/de\/wp-json\/wp\/v2\/product"}],"about":[{"href":"https:\/\/glownaturalliving.com\/de\/wp-json\/wp\/v2\/types\/product"}],"replies":[{"embeddable":true,"href":"https:\/\/glownaturalliving.com\/de\/wp-json\/wp\/v2\/comments?post=223103"}],"wp:featuredmedia":[{"embeddable":true,"href":"https:\/\/glownaturalliving.com\/de\/wp-json\/wp\/v2\/media\/223135"}],"wp:attachment":[{"href":"https:\/\/glownaturalliving.com\/de\/wp-json\/wp\/v2\/media?parent=223103"}],"wp:term":[{"taxonomy":"product_cat","embeddable":true,"href":"https:\/\/glownaturalliving.com\/de\/wp-json\/wp\/v2\/product_cat?post=223103"},{"taxonomy":"product_tag","embeddable":true,"href":"https:\/\/glownaturalliving.com\/de\/wp-json\/wp\/v2\/product_tag?post=223103"},{"taxonomy":"berocket_brand","embeddable":true,"href":"https:\/\/glownaturalliving.com\/de\/wp-json\/wp\/v2\/berocket_brand?post=223103"}],"curies":[{"name":"wp","href":"https:\/\/api.w.org\/{rel}","templated":true}]}}