{"id":223137,"date":"2025-05-26T11:49:52","date_gmt":"2025-05-26T10:49:52","guid":{"rendered":"https:\/\/glownaturalliving.com\/?post_type=product&#038;p=223137"},"modified":"2025-05-26T19:05:13","modified_gmt":"2025-05-26T18:05:13","slug":"cleansing-moisturizer-natuurlijke-dagcreme-voor-tieners-met-onzuiverheden","status":"publish","type":"product","link":"https:\/\/glownaturalliving.com\/de\/winkel\/pflege\/pflege-produkte\/cleansing-moisturizer-natuurlijke-dagcreme-voor-tieners-met-onzuiverheden\/","title":{"rendered":"Cleansing Moisturizer \u2013 Nat\u00fcrliche Tagescreme f\u00fcr Jugendliche mit Hautunreinheiten"},"content":{"rendered":"<p>Cleansing Moisturizer \u2013 Nat\u00fcrliche Tagescreme f\u00fcr Jugendliche mit Hautunreinheiten<\/p>\n<p data-start=\"379\" data-end=\"749\">Das  <strong data-start=\"382\" data-end=\"424\">Gr\u00fcne Menschen Oy! Reinigende Feuchtigkeitscreme<\/strong>  ist eine 100% nat\u00fcrliche, leichte Feuchtigkeitscreme, die speziell f\u00fcr junge, unreine Haut entwickelt wurde. Diese feuchtigkeitsspendende Creme hilft, die Haut auszugleichen, Pickel zu reduzieren und das Risiko von Narbenbildung zu verringern. <\/p>\n<p data-start=\"751\" data-end=\"1018\">Die Formel enth\u00e4lt beruhigenden Teebaum, pflegenden Gr\u00fcntee und nat\u00fcrliche Extrakte wie Weidenrinde und Mandarinen\u00f6l, die f\u00fcr ihre reinigende Wirkung bekannt sind. Ohne Parabene, Alkohol, synthetische Duft- oder Farbstoffe. Natur pur, mild und wirksam.  <\/p>\n<p data-start=\"1020\" data-end=\"1034\"><strong data-start=\"1020\" data-end=\"1034\">Vorteile:<\/strong><\/p>\n<ul data-start=\"1036\" data-end=\"1334\">\n<li data-start=\"1036\" data-end=\"1095\">\n<p data-start=\"1038\" data-end=\"1095\">Speziell f\u00fcr empfindliche Teenagerhaut mit Hautunreinheiten<\/p>\n<\/li>\n<li data-start=\"1096\" data-end=\"1143\">\n<p data-start=\"1098\" data-end=\"1143\">Reduziert Pickel, R\u00f6tungen und Irritationen<\/p>\n<\/li>\n<li data-start=\"1144\" data-end=\"1211\">\n<p data-start=\"1146\" data-end=\"1211\">Hilft, die Haut zu reparieren und das Risiko von Narbenbildung zu verringern<\/p>\n<\/li>\n<li data-start=\"1212\" data-end=\"1256\">\n<p data-start=\"1214\" data-end=\"1256\">Mit antibakterieller und beruhigender Wirkung<\/p>\n<\/li>\n<li data-start=\"1257\" data-end=\"1334\">\n<p data-start=\"1259\" data-end=\"1334\">Frei von Parabenen, Ethanol, Petrochemikalien und synthetischen Duftstoffen<\/p>\n<\/li>\n<\/ul>\n<p data-start=\"1336\" data-end=\"1367\"><strong data-start=\"1336\" data-end=\"1367\">Wichtige Inhaltsstoffe:<\/strong><\/p>\n<ul data-start=\"1369\" data-end=\"1630\">\n<li data-start=\"1369\" data-end=\"1425\">\n<p data-start=\"1371\" data-end=\"1425\"><strong data-start=\"1371\" data-end=\"1386\">Gr\u00fcner Tee<\/strong> \u2013 Antioxidans, beruhigt und sch\u00fctzt<\/p>\n<\/li>\n<li data-start=\"1426\" data-end=\"1494\">\n<p data-start=\"1428\" data-end=\"1494\"><strong data-start=\"1428\" data-end=\"1445\">Teebaum\u00f6l<\/strong> \u2013 antibakteriell, reinigt und beugt Ausbr\u00fcchen vor<\/p>\n<\/li>\n<li data-start=\"1495\" data-end=\"1549\">\n<p data-start=\"1497\" data-end=\"1549\"><strong data-start=\"1497\" data-end=\"1514\">Mandarinen\u00f6l<\/strong> \u2013 Hellt die Haut auf und macht sie weich<\/p>\n<\/li>\n<li data-start=\"1550\" data-end=\"1630\">\n<p data-start=\"1552\" data-end=\"1630\"><strong data-start=\"1552\" data-end=\"1573\">Weidenrindenextrakt<\/strong> \u2013 Nat\u00fcrliche Salicyls\u00e4ure, peelt und reinigt die Poren<\/p>\n<\/li>\n<\/ul>\n<p data-start=\"1632\" data-end=\"1655\"><strong data-start=\"1632\" data-end=\"1655\">Manuell:<\/strong><\/p>\n<p data-start=\"1657\" data-end=\"1935\">Tragen Sie morgens und abends eine kleine Menge (erbsengro\u00df) auf die gereinigte Haut auf. Mit kreisenden Bewegungen sanft einmassieren. F\u00fcr beste Ergebnisse nach dem verwenden    <strong data-start=\"1859\" data-end=\"1884\">Oy! Sch\u00e4umende Gesichtsw\u00e4sche<\/strong>  und in Kombination mit dem  <strong data-start=\"1910\" data-end=\"1934\">Oy! Klares Hautserum<\/strong>.<\/p>\n<p data-start=\"1942\" data-end=\"1969\"><strong data-start=\"1942\" data-end=\"1969\">Empfohlene Kombinationen:<\/strong><\/p>\n<ul data-start=\"1971\" data-end=\"2099\">\n<li data-start=\"1971\" data-end=\"2014\">\n<p data-start=\"1973\" data-end=\"2014\"><a class=\"cursor-pointer\" href=\"https:\/\/glownaturalliving.com\/de\/?post_type=product&#038;p=223103\" rel=\"noopener\" data-start=\"1973\" data-end=\"2012\">Gr\u00fcne Menschen Oy! Sch\u00e4umende Gesichtsw\u00e4sche <\/a><\/p>\n<\/li>\n<li data-start=\"2015\" data-end=\"2057\">\n<p data-start=\"2017\" data-end=\"2057\"><a class=\"cursor-pointer\" href=\"https:\/\/glownaturalliving.com\/de\/?post_type=product&#038;p=223164\" rel=\"noopener\" data-start=\"2017\" data-end=\"2055\">Gr\u00fcne Menschen Oy! Klares Hautserum<\/a><\/p>\n<\/li>\n<li data-start=\"2058\" data-end=\"2099\">\n<p data-start=\"2060\" data-end=\"2099\"><a class=\"cursor-pointer\" href=\"https:\/\/glownaturalliving.com\/de\/?post_type=product&#038;p=223146\" rel=\"noopener\" data-start=\"2060\" data-end=\"2099\">Gr\u00fcne Menschen Oy! Spot It Concealer<\/a><\/p>\n<\/li>\n<\/ul>\n<p><strong>Zutaten:<\/strong><\/p>\n<p>AQUA (REINES WASSER), HELIANTHUS ANNUUS (SONNENBLUME) SAMEN\u00d6L*, CETEARYLALKOHOL (EMULGIERENDES PFLANZENWACHS), SALIX NIGRA (SCHWARZE WEIDE) RINDENEXTRAKT, CANNABIS SATIVA (HANF) SAMEN\u00d6L*, ALPHA-GLUCAN-OLIGOSACCHARID (PR\u00c4BIOTIKUM), GLYCERYLSTEARAT (PFLANZLICHER EMULGATOR), ROSA MOSCHATA (HAGEBUTTE) SAMEN\u00d6L*, CETEARYLGLUCOSID (PFLANZLICHER EMULGATOR), ALOE BARBADENSIS (ALOE VERA) BLATTSAFTPULVER*, GLYCERIN (PFLANZLICHEN URSPRUNGS), NATRIUMSTEAROYLGLUTAMAT (PFLANZLICHER EMULGATOR),  BUTYROSPERMUM PARKII (SHEA) BUTTER*^, ROSMARINUS OFFICINALIS (ROSMARIN) BLATTEXTRAKT*, CAMELLIA SINENSIS (GR\u00dcNER TEE) BLATTEXTRAKT*, AROMA [CANANGA ODORATA (YLANG YLANG) BL\u00dcTEN\u00d6L*^, CITRUS NOBILIS (MANDARINE) SCHALEN\u00d6L*, CITRUS AURANTIUM DULCIS (S\u00dcSSORANGE) SCHALEN\u00d6L*], MELALEUCA ALTERNIFOLIA (TEEBAUM) BLATTEXTRAKT, L\u00c4VULINS\u00c4URE (PFLANZLICH), CARRAGEEN (ALGEN), XANTHAN (MAISST\u00c4RKEGUMMI), NATRIUMLAURYLGLUCOSECARBOXYLAT (PFLANZLICH),  LAURYLGLUCOSID (PFLANZLICH), SORBINS\u00c4URE, NATRIUMBENZOAT, KALIUMSORBAT, NATRIUMCITRAT, ZITRONENS\u00c4URE, BENZYLSALICYLAT*, GERANIOL*, BENZYLBENZOAT*, FARNESOL*, CITRAL*, LINALOOL*, LIMONEN*. *89,7% BIO, ^FAIR GEHANDELT <\/p>\n<h4><strong>\u00dcber Organic Young (Oy!) von Green People<\/strong><\/h4>\n<p><strong data-start=\"187\" data-end=\"210\">Bio Jung (Oy!)<\/strong> ist die jugendliche, nat\u00fcrliche Pflegelinie <strong data-start=\"263\" data-end=\"279\">von Green People, die<\/strong> speziell f\u00fcr junge und unreine Haut entwickelt wurde. Die Produkte sind reich an biologischen Inhaltsstoffen wie Teebaum, gr\u00fcnem Tee und Hamamelis und enthalten <strong data-start=\"443\" data-end=\"474\">keine aggressiven Chemikalien<\/strong>, Alkohol oder synthetische Zus\u00e4tze. Oy! Bietet eine sanfte, effektive Pflege, die hilft, Ausbr\u00fcche zu verhindern, die Talgproduktion auszugleichen und eine gesunde, strahlende Haut im Teenageralter zu unterst\u00fctzen. V\u00f6llig nat\u00fcrlich und umweltfreundlich.   <\/p>\n","protected":false},"excerpt":{"rendered":"<p>Nat\u00fcrliche Tagescreme f\u00fcr Teenager mit Teebaum, Gr\u00fcntee &amp; Weidenrinde. Reduziert Pickel, beruhigt die Haut und beugt Narbenbildung vor. 100% frei von Parabenen und Alkohol.  <\/p>\n","protected":false},"featured_media":223144,"comment_status":"open","ping_status":"closed","template":"","meta":{"_acf_changed":false},"product_cat":[4604,8687,9290],"product_tag":[10226,10187,10222,10186,10225,10221,10224,10223,10227,10228],"berocket_brand":[10102],"class_list":["post-223137","product","type-product","status-publish","has-post-thumbnail","hentry","product_cat-neu","product_cat-pflege","product_cat-pflege-produkte","product_tag-alkoholfreie-tagescreme","product_tag-bio-hautpflege","product_tag-feuchtigkeitscreme-fur-teenager","product_tag-grune-menschen-oy","product_tag-gruntee-hautpflege","product_tag-naturlicher-feuchtigkeitsspender","product_tag-teebaum-hautpflege","product_tag-teen-creme-gegen-pickel","product_tag-vegane-gesichtspflege","product_tag-weidenrinde-hautpflege","product_shipping_class-pakket-de","berocket_brand-green-people-de"],"acf":[],"aioseo_notices":[],"_links":{"self":[{"href":"https:\/\/glownaturalliving.com\/de\/wp-json\/wp\/v2\/product\/223137","targetHints":{"allow":["GET"]}}],"collection":[{"href":"https:\/\/glownaturalliving.com\/de\/wp-json\/wp\/v2\/product"}],"about":[{"href":"https:\/\/glownaturalliving.com\/de\/wp-json\/wp\/v2\/types\/product"}],"replies":[{"embeddable":true,"href":"https:\/\/glownaturalliving.com\/de\/wp-json\/wp\/v2\/comments?post=223137"}],"wp:featuredmedia":[{"embeddable":true,"href":"https:\/\/glownaturalliving.com\/de\/wp-json\/wp\/v2\/media\/223144"}],"wp:attachment":[{"href":"https:\/\/glownaturalliving.com\/de\/wp-json\/wp\/v2\/media?parent=223137"}],"wp:term":[{"taxonomy":"product_cat","embeddable":true,"href":"https:\/\/glownaturalliving.com\/de\/wp-json\/wp\/v2\/product_cat?post=223137"},{"taxonomy":"product_tag","embeddable":true,"href":"https:\/\/glownaturalliving.com\/de\/wp-json\/wp\/v2\/product_tag?post=223137"},{"taxonomy":"berocket_brand","embeddable":true,"href":"https:\/\/glownaturalliving.com\/de\/wp-json\/wp\/v2\/berocket_brand?post=223137"}],"curies":[{"name":"wp","href":"https:\/\/api.w.org\/{rel}","templated":true}]}}