{"id":223146,"date":"2025-05-26T12:03:08","date_gmt":"2025-05-26T11:03:08","guid":{"rendered":"https:\/\/glownaturalliving.com\/?post_type=product&#038;p=223146"},"modified":"2025-05-26T19:05:11","modified_gmt":"2025-05-26T18:05:11","slug":"clear-skin-concealer-natuurlijke-vegan-concealer-tegen-puistjes","status":"publish","type":"product","link":"https:\/\/glownaturalliving.com\/de\/winkel\/pflege\/pflege-produkte\/clear-skin-concealer-natuurlijke-vegan-concealer-tegen-puistjes\/","title":{"rendered":"Clear Skin Concealer \u2013 Nat\u00fcrlicher Concealer gegen Pickel"},"content":{"rendered":"<p>Clear Skin Concealer \u2013 Nat\u00fcrlicher Concealer gegen Pickel<\/p>\n<p data-start=\"356\" data-end=\"750\">Das  <strong data-start=\"359\" data-end=\"400\">Gr\u00fcne Menschen Oy! Transparenter Haut-Concealer<\/strong>  ist ein 100% nat\u00fcrlicher Concealer, der Pickel nicht nur kaschiert, sondern auch aktiv hilft, sie zu bek\u00e4mpfen. Ideal f\u00fcr junge Menschen mit empfindlicher, unreiner Haut. Die Formel enth\u00e4lt Teebaum\u00f6l, gr\u00fcnen Tee, Ananasextrakt und Vitamin E. Leistungsstarke Inhaltsstoffe, die R\u00f6tungen lindern, Bakterien bek\u00e4mpfen und helfen, die Haut wiederherzustellen.  <\/p>\n<p data-start=\"752\" data-end=\"1003\">Dieser Concealer eignet sich perfekt f\u00fcr die t\u00e4gliche Anwendung und kann direkt auf Hautunreinheiten aufgetragen oder mit einer Tagescreme gemischt werden, um eine gleichm\u00e4\u00dfige, nat\u00fcrliche Deckkraft zu erzielen. Ein Must-Have f\u00fcr Ihren Salon, Ihr Gesch\u00e4ft oder Ihren Webshop, der sich auf nat\u00fcrliche Hautpflege konzentriert. <\/p>\n<p data-start=\"1005\" data-end=\"1019\"><strong data-start=\"1005\" data-end=\"1019\">Vorteile:<\/strong><\/p>\n<ul data-start=\"1021\" data-end=\"1349\">\n<li data-start=\"1021\" data-end=\"1078\">\n<p data-start=\"1023\" data-end=\"1078\">Camoubert Pickel und R\u00f6tungen auf nat\u00fcrliche Weise<\/p>\n<\/li>\n<li data-start=\"1079\" data-end=\"1124\">\n<p data-start=\"1081\" data-end=\"1124\">Beruhigt die Haut und reduziert Irritationen<\/p>\n<\/li>\n<li data-start=\"1125\" data-end=\"1181\">\n<p data-start=\"1127\" data-end=\"1181\">Mit antibakteriellem Teebaum\u00f6l gegen Unreinheiten<\/p>\n<\/li>\n<li data-start=\"1182\" data-end=\"1222\">\n<p data-start=\"1184\" data-end=\"1222\">F\u00f6rdert einen ebenm\u00e4\u00dfigen und klaren Teint<\/p>\n<\/li>\n<li data-start=\"1223\" data-end=\"1274\">\n<p data-start=\"1225\" data-end=\"1274\">Kann allein oder gemischt mit Tagescreme verwendet werden<\/p>\n<\/li>\n<li data-start=\"1275\" data-end=\"1349\">\n<p data-start=\"1277\" data-end=\"1349\">Frei von Parabenen, synthetischen Duftstoffen und tierischen Inhaltsstoffen<\/p>\n<\/li>\n<\/ul>\n<p data-start=\"1351\" data-end=\"1382\"><strong data-start=\"1351\" data-end=\"1382\">Wichtige Inhaltsstoffe:<\/strong><\/p>\n<ul data-start=\"1384\" data-end=\"1637\">\n<li data-start=\"1384\" data-end=\"1452\">\n<p data-start=\"1386\" data-end=\"1452\"><strong data-start=\"1386\" data-end=\"1403\">Teebaum\u00f6l<\/strong> \u2013 Bek\u00e4mpft Bakterien und lindert Entz\u00fcndungen<\/p>\n<\/li>\n<li data-start=\"1453\" data-end=\"1520\">\n<p data-start=\"1455\" data-end=\"1520\"><strong data-start=\"1455\" data-end=\"1470\">Gr\u00fcner Tee<\/strong> \u2013 Reich an Antioxidantien, beruhigt und sch\u00fctzt<\/p>\n<\/li>\n<li data-start=\"1521\" data-end=\"1583\">\n<p data-start=\"1523\" data-end=\"1583\"><strong data-start=\"1523\" data-end=\"1540\">Ananas-Extrakt<\/strong> \u2013 nat\u00fcrlich peelend und aufhellend<\/p>\n<\/li>\n<li data-start=\"1584\" data-end=\"1637\">\n<p data-start=\"1586\" data-end=\"1637\"><strong data-start=\"1586\" data-end=\"1600\">Vitamin E<\/strong> \u2013 n\u00e4hrt und unterst\u00fctzt die Reparatur der Haut<\/p>\n<\/li>\n<\/ul>\n<p data-start=\"1639\" data-end=\"1662\"><strong data-start=\"1639\" data-end=\"1662\">Manuell:<\/strong><\/p>\n<ul data-start=\"1664\" data-end=\"1962\">\n<li data-start=\"1664\" data-end=\"1824\">\n<p data-start=\"1666\" data-end=\"1824\"><strong data-start=\"1666\" data-end=\"1688\">Direkte Anwendung:<\/strong> Eine kleine Menge auf die sauberen Fingerspitzen geben und sanft auf die Pickel klopfen. Bei Bedarf im Laufe des Tages erneut auftragen. <\/p>\n<\/li>\n<li data-start=\"1825\" data-end=\"1962\">\n<p data-start=\"1827\" data-end=\"1962\"><strong data-start=\"1827\" data-end=\"1852\">Mit Tagescreme gemischt:<\/strong> Mischen Sie einen Tropfen Concealer mit einer nat\u00fcrlichen Tagescreme und tragen Sie ihn auf Gesicht und Hals auf, um einen ebenm\u00e4\u00dfigen Teint zu erhalten.<\/p>\n<\/li>\n<\/ul>\n<p data-start=\"1969\" data-end=\"1999\"><strong data-start=\"1969\" data-end=\"1999\">Perfekt zu kombinieren mit:<\/strong><\/p>\n<ul data-start=\"2001\" data-end=\"2133\">\n<li data-start=\"2001\" data-end=\"2044\">\n<p data-start=\"2003\" data-end=\"2044\"><a class=\"cursor-pointer\" href=\"https:\/\/glownaturalliving.com\/de\/?post_type=product&#038;p=223103\" rel=\"noopener\" data-start=\"2003\" data-end=\"2042\">Gr\u00fcne Menschen Oy! Sch\u00e4umende Gesichtsw\u00e4sche <\/a><\/p>\n<\/li>\n<li data-start=\"2045\" data-end=\"2092\">\n<p data-start=\"2047\" data-end=\"2092\"><a class=\"cursor-pointer\" href=\"https:\/\/glownaturalliving.com\/de\/?post_type=product&#038;p=223137\" rel=\"noopener\" data-start=\"2047\" data-end=\"2090\">Gr\u00fcne Menschen Oy! Reinigende Feuchtigkeitscreme<\/a><\/p>\n<\/li>\n<li data-start=\"2093\" data-end=\"2133\">\n<p data-start=\"2095\" data-end=\"2133\"><a class=\"cursor-pointer\" href=\"https:\/\/glownaturalliving.com\/de\/?post_type=product&#038;p=223164\" rel=\"noopener\" data-start=\"2095\" data-end=\"2133\">Gr\u00fcne Menschen Oy! Klares Hautserum<\/a><\/p>\n<\/li>\n<\/ul>\n<p data-start=\"379\" data-end=\"749\"><strong style=\"font-size: 14.4px;\">Zutaten:<\/strong><\/p>\n<p>AQUA (REINES WASSER), HELIANTHUS ANNUUS (SONNENBLUME) SAMEN\u00d6L*, TITANDIOXID, ARACHIDYLALKOHOL (PFLANZLICH), CANNABIS SATIVA (HANF) SAMEN\u00d6L*, ROSA CANINA (HAGEBUTTE) SAMEN\u00d6L*, CERA ALBA (BIENENWACHS)*, KOKOSGLUCOSID (PFLANZLICH), KOKOSNUSSALKOHOL (AUS KOKOSNUSS), BEHENYLALKOHOL (PFLANZLICH), BENTONIT (NAT\u00dcRLICHES TONMINERAL), ZINKOXID, ALOE BARBADENSIS (ALOE VERA) BLATTSAFTPULVER*, TOCOPHEROL (VITAMIN E), XANTHAN (MAISST\u00c4RKEGUMMI),  CAMELLIA SINENSIS (GR\u00dcNER TEE) BLATTEXTRAKT*, CHAMOMILLA RECUTITA (KAMILLE) BL\u00dcTENEXTRAKT*, HAMAMELIS VIRGINIANA (HAMAMELIS) BLATTWASSER*, AROMA [CITRUS AURANTIUM DULCIS (S\u00dcSSORANGE) SCHALEN\u00d6L*, LAVANDULA ANGUSTIFOLIA (LAVENDEL) KR\u00c4UTER\u00d6L*^, VANILLE PLANIFOLIA (VANILLE) FRUCHTEXTRAKT*^], ANANAS SATIVUS (ANANAS) FRUCHTEXTRAKT, MELALEUCA ALTERNIFOLIA (TEEBAUM) BLATTEXTRAKT, GLUKOSE, ARACHIDYLGLUCOSID (PFLANZLICH), ZITRONENS\u00c4URE, NATRIUMBENZOAT, KALIUMSORBAT,  BENZYLALKOHOL, SALICYLS\u00c4URE, SORBINS\u00c4URE, GLYCERIN, CI 77491, CI 77499, CI 77492 (EISENOXIDE), GERANIOL*, CITRAL*, LIMONEN*, LINALOOL*. *90,2% ORGANISCH, ^FAIR GEHANDELT <\/p>\n<p><strong>Bitte beachten Sie: Dieses Produkt ist nicht 100% vegan, da es Bienenwachs enth\u00e4lt.<\/strong><\/p>\n<h4><strong>\u00dcber Organic Young (Oy!) von Green People<\/strong><\/h4>\n<p><strong data-start=\"187\" data-end=\"210\">Bio Jung (Oy!)<\/strong> ist die jugendliche, nat\u00fcrliche Pflegelinie <strong data-start=\"263\" data-end=\"279\">von Green People, die<\/strong> speziell f\u00fcr junge und unreine Haut entwickelt wurde. Die Produkte sind reich an biologischen Inhaltsstoffen wie Teebaum, gr\u00fcnem Tee und Hamamelis und enthalten <strong data-start=\"443\" data-end=\"474\">keine aggressiven Chemikalien<\/strong>, Alkohol oder synthetische Zus\u00e4tze. Oy! Bietet eine sanfte, effektive Pflege, die hilft, Ausbr\u00fcche zu verhindern, die Talgproduktion auszugleichen und eine gesunde, strahlende Haut im Teenageralter zu unterst\u00fctzen. V\u00f6llig nat\u00fcrlich und umweltfreundlich.   <\/p>\n","protected":false},"excerpt":{"rendered":"<p>Camouflage und pflege Pickel mit dem Concealer von Green People Oy! Mit Teebaum, gr\u00fcnem Tee und Ananas. Nat\u00fcrlich antibakteriell und hautpflegend.  <\/p>\n","protected":false},"featured_media":223171,"comment_status":"open","ping_status":"closed","template":"","meta":{"_acf_changed":false},"product_cat":[4604,8687,9290],"product_tag":[10254,10258,10186,10260,10257,10256,10253,10259,10255,10227],"berocket_brand":[10102],"class_list":["post-223146","product","type-product","status-publish","has-post-thumbnail","hentry","product_cat-neu","product_cat-pflege","product_cat-pflege-produkte","product_tag-anti-pickel-concealer","product_tag-camouflage-pickel","product_tag-grune-menschen-oy","product_tag-hautpflege-fur-teenager","product_tag-hautpflege-mit-grunem-tee","product_tag-make-up-fur-teenager","product_tag-naturlicher-concealer","product_tag-naturliches-make-up","product_tag-teebaum-concealer","product_tag-vegane-gesichtspflege","product_shipping_class-pakket-de","berocket_brand-green-people-de"],"acf":[],"aioseo_notices":[],"_links":{"self":[{"href":"https:\/\/glownaturalliving.com\/de\/wp-json\/wp\/v2\/product\/223146","targetHints":{"allow":["GET"]}}],"collection":[{"href":"https:\/\/glownaturalliving.com\/de\/wp-json\/wp\/v2\/product"}],"about":[{"href":"https:\/\/glownaturalliving.com\/de\/wp-json\/wp\/v2\/types\/product"}],"replies":[{"embeddable":true,"href":"https:\/\/glownaturalliving.com\/de\/wp-json\/wp\/v2\/comments?post=223146"}],"wp:featuredmedia":[{"embeddable":true,"href":"https:\/\/glownaturalliving.com\/de\/wp-json\/wp\/v2\/media\/223171"}],"wp:attachment":[{"href":"https:\/\/glownaturalliving.com\/de\/wp-json\/wp\/v2\/media?parent=223146"}],"wp:term":[{"taxonomy":"product_cat","embeddable":true,"href":"https:\/\/glownaturalliving.com\/de\/wp-json\/wp\/v2\/product_cat?post=223146"},{"taxonomy":"product_tag","embeddable":true,"href":"https:\/\/glownaturalliving.com\/de\/wp-json\/wp\/v2\/product_tag?post=223146"},{"taxonomy":"berocket_brand","embeddable":true,"href":"https:\/\/glownaturalliving.com\/de\/wp-json\/wp\/v2\/berocket_brand?post=223146"}],"curies":[{"name":"wp","href":"https:\/\/api.w.org\/{rel}","templated":true}]}}