{"id":223158,"date":"2025-05-26T12:25:03","date_gmt":"2025-05-26T11:25:03","guid":{"rendered":"https:\/\/glownaturalliving.com\/?post_type=product&#038;p=223158"},"modified":"2025-05-26T19:05:07","modified_gmt":"2025-05-26T18:05:07","slug":"clear-skin-goals-set-complete-natuurlijke-huidverzorgingsset-voor-tieners","status":"publish","type":"product","link":"https:\/\/glownaturalliving.com\/de\/winkel\/pflege\/pflege-produkte\/clear-skin-goals-set-complete-natuurlijke-huidverzorgingsset-voor-tieners\/","title":{"rendered":"Clear Skin Goals Set \u2013 Komplettes nat\u00fcrliches Hautpflegeset f\u00fcr Teenager"},"content":{"rendered":"<h4>Clear Skin Goals Set \u2013 Komplettes nat\u00fcrliches Hautpflegeset f\u00fcr Teenager<\/h4>\n<p data-start=\"419\" data-end=\"757\">Das  <strong data-start=\"422\" data-end=\"463\">Gr\u00fcne Menschen Oy! Ziele f\u00fcr klare Haut gesetzt<\/strong>  ist ein 100% nat\u00fcrliches, biologisches und veganes Hautpflegeset, das speziell f\u00fcr Jugendliche mit unreiner Haut entwickelt wurde. Dieses sorgf\u00e4ltig zusammengestellte Set enth\u00e4lt drei wirksame Produkte, die helfen, Pickel, Akne und Pigmentflecken, die durch Entz\u00fcndungen verursacht werden, zu reduzieren. <\/p>\n<p data-start=\"759\" data-end=\"1043\">Frei von synthetischen Duftstoffen, \u00e4therischen \u00d6len, Silikonen und Parabenen. Ideal f\u00fcr empfindliche Haut im Teenageralter. Dank der Zugabe von Pr\u00e4biotika unterst\u00fctzt diese Routine das nat\u00fcrliche Mikrobiom der Haut und tr\u00e4gt zu einem gesunden, strahlenden Teint ohne Irritationen bei.  <\/p>\n<p data-start=\"1045\" data-end=\"1059\"><strong data-start=\"1045\" data-end=\"1059\">Vorteile:<\/strong><\/p>\n<ul data-start=\"1061\" data-end=\"1466\">\n<li data-start=\"1061\" data-end=\"1134\">\n<p data-start=\"1063\" data-end=\"1134\">Zertifiziert 100% nat\u00fcrliche, biologische und vegane Hautpflege<\/p>\n<\/li>\n<li data-start=\"1135\" data-end=\"1188\">\n<p data-start=\"1137\" data-end=\"1188\">Speziell entwickelt f\u00fcr junge, unreine Haut<\/p>\n<\/li>\n<li data-start=\"1189\" data-end=\"1257\">\n<p data-start=\"1191\" data-end=\"1257\">Reduziert auf nat\u00fcrliche Weise Akne, Pickel und Pigmentflecken<\/p>\n<\/li>\n<li data-start=\"1258\" data-end=\"1331\">\n<p data-start=\"1260\" data-end=\"1331\">Frei von Parf\u00fcm, \u00e4therischen \u00d6len und scharfen Reinigungsmitteln (wie SLS)<\/p>\n<\/li>\n<li data-start=\"1332\" data-end=\"1388\">\n<p data-start=\"1334\" data-end=\"1388\">Unterst\u00fctzt ein gesundes Hautmikrobiom mit Pr\u00e4biotika<\/p>\n<\/li>\n<li data-start=\"1389\" data-end=\"1466\">\n<p data-start=\"1391\" data-end=\"1466\">Sanfte, aber effektive Pflege. Auch f\u00fcr empfindliche Haut geeignet <\/p>\n<\/li>\n<\/ul>\n<h3 data-start=\"1473\" data-end=\"1516\"><strong data-start=\"1477\" data-end=\"1516\">Inhalt der gesetzten Clear Skin Goals:<\/strong><\/h3>\n<ol data-start=\"1518\" data-end=\"1849\">\n<li data-start=\"1518\" data-end=\"1628\">\n<p data-start=\"1521\" data-end=\"1628\"><a href=\"https:\/\/glownaturalliving.com\/de\/?post_type=product&#038;p=223103\"><strong data-start=\"1521\" data-end=\"1578\">Gr\u00fcne Menschen Oy! Klare Haut Sch\u00e4umende Gesichtsw\u00e4sche (100ml)<\/strong><\/a>  \u2013 mild sch\u00e4umender Reiniger gegen Unreinheiten<\/p>\n<\/li>\n<li data-start=\"1629\" data-end=\"1740\">\n<p data-start=\"1632\" data-end=\"1740\"><a href=\"https:\/\/glownaturalliving.com\/de\/?post_type=product&#038;p=223137\"><strong data-start=\"1632\" data-end=\"1692\">Gr\u00fcne Menschen Oy! Reinigende Feuchtigkeitscreme f\u00fcr klare Haut (50ml)<\/strong><\/a>  \u2013 feuchtigkeitsspendende Tagescreme, die Pickel lindert<\/p>\n<\/li>\n<li data-start=\"1741\" data-end=\"1849\">\n<p data-start=\"1744\" data-end=\"1849\"><a href=\"https:\/\/glownaturalliving.com\/de\/?post_type=product&#038;p=223164\"><strong data-start=\"1744\" data-end=\"1798\">Gr\u00fcne Menschen Oy! Reinigendes Serum f\u00fcr klare Haut (30ml)<\/strong> <\/a>\u2013 intensiv reinigendes Serum f\u00fcr einen ebenm\u00e4\u00dfigen Teint<\/p>\n<\/li>\n<\/ol>\n<p data-start=\"1851\" data-end=\"1986\">Dieses Set bildet eine komplette Hautpflegeroutine in drei Schritten: Reinigung, Feuchtigkeitspflege und Reparatur \u2013 ideal f\u00fcr die t\u00e4gliche Anwendung.<\/p>\n<h4><strong>\u00dcber Organic Young (Oy!) von Green People<\/strong><\/h4>\n<p><strong data-start=\"187\" data-end=\"210\">Bio Jung (Oy!)<\/strong> ist die jugendliche, nat\u00fcrliche Pflegelinie <strong data-start=\"263\" data-end=\"279\">von Green People, die<\/strong> speziell f\u00fcr junge und unreine Haut entwickelt wurde. Die Produkte sind reich an biologischen Inhaltsstoffen wie Teebaum, gr\u00fcnem Tee und Hamamelis und enthalten <strong data-start=\"443\" data-end=\"474\">keine aggressiven Chemikalien<\/strong>, Alkohol oder synthetische Zus\u00e4tze. Oy! Bietet eine sanfte, effektive Pflege, die hilft, Ausbr\u00fcche zu verhindern, die Talgproduktion auszugleichen und eine gesunde, strahlende Haut im Teenageralter zu unterst\u00fctzen. V\u00f6llig nat\u00fcrlich und umweltfreundlich.   <\/p>\n","protected":false},"excerpt":{"rendered":"<p>Komplettes nat\u00fcrliches Hautpflegeset f\u00fcr Teenager von Green People Oy! Reduziert Pickel und Pigmentflecken. 100% biologisch, vegan und frei von Parf\u00fcm oder SLS.  <\/p>\n","protected":false},"featured_media":223162,"comment_status":"open","ping_status":"closed","template":"","meta":{"_acf_changed":false},"product_cat":[4604,8687,9290],"product_tag":[10283,10187,10186,10281,10277,10278,10284,10280,10282,10279],"berocket_brand":[10102],"class_list":["post-223158","product","type-product","status-publish","has-post-thumbnail","hentry","product_cat-neu","product_cat-pflege","product_cat-pflege-produkte","product_tag-akne-routine-fur-teenager","product_tag-bio-hautpflege","product_tag-grune-menschen-oy","product_tag-hautpflege-ohne-duftstoffe","product_tag-hautpflege-set-fur-teenager","product_tag-naturliche-hautpflege-fur-teenager","product_tag-naturliches-pflegeset","product_tag-pickel-und-aknepflege","product_tag-prabiotische-hautpflege","product_tag-vegane-hautpflege","product_shipping_class-pakket-de","berocket_brand-green-people-de"],"acf":[],"aioseo_notices":[],"_links":{"self":[{"href":"https:\/\/glownaturalliving.com\/de\/wp-json\/wp\/v2\/product\/223158","targetHints":{"allow":["GET"]}}],"collection":[{"href":"https:\/\/glownaturalliving.com\/de\/wp-json\/wp\/v2\/product"}],"about":[{"href":"https:\/\/glownaturalliving.com\/de\/wp-json\/wp\/v2\/types\/product"}],"replies":[{"embeddable":true,"href":"https:\/\/glownaturalliving.com\/de\/wp-json\/wp\/v2\/comments?post=223158"}],"wp:featuredmedia":[{"embeddable":true,"href":"https:\/\/glownaturalliving.com\/de\/wp-json\/wp\/v2\/media\/223162"}],"wp:attachment":[{"href":"https:\/\/glownaturalliving.com\/de\/wp-json\/wp\/v2\/media?parent=223158"}],"wp:term":[{"taxonomy":"product_cat","embeddable":true,"href":"https:\/\/glownaturalliving.com\/de\/wp-json\/wp\/v2\/product_cat?post=223158"},{"taxonomy":"product_tag","embeddable":true,"href":"https:\/\/glownaturalliving.com\/de\/wp-json\/wp\/v2\/product_tag?post=223158"},{"taxonomy":"berocket_brand","embeddable":true,"href":"https:\/\/glownaturalliving.com\/de\/wp-json\/wp\/v2\/berocket_brand?post=223158"}],"curies":[{"name":"wp","href":"https:\/\/api.w.org\/{rel}","templated":true}]}}