{"id":223164,"date":"2025-05-26T12:36:02","date_gmt":"2025-05-26T11:36:02","guid":{"rendered":"https:\/\/glownaturalliving.com\/?post_type=product&#038;p=223164"},"modified":"2025-05-26T19:05:05","modified_gmt":"2025-05-26T18:05:05","slug":"clear-skin-purifying-serum-natuurlijke-kalmerende-serum-voor-tieners","status":"publish","type":"product","link":"https:\/\/glownaturalliving.com\/de\/winkel\/pflege\/pflege-produkte\/clear-skin-purifying-serum-natuurlijke-kalmerende-serum-voor-tieners\/","title":{"rendered":"Clear Skin Purifying Serum \u2013 Nat\u00fcrliches beruhigendes Serum f\u00fcr Teenager"},"content":{"rendered":"<h4>Clear Skin Purifying Serum \u2013 Nat\u00fcrliches beruhigendes Serum f\u00fcr Teenager<\/h4>\n<p data-start=\"414\" data-end=\"829\">Es  <strong data-start=\"418\" data-end=\"465\">Gr\u00fcne Menschen Oy! Klares hautreinigendes Serum<\/strong>  ist ein reinigendes, nat\u00fcrliches Serum, das speziell f\u00fcr empfindliche und unreine Haut im Teenageralter entwickelt wurde. Dieses Bio-Serum hilft, die Haut auszugleichen, reduziert Entz\u00fcndungen und lindert R\u00f6tungen und Irritationen. Geeignet f\u00fcr alle Hauttypen, auch f\u00fcr empfindliche und zu Akne neigende Haut.  <\/p>\n<p data-start=\"831\" data-end=\"1092\">Die kraftvolle Rezeptur mit <strong data-start=\"856\" data-end=\"869\">Aloe Vera<\/strong>, <strong data-start=\"871\" data-end=\"888\">Teebaum\u00f6l<\/strong> und <strong data-start=\"892\" data-end=\"906\">Weidenrinde<\/strong> wirkt entschlackend, antibakteriell und beruhigend, ohne die Haut auszutrocknen. Dieses Serum pflegt gezielt Hautunreinheiten und kann auch topisch auf Problemzonen aufgetragen werden. <\/p>\n<p data-start=\"1094\" data-end=\"1108\"><strong data-start=\"1094\" data-end=\"1108\">Vorteile:<\/strong><\/p>\n<ul data-start=\"1110\" data-end=\"1468\">\n<li data-start=\"1110\" data-end=\"1164\">\n<p data-start=\"1112\" data-end=\"1164\">Reduziert R\u00f6tungen, Entz\u00fcndungen und Hautunreinheiten<\/p>\n<\/li>\n<li data-start=\"1165\" data-end=\"1218\">\n<p data-start=\"1167\" data-end=\"1218\">Speziell entwickelt f\u00fcr junge, empfindliche Haut<\/p>\n<\/li>\n<li data-start=\"1219\" data-end=\"1267\">\n<p data-start=\"1221\" data-end=\"1267\">Enth\u00e4lt nat\u00fcrliche Salicyls\u00e4ure aus Weidenrinde<\/p>\n<\/li>\n<li data-start=\"1268\" data-end=\"1322\">\n<p data-start=\"1270\" data-end=\"1322\">Geeignet f\u00fcr alle Hauttypen, von Akne bis Ekzemen<\/p>\n<\/li>\n<li data-start=\"1323\" data-end=\"1357\">\n<p data-start=\"1325\" data-end=\"1357\">88,5% biologische Inhaltsstoffe<\/p>\n<\/li>\n<li data-start=\"1358\" data-end=\"1429\">\n<p data-start=\"1360\" data-end=\"1429\">Frei von Mikroplastik, synthetischem Parf\u00fcm, Parabenen und Silikonen<\/p>\n<\/li>\n<li data-start=\"1430\" data-end=\"1468\">\n<p data-start=\"1432\" data-end=\"1468\">Vegan, glutenfrei und tierversuchsfrei<\/p>\n<\/li>\n<\/ul>\n<h3 data-start=\"1475\" data-end=\"1502\"><strong data-start=\"1479\" data-end=\"1502\">Manuell:<\/strong><\/h3>\n<p data-start=\"1504\" data-end=\"1755\">Tragen Sie eine kleine Menge des Serums mit sanften, abgebenden Bewegungen auf ein sauberes Gesicht auf. Das Produkt kann auch topisch bei Pickeln oder roten Flecken angewendet werden. Verwenden Sie es morgens und\/oder abends als Teil Ihrer Hautpflegeroutine.  <\/p>\n<h3 data-start=\"1762\" data-end=\"1793\"><strong data-start=\"1766\" data-end=\"1793\">Empfohlene Kombinationen:<\/strong><\/h3>\n<ul data-start=\"1795\" data-end=\"1928\">\n<li data-start=\"1795\" data-end=\"1838\">\n<p data-start=\"1797\" data-end=\"1838\"><a class=\"cursor-pointer\" href=\"https:\/\/glownaturalliving.com\/de\/?post_type=product&#038;p=223103\" rel=\"noopener\" data-start=\"1797\" data-end=\"1836\">Gr\u00fcne Menschen Oy! Sch\u00e4umende Gesichtsw\u00e4sche <\/a><\/p>\n<\/li>\n<li data-start=\"1839\" data-end=\"1886\">\n<p data-start=\"1841\" data-end=\"1886\"><a class=\"cursor-pointer\" href=\"https:\/\/glownaturalliving.com\/de\/?post_type=product&#038;p=223137\" rel=\"noopener\" data-start=\"1841\" data-end=\"1884\">Gr\u00fcne Menschen Oy! Reinigende Feuchtigkeitscreme<\/a><\/p>\n<\/li>\n<li data-start=\"1887\" data-end=\"1928\">\n<p data-start=\"1889\" data-end=\"1928\"><a class=\"cursor-pointer\" href=\"https:\/\/glownaturalliving.com\/de\/?post_type=product&#038;p=223146\" rel=\"noopener\" data-start=\"1889\" data-end=\"1928\">Gr\u00fcne Menschen Oy! Spot It Concealer<\/a><\/p>\n<\/li>\n<\/ul>\n<p><strong>Zutaten:<\/strong><\/p>\n<p>AQUA (REINES WASSER), SALIX NIGRA (SCHWARZE WEIDE) RINDENEXTRAKT, GLYCERIN (PFLANZLICH), ALOE BARBADENSIS (ALOE VERA) BLATTSAFTPULVER*, OLEA EUROPAEA (OLIVE) FRUCHT\u00d6L*, HELIANTHUS ANNUUS (SONNENBLUME) SAMEN\u00d6L*, ROSA CANINA (HAGEBUTTE) FRUCHT\u00d6L*, ALTHAEA OFFICINALIS (EIBISCH) WURZELEXTRAKT*, CHAMOMILLA RECUTITA (KAMILLE) BL\u00dcTENEXTRAKT*, ROSMARINUS OFFICINALIS (ROSMARIN) BLATTEXTRAKT*, AROMA [LAVANDULA ANGUSTIFOLIA (LAVENDEL) KR\u00c4UTER\u00d6L*^, CYMBOPOGON FLEXUOSUS (ZITRONENGRAS) BLATT\u00d6L*^,  PELARGONIUM GRAVEOLENS (ROSENGERANIE) \u00d6L*^, MELALEUCA ALTERNIFOLIA (TEEBAUM) BLATT\u00d6L*, VANILLE PLANIFOLIA (VANILLE) FRUCHTEXTRAKT], YUCCA SCHIDIGERA (YUCCA) STAMMEXTRAKT, XANTHANGUMMI, CHONDRUS CRISPUS (IRISCHES MOOS) PULVER, NATRIUMBENZOAT, KALIUMSORBAT, BENZYLALKOHOL, SALICYLS\u00c4URE, SORBINS\u00c4URE, CITRAL*, CITRONELLOL*, GERANIOL*, LIMONEN*, LINALOOL*. *88,5% BIO, ^FAIR GEHANDELT <\/p>\n<p data-start=\"419\" data-end=\"757\"><strong style=\"color: #333333; font-size: 14.4px;\">\u00dcber Organic Young (Oy!) von Green People<\/strong><\/p>\n<p><strong data-start=\"187\" data-end=\"210\">Bio Jung (Oy!)<\/strong> ist die jugendliche, nat\u00fcrliche Pflegelinie <strong data-start=\"263\" data-end=\"279\">von Green People, die<\/strong> speziell f\u00fcr junge und unreine Haut entwickelt wurde. Die Produkte sind reich an biologischen Inhaltsstoffen wie Teebaum, gr\u00fcnem Tee und Hamamelis und enthalten <strong data-start=\"443\" data-end=\"474\">keine aggressiven Chemikalien<\/strong>, Alkohol oder synthetische Zus\u00e4tze. Oy! Bietet eine sanfte, effektive Pflege, die hilft, Ausbr\u00fcche zu verhindern, die Talgproduktion auszugleichen und eine gesunde, strahlende Haut im Teenageralter zu unterst\u00fctzen. V\u00f6llig nat\u00fcrlich und umweltfreundlich.   <\/p>\n","protected":false},"excerpt":{"rendered":"<p>Nat\u00fcrliches reinigendes Serum von Green People Oy! gegen Pickel, R\u00f6tungen und Irritationen. Mit Teebaum, Aloe Vera und Weidenrinde. 88,5% biologisch &amp; vegan.  <\/p>\n","protected":false},"featured_media":223168,"comment_status":"open","ping_status":"closed","template":"","meta":{"_acf_changed":false},"product_cat":[4604,8687,9290],"product_tag":[10308,10310,10307,10186,10309,10303,10311,10305,10304,10306],"berocket_brand":[10102],"class_list":["post-223164","product","type-product","status-publish","has-post-thumbnail","hentry","product_cat-neu","product_cat-pflege","product_cat-pflege-produkte","product_tag-akne-serum","product_tag-beruhigendes-serum-fur-empfindliche-haut","product_tag-bio-gesichtspflege","product_tag-grune-menschen-oy","product_tag-hautpflege-mit-weidenrinde","product_tag-naturliches-anti-pickel-serum","product_tag-parfumfreies-serum","product_tag-serum-fur-teenager","product_tag-teebaum-serum","product_tag-vegane-hautpflege-de","product_shipping_class-pakket-de","berocket_brand-green-people-de"],"acf":[],"aioseo_notices":[],"_links":{"self":[{"href":"https:\/\/glownaturalliving.com\/de\/wp-json\/wp\/v2\/product\/223164","targetHints":{"allow":["GET"]}}],"collection":[{"href":"https:\/\/glownaturalliving.com\/de\/wp-json\/wp\/v2\/product"}],"about":[{"href":"https:\/\/glownaturalliving.com\/de\/wp-json\/wp\/v2\/types\/product"}],"replies":[{"embeddable":true,"href":"https:\/\/glownaturalliving.com\/de\/wp-json\/wp\/v2\/comments?post=223164"}],"wp:featuredmedia":[{"embeddable":true,"href":"https:\/\/glownaturalliving.com\/de\/wp-json\/wp\/v2\/media\/223168"}],"wp:attachment":[{"href":"https:\/\/glownaturalliving.com\/de\/wp-json\/wp\/v2\/media?parent=223164"}],"wp:term":[{"taxonomy":"product_cat","embeddable":true,"href":"https:\/\/glownaturalliving.com\/de\/wp-json\/wp\/v2\/product_cat?post=223164"},{"taxonomy":"product_tag","embeddable":true,"href":"https:\/\/glownaturalliving.com\/de\/wp-json\/wp\/v2\/product_tag?post=223164"},{"taxonomy":"berocket_brand","embeddable":true,"href":"https:\/\/glownaturalliving.com\/de\/wp-json\/wp\/v2\/berocket_brand?post=223164"}],"curies":[{"name":"wp","href":"https:\/\/api.w.org\/{rel}","templated":true}]}}