{"id":223174,"date":"2025-05-26T12:56:24","date_gmt":"2025-05-26T11:56:24","guid":{"rendered":"https:\/\/glownaturalliving.com\/?post_type=product&#038;p=223174"},"modified":"2025-05-26T19:05:02","modified_gmt":"2025-05-26T18:05:02","slug":"deodorant-natuurlijke-roll-on-deodorant-voor-tieners-met-sinaasappel-vanille","status":"publish","type":"product","link":"https:\/\/glownaturalliving.com\/de\/winkel\/pflege\/pflege-produkte\/deodorant-natuurlijke-roll-on-deodorant-voor-tieners-met-sinaasappel-vanille\/","title":{"rendered":"Deodorant \u2013 Nat\u00fcrliches Roll-On Deodorant f\u00fcr Teenager mit Orange &amp; Vanille"},"content":{"rendered":"<p>Deodorant \u2013 Nat\u00fcrliches Roll-On Deodorant f\u00fcr Teenager mit Orange &amp; Vanille<\/p>\n<p data-start=\"366\" data-end=\"744\">Das  <strong data-start=\"369\" data-end=\"399\">Gr\u00fcne Menschen Oy! Deodorant<\/strong>  ist ein 100% nat\u00fcrliches und biologisches Roll-on Deodorant, das speziell f\u00fcr Jugendliche und Kinder entwickelt wurde. Diese sanfte Formel neutralisiert sanft Ger\u00fcche, ohne die Poren zu verstopfen oder die Haut zu reizen. Mit einem frischen, dezenten Duft nach <strong data-start=\"657\" data-end=\"683\">Orange und Vanille<\/strong> sorgt dieses Deodorant f\u00fcr langanhaltende Frische und Pflege.  <\/p>\n<p data-start=\"746\" data-end=\"984\">Dieses Deodorant ist frei von synthetischen Parf\u00fcms, Alkohol, Parabenen und anderen aggressiven Inhaltsstoffen. Die <strong data-start=\"858\" data-end=\"871\">zugesetzte Aloe Vera<\/strong> beruhigt die Haut, w\u00e4hrend die Formel die nat\u00fcrliche Hautflora unterst\u00fctzt. Ideal f\u00fcr empfindliche Haut im Teenageralter.  <\/p>\n<p data-start=\"986\" data-end=\"1000\"><strong data-start=\"986\" data-end=\"1000\">Vorteile:<\/strong><\/p>\n<ul data-start=\"1002\" data-end=\"1344\">\n<li data-start=\"1002\" data-end=\"1050\">\n<p data-start=\"1004\" data-end=\"1050\">Speziell f\u00fcr Kinder und Jugendliche entwickelt<\/p>\n<\/li>\n<li data-start=\"1051\" data-end=\"1113\">\n<p data-start=\"1053\" data-end=\"1113\">Reduziert die Geruchsbildung durch Bakterien auf nat\u00fcrliche Weise<\/p>\n<\/li>\n<li data-start=\"1114\" data-end=\"1156\">\n<p data-start=\"1116\" data-end=\"1156\">Unterst\u00fctzt das Mikrobiom der Haut<\/p>\n<\/li>\n<li data-start=\"1157\" data-end=\"1212\">\n<p data-start=\"1159\" data-end=\"1212\">Geeignet f\u00fcr alle Hauttypen, auch f\u00fcr empfindliche Haut<\/p>\n<\/li>\n<li data-start=\"1213\" data-end=\"1300\">\n<p data-start=\"1215\" data-end=\"1300\">Frei von Parabenen, Silikonen, Alkohol, k\u00fcnstlichen Duftstoffen und Petrochemikalien<\/p>\n<\/li>\n<li data-start=\"1301\" data-end=\"1344\">\n<p data-start=\"1303\" data-end=\"1344\">100% vegan, nat\u00fcrlich und tierversuchsfrei<\/p>\n<\/li>\n<\/ul>\n<h3 data-start=\"1351\" data-end=\"1386\"><strong data-start=\"1355\" data-end=\"1386\">Wichtige Inhaltsstoffe:<\/strong><\/h3>\n<ul data-start=\"1388\" data-end=\"1570\">\n<li data-start=\"1388\" data-end=\"1438\">\n<p data-start=\"1390\" data-end=\"1438\"><strong data-start=\"1390\" data-end=\"1403\">Aloe Vera<\/strong> \u2013 beruhigt und befeuchtet die Haut<\/p>\n<\/li>\n<li data-start=\"1439\" data-end=\"1517\">\n<p data-start=\"1441\" data-end=\"1517\"><strong data-start=\"1441\" data-end=\"1460\">Orangen\u00f6l<\/strong> \u2013 Sorgt f\u00fcr einen frischen Duft und eine antibakterielle Wirkung<\/p>\n<\/li>\n<li data-start=\"1518\" data-end=\"1570\">\n<p data-start=\"1520\" data-end=\"1570\"><strong data-start=\"1520\" data-end=\"1539\">Vanilleextrakt<\/strong> \u2013 Macht die Haut weich und pflegt sie<\/p>\n<\/li>\n<\/ul>\n<h3 data-start=\"1577\" data-end=\"1604\"><strong data-start=\"1581\" data-end=\"1604\">Manuell:<\/strong><\/h3>\n<p data-start=\"1606\" data-end=\"1701\">Vor der Anwendung gut sch\u00fctteln. Auf die sauberen, trockenen Achseln auftragen. Geeignet f\u00fcr den t\u00e4glichen Gebrauch.  <\/p>\n<h3 data-start=\"1708\" data-end=\"1739\"><strong data-start=\"1712\" data-end=\"1739\">Empfohlene Kombinationen:<\/strong><\/h3>\n<ul data-start=\"1741\" data-end=\"1866\">\n<li data-start=\"1741\" data-end=\"1776\">\n<p data-start=\"1743\" data-end=\"1776\"><a class=\"cursor-pointer\" href=\"https:\/\/glownaturalliving.com\/de\/?post_type=product&#038;p=223103\" rel=\"noopener\" data-start=\"1743\" data-end=\"1774\">Gr\u00fcne Menschen Oy! Gesichtsw\u00e4sche<\/a><\/p>\n<\/li>\n<li data-start=\"1777\" data-end=\"1824\">\n<p data-start=\"1779\" data-end=\"1824\"><a class=\"cursor-pointer\" href=\"https:\/\/glownaturalliving.com\/de\/?post_type=product&#038;p=223137\" rel=\"noopener\" data-start=\"1779\" data-end=\"1822\">Gr\u00fcne Menschen Oy! Reinigende Feuchtigkeitscreme<\/a><\/p>\n<\/li>\n<li data-start=\"1825\" data-end=\"1866\">\n<p data-start=\"1827\" data-end=\"1866\"><a class=\"cursor-pointer\" href=\"https:\/\/glownaturalliving.com\/de\/?post_type=product&#038;p=223146\" rel=\"noopener\" data-start=\"1827\" data-end=\"1866\">Gr\u00fcne Menschen Oy! Spot It Concealer<\/a><\/p>\n<\/li>\n<\/ul>\n<p data-start=\"356\" data-end=\"750\"><strong style=\"font-size: 14.4px;\">Zutaten:<\/strong><\/p>\n<p>AQUA (QUELLWASSER), KALIUMALAUN (NAT\u00dcRLICHER MINERALSTOFF), OLEA EUROPAEA (OLIVE) FRUCHT\u00d6L*, HELIANTHUS ANNUUS (SONNENBLUME) SAMEN\u00d6L*, CETEARYLALKOHOL (EMULGIERENDES PFLANZENWACHS), ZINKRICINOLEAT (AUS RIZINUS\u00d6L), BUTYROSPERMUM PARKII (SHEA) BUTTER*^, ALPHA-GLUCAN-OLIGOSACCHARID (PR\u00c4BIOTIKUM), ALOE BARBADENSIS (ALOE VERA) BLATTSAFTPULVER*, ROSMARINUS OFFICINALIS (ROSMARIN) BLATTEXTRAKT*, AROMA [CITRUS AURANTIUM DULCIS (S\u00dcSSORANGE) SCHALEN\u00d6L*, CITRUS NOBILIS (MANDARINE) SCHALEN\u00d6L*,  CITRUS LIMON (ZITRONE) SCHALEN\u00d6L*, CINNAMOMUM CAMPHORA (HO-HOLZ) RINDEN\u00d6L, LAVANDULA ANGUSTIFOLIA (LAVENDEL) KR\u00c4UTER\u00d6L*^, VANILLA PLANIFOLIA (VANILLE) FRUCHTEXTRAKT*^], CETEARYLGLUCOSID (PFLANZLICHER EMULGATOR), L\u00c4VULINS\u00c4URE (PFLANZLICHER ABSTAMMUNG), CETEARYLOLIVAT (AUS OLIVEN\u00d6L), SORBITANOLIVAT (AUS OLIVEN\u00d6L), GLYCERIN, KALIUM-CETYLPHOSPHAT, SKLEROTIUMGUMMI (NAT\u00dcRLICHES GUMMI), XANTHAN (MAISST\u00c4RKEGUMMI), NATRIUMSTEAROYLGLUTAMAT (PFLANZLICHER EMULGATOR),  NATRIUMLAURYLGLUKOSECARBOXYLAT (PFLANZLICH), LAURYLGLUCOSID (PFLANZLICH), NATRIUMCITRAT, SORBINS\u00c4URE, NATRIUMBENZOAT, KALIUMSORBAT, LIMONEN*, LINALOOL*, CITRAL*, GERANIOL*. *90,0% ORGANISCH ^FAIR GEHANDELT <\/p>\n<h4><strong>\u00dcber Organic Young (Oy!) von Green People<\/strong><\/h4>\n<p><strong data-start=\"187\" data-end=\"210\">Bio Jung (Oy!)<\/strong> ist die jugendliche, nat\u00fcrliche Pflegelinie <strong data-start=\"263\" data-end=\"279\">von Green People, die<\/strong> speziell f\u00fcr junge und unreine Haut entwickelt wurde. Die Produkte sind reich an biologischen Inhaltsstoffen wie Teebaum, gr\u00fcnem Tee und Hamamelis und enthalten <strong data-start=\"443\" data-end=\"474\">keine aggressiven Chemikalien<\/strong>, Alkohol oder synthetische Zus\u00e4tze. Oy! Bietet eine sanfte, effektive Pflege, die hilft, Ausbr\u00fcche zu verhindern, die Talgproduktion auszugleichen und eine gesunde, strahlende Haut im Teenageralter zu unterst\u00fctzen. V\u00f6llig nat\u00fcrlich und umweltfreundlich.   <\/p>\n","protected":false},"excerpt":{"rendered":"<p>Nat\u00fcrliches Deodorant von Green People Oy! mit Orange und Vanille. Speziell f\u00fcr Teenager. Ohne Alkohol, Parabene oder k\u00fcnstliche Duftstoffe. Vegan &amp; bio.   <\/p>\n","protected":false},"featured_media":223178,"comment_status":"open","ping_status":"closed","template":"","meta":{"_acf_changed":false},"product_cat":[4604,8687,9290],"product_tag":[10187,10329,10335,10334,10186,10328,10332,10333,10331,10330],"berocket_brand":[10102],"class_list":["post-223174","product","type-product","status-publish","has-post-thumbnail","hentry","product_cat-neu","product_cat-pflege","product_cat-pflege-produkte","product_tag-bio-hautpflege","product_tag-deodorant-fur-teenager","product_tag-deodorant-fur-teenager-de","product_tag-empfindliche-haut","product_tag-grune-menschen-oy","product_tag-naturliches-deodorant","product_tag-orangefarbenes-deodorant","product_tag-parfumfreies-deodorant","product_tag-roll-on-ohne-alkohol","product_tag-veganes-deodorant","product_shipping_class-pakket-de","berocket_brand-green-people-de"],"acf":[],"aioseo_notices":[],"_links":{"self":[{"href":"https:\/\/glownaturalliving.com\/de\/wp-json\/wp\/v2\/product\/223174","targetHints":{"allow":["GET"]}}],"collection":[{"href":"https:\/\/glownaturalliving.com\/de\/wp-json\/wp\/v2\/product"}],"about":[{"href":"https:\/\/glownaturalliving.com\/de\/wp-json\/wp\/v2\/types\/product"}],"replies":[{"embeddable":true,"href":"https:\/\/glownaturalliving.com\/de\/wp-json\/wp\/v2\/comments?post=223174"}],"wp:featuredmedia":[{"embeddable":true,"href":"https:\/\/glownaturalliving.com\/de\/wp-json\/wp\/v2\/media\/223178"}],"wp:attachment":[{"href":"https:\/\/glownaturalliving.com\/de\/wp-json\/wp\/v2\/media?parent=223174"}],"wp:term":[{"taxonomy":"product_cat","embeddable":true,"href":"https:\/\/glownaturalliving.com\/de\/wp-json\/wp\/v2\/product_cat?post=223174"},{"taxonomy":"product_tag","embeddable":true,"href":"https:\/\/glownaturalliving.com\/de\/wp-json\/wp\/v2\/product_tag?post=223174"},{"taxonomy":"berocket_brand","embeddable":true,"href":"https:\/\/glownaturalliving.com\/de\/wp-json\/wp\/v2\/berocket_brand?post=223174"}],"curies":[{"name":"wp","href":"https:\/\/api.w.org\/{rel}","templated":true}]}}