{"id":223256,"date":"2025-06-03T13:49:26","date_gmt":"2025-06-03T12:49:26","guid":{"rendered":"https:\/\/glownaturalliving.com\/winkel\/unkategorisiert\/hiartken-tennissokken-biologisch-katoen-lila\/"},"modified":"2025-06-03T14:22:28","modified_gmt":"2025-06-03T13:22:28","slug":"hiartken-tennissokken-biologisch-katoen-lila","status":"publish","type":"product","link":"https:\/\/glownaturalliving.com\/de\/winkel\/geschenk\/fur-kinder\/hiartken-tennissokken-biologisch-katoen-lila\/","title":{"rendered":"HI\u00c4RTKEN | Tennissocken Bio-Baumwolle \u2013 Flieder"},"content":{"rendered":"<h4 data-start=\"242\" data-end=\"295\">HI\u00c4RTKEN | Tennissocken Bio-Baumwolle \u2013 Flieder<\/h4>\n<h3 data-start=\"522\" data-end=\"570\">Schenken Sie Liebe mit der HI\u00c4RTKEN Tennissocke<\/h3>\n<p data-start=\"572\" data-end=\"903\">Manchmal m\u00f6chte man einfach nur ein bisschen Liebe schenken und was gibt es Besseres, als das mit einer stylischen, bequemen Tennissocke mit Herz zu tun? <strong data-start=\"707\" data-end=\"751\">Die HI\u00c4RTKEN Tennissocke mit Herzmotiv<\/strong> ist ein einzigartiges Modeaccessoire und ein herzerw\u00e4rmendes Geschenk. Das dezente, gewebte Herz am Schaft macht diese Socke zu einem echten Hingucker.  <\/p>\n<p data-start=\"905\" data-end=\"1056\">Verpackt in einer liebevollen <em data-start=\"932\" data-end=\"945\">\u201eVan Harte\u201c<\/em> -Geschenkverpackung ist diese Socke das perfekte Geschenk. F\u00fcr einen geliebten Menschen, einen Freund oder einfach nur f\u00fcr sich selbst. <\/p>\n<p data-start=\"905\" data-end=\"1056\">(Hinweis: Der Text auf der Verpackung ist auf Deutsch)<\/p>\n<h3 data-start=\"1063\" data-end=\"1115\"><strong data-start=\"1069\" data-end=\"1115\">Warum du HI\u00c4RTKEN Socken lieben wirst:<\/strong><\/h3>\n<ul data-start=\"1117\" data-end=\"1528\">\n<li data-start=\"1117\" data-end=\"1223\">\n<p data-start=\"1119\" data-end=\"1223\"><strong data-start=\"1119\" data-end=\"1144\">Ultraweiches Material:<\/strong> Hergestellt aus hautfreundlicher Bio-Baumwolle f\u00fcr optimalen Tragekomfort.<\/p>\n<\/li>\n<li data-start=\"1224\" data-end=\"1341\">\n<p data-start=\"1226\" data-end=\"1341\"><strong data-start=\"1226\" data-end=\"1260\">Komfortable Frottee-Struktur:<\/strong> Die weiche Sohle d\u00e4mpft jeden Schritt und sorgt f\u00fcr zus\u00e4tzlichen Komfort beim Gehen oder Trainieren.<\/p>\n<\/li>\n<li data-start=\"1342\" data-end=\"1439\">\n<p data-start=\"1344\" data-end=\"1439\"><strong data-start=\"1344\" data-end=\"1371\">Nahtloser Zehenabschluss:<\/strong> Keine Reibungs- oder Druckstellen, ideal f\u00fcr langanhaltenden Verschlei\u00df.<\/p>\n<\/li>\n<li data-start=\"1440\" data-end=\"1528\">\n<p data-start=\"1442\" data-end=\"1528\"><strong data-start=\"1442\" data-end=\"1463\">Perfekte Passform:<\/strong> Passt normal, w\u00e4hlen Sie Ihre \u00fcbliche Gr\u00f6\u00dfe f\u00fcr eine ideale Passform.<\/p>\n<\/li>\n<\/ul>\n<h3 data-start=\"1535\" data-end=\"1581\"><strong data-start=\"1542\" data-end=\"1581\">Aus dem Herzen des M\u00fcnsterlandes<\/strong><\/h3>\n<p data-start=\"1583\" data-end=\"1831\">Der Name <em data-start=\"1591\" data-end=\"1601\">HI\u00c4RTKEN<\/em> ist eine Hommage an Wettringen, das charmante Dorf im M\u00fcnsterland, in dem DAILYSOCKS produziert wird. Im Volksmund wird Wettringen auch \u201edie Hi\u00e4rtken des Wi\u00e4lt\u201c oder <em data-start=\"1806\" data-end=\"1830\">das Herz der Welt<\/em> genannt. <\/p>\n<h3 data-start=\"1838\" data-end=\"1860\"><strong data-start=\"1845\" data-end=\"1860\">Gr\u00f6\u00dfenhinweis:<\/strong><\/h3>\n<p data-start=\"1862\" data-end=\"2016\">Die HI\u00c4RTKEN Socke sitzt normal. Tragen Sie Gr\u00f6\u00dfe 39? Dann w\u00e4hlen Sie die Gr\u00f6\u00dfe 39\/42. Der Schaft ist etwas fester gestrickt, wie es sich f\u00fcr klassische Tennissocken geh\u00f6rt.   <\/p>\n<h3 data-start=\"2023\" data-end=\"2061\"><strong data-start=\"2030\" data-end=\"2061\">Material &amp; Waschanleitung:<\/strong><\/h3>\n<ul data-start=\"2063\" data-end=\"2230\">\n<li data-start=\"2063\" data-end=\"2136\">\n<p data-start=\"2065\" data-end=\"2136\"><strong data-start=\"2065\" data-end=\"2083\">Zusammensetzung:<\/strong> 80% Bio-Baumwolle, 17% Polyamid, 3% Elasthan<\/p>\n<\/li>\n<li data-start=\"2137\" data-end=\"2230\">\n<p data-start=\"2139\" data-end=\"2230\"><strong data-start=\"2139\" data-end=\"2157\">Waschanleitung:<\/strong> Bei 30\u00b0C waschen.  Nicht f\u00fcr den Trockner geeignet, um die Fasern zu sch\u00fctzen. <\/p>\n<\/li>\n<\/ul>\n<p><strong>Auch in den Farben <a href=\"https:\/\/glownaturalliving.com\/de\/winkel\/geschenk\/fur-kinder\/hiartken-tennissokken-biologisch-katoen-wit\/\">Wei\u00df mit goldenem Herz<\/a>, <a href=\"https:\/\/glownaturalliving.com\/de\/?post_type=product&#038;p=223265\">Wei\u00df mit rotem Herz<\/a> und <a href=\"https:\/\/glownaturalliving.com\/de\/?post_type=product&#038;p=223281\">Pink<\/a> erh\u00e4ltlich<\/strong><\/p>\n<h3 data-start=\"2237\" data-end=\"2282\">Perfekt als Geschenk, ideal f\u00fcr sich selbst<\/h3>\n<p data-start=\"2284\" data-end=\"2414\">Egal, ob Sie auf der Suche nach einer kleinen Geste der Liebe oder einer bequemen Socke mit Stil sind. Die HI\u00c4RTKEN Tennissocke ist eine herzerw\u00e4rmende Wahl. <\/p>\n<h3 data-start=\"284\" data-end=\"336\">\u00dcber DAILYSOCKS<\/h3>\n<p data-start=\"338\" data-end=\"716\"><strong data-start=\"338\" data-end=\"352\">DAILYSOCKS<\/strong> ist eine moderne Sockenmarke aus Deutschland, die Stil, Komfort und Langlebigkeit vereint. Jedes Paar Socken wird sorgf\u00e4ltig entworfen und in dem malerischen Dorf <strong data-start=\"520\" data-end=\"534\">Wettringen<\/strong> hergestellt, das liebevoll <em data-start=\"555\" data-end=\"581\">\u201edas Herz der Welt<\/em>\u201c genannt wird. DAILYSOCKS ist bekannt f\u00fcr seine <strong data-start=\"623\" data-end=\"650\">hochwertigen Materialien<\/strong>, <strong data-start=\"652\" data-end=\"675\">die raffinierte Verarbeitung<\/strong> und <strong data-start=\"679\" data-end=\"715\">die einzigartigen Designs mit einer Botschaft<\/strong>.  <\/p>\n<p data-start=\"718\" data-end=\"896\">Was macht DAILYSOCKS besonders? Jedes Design erz\u00e4hlt eine Geschichte. Von Herzmotiven bis hin zu kraftvollen Farbkombinationen. Diese Socken bringen jeden Tag ein L\u00e4cheln und ein Statement.   <\/p>\n<p data-start=\"898\" data-end=\"1061\">&#x2714; Hergestellt aus <strong data-start=\"912\" data-end=\"933\">Bio-Baumwolle<\/strong><br data-start=\"933\" data-end=\"936\">&#x2714; Fair produziert in Europa<br data-start=\"968\" data-end=\"971\">&#x2714; Perfekt als <strong data-start=\"985\" data-end=\"1014\">Geschenk oder modisches Accessoire<\/strong><br data-start=\"1014\" data-end=\"1017\">&#x2714; Bekannt f\u00fcr <strong data-start=\"1029\" data-end=\"1061\">Komfort und Stil mit Charakter<\/strong><\/p>\n<p data-start=\"1063\" data-end=\"1185\"><strong data-start=\"1063\" data-end=\"1185\">Mit DAILYSOCKS tr\u00e4gst du nicht nur Socken, sondern jeden Tag ein St\u00fcck Liebe, Handwerkskunst und Pers\u00f6nlichkeit.<\/strong><\/p>\n","protected":false},"excerpt":{"rendered":"<p>Entdecken Sie die HI\u00c4RTKEN Tennissocken aus Bio-Baumwolle: stylisch und bequem. Mit einem dezenten silbernen Herzen. Perfekt als Geschenk oder f\u00fcr jeden Tag!  <\/p>\n","protected":false},"featured_media":223252,"comment_status":"open","ping_status":"closed","template":"","meta":{"_acf_changed":false},"product_cat":[9706,9994,9998,9987,4604,8398,8514,8833],"product_tag":[10445,10449,10448,10450,10446,10447],"berocket_brand":[10414],"class_list":["post-223256","product","type-product","status-publish","has-post-thumbnail","hentry","product_cat-accessoires-de","product_cat-fur-kinder","product_cat-fuer-sie","product_cat-geschenk","product_cat-neu","product_cat-damenbekleidung","product_cat-kinderkleidung","product_cat-mini-baby-zubehor","product_tag-bio-baumwolle","product_tag-nachhaltige-socken","product_tag-socken-mit-herz","product_tag-tagliche-socken","product_tag-tennissocken-fur-damen","product_tag-tennissocken-fur-herren","product_shipping_class-pakket-de","berocket_brand-dailysocks-de"],"acf":[],"aioseo_notices":[],"_links":{"self":[{"href":"https:\/\/glownaturalliving.com\/de\/wp-json\/wp\/v2\/product\/223256","targetHints":{"allow":["GET"]}}],"collection":[{"href":"https:\/\/glownaturalliving.com\/de\/wp-json\/wp\/v2\/product"}],"about":[{"href":"https:\/\/glownaturalliving.com\/de\/wp-json\/wp\/v2\/types\/product"}],"replies":[{"embeddable":true,"href":"https:\/\/glownaturalliving.com\/de\/wp-json\/wp\/v2\/comments?post=223256"}],"wp:featuredmedia":[{"embeddable":true,"href":"https:\/\/glownaturalliving.com\/de\/wp-json\/wp\/v2\/media\/223252"}],"wp:attachment":[{"href":"https:\/\/glownaturalliving.com\/de\/wp-json\/wp\/v2\/media?parent=223256"}],"wp:term":[{"taxonomy":"product_cat","embeddable":true,"href":"https:\/\/glownaturalliving.com\/de\/wp-json\/wp\/v2\/product_cat?post=223256"},{"taxonomy":"product_tag","embeddable":true,"href":"https:\/\/glownaturalliving.com\/de\/wp-json\/wp\/v2\/product_tag?post=223256"},{"taxonomy":"berocket_brand","embeddable":true,"href":"https:\/\/glownaturalliving.com\/de\/wp-json\/wp\/v2\/berocket_brand?post=223256"}],"curies":[{"name":"wp","href":"https:\/\/api.w.org\/{rel}","templated":true}]}}