{"id":223326,"date":"2025-06-04T11:11:00","date_gmt":"2025-06-04T10:11:00","guid":{"rendered":"https:\/\/glownaturalliving.com\/?post_type=product&#038;p=223326"},"modified":"2025-08-18T11:07:47","modified_gmt":"2025-08-18T10:07:47","slug":"serena-tennissokken-biologisch-katoen-beige","status":"publish","type":"product","link":"https:\/\/glownaturalliving.com\/de\/winkel\/geschenk\/fur-kinder\/serena-tennissokken-biologisch-katoen-beige\/","title":{"rendered":"SERENA \u2013 Tennissocken Bio-Baumwolle \u2013 Beige"},"content":{"rendered":"<h4 data-start=\"242\" data-end=\"295\">SERENA \u2013 Tennissocken Bio-Baumwolle \u2013 Beige<\/h4>\n<p data-start=\"1308\" data-end=\"1549\">Die <strong data-start=\"1311\" data-end=\"1331\">Tennissocke SERENA<\/strong> ist ein moderner Klassiker: wei\u00df mit zwei sportlichen Streifen am Saum. Egal, ob Sie sich f\u00fcr ein aktives Training oder ein l\u00e4ssiges Outfit mit einer Anspielung auf den Retro-Tennisstil entscheiden, diese Socke vervollst\u00e4ndigt Ihren Look. <\/p>\n<p data-start=\"1551\" data-end=\"1685\"><strong data-start=\"1551\" data-end=\"1592\">Minimalistisch, kraftvoll und stilvoll.<\/strong>  SERENA ist die Socke f\u00fcr alle, die Komfort mit einem sportlichen Fashion-Statement verbinden m\u00f6chten.<\/p>\n<h3 data-start=\"1692\" data-end=\"1732\"><strong data-start=\"1698\" data-end=\"1732\">Warum du SERENA tragen m\u00f6chtest:<\/strong><\/h3>\n<ul data-start=\"1734\" data-end=\"2084\">\n<li data-start=\"1734\" data-end=\"1813\">\n<p data-start=\"1736\" data-end=\"1813\"><strong data-start=\"1736\" data-end=\"1782\">Bio-Baumwolle (\u00d6kotex zertifiziert):<\/strong> Nachhaltig und hautfreundlich.<\/p>\n<\/li>\n<li data-start=\"1814\" data-end=\"1896\">\n<p data-start=\"1816\" data-end=\"1896\"><strong data-start=\"1816\" data-end=\"1836\">Flache Zehennaht:<\/strong> Keine Druckstellen oder Irritationen, ganzt\u00e4giger Komfort.<\/p>\n<\/li>\n<li data-start=\"1897\" data-end=\"1997\">\n<p data-start=\"1899\" data-end=\"1997\"><strong data-start=\"1899\" data-end=\"1920\">Perfekte Passform:<\/strong> Die verst\u00e4rkte Ferse und der elastische Saum sorgen f\u00fcr Halt, ohne zu dr\u00fccken.<\/p>\n<\/li>\n<li data-start=\"1998\" data-end=\"2084\">\n<p data-start=\"2000\" data-end=\"2084\"><strong data-start=\"2000\" data-end=\"2022\">Vielseitiges Design:<\/strong> Passt zu Turnschuhen, Sportschuhen und unter einem Sommeroutfit.<\/p>\n<\/li>\n<\/ul>\n<h3 data-start=\"2091\" data-end=\"2113\"><strong data-start=\"2098\" data-end=\"2113\">Gr\u00f6\u00dfenhinweis:<\/strong><\/h3>\n<p data-start=\"2115\" data-end=\"2331\">Die SERENA Socke f\u00e4llt durch die Kombination von Baumwolle und Elasthan etwas gr\u00f6\u00dfer aus. Haben Sie eine schlanke Gr\u00f6\u00dfe 39? Dann empfehlen wir Gr\u00f6\u00dfe <strong data-start=\"2243\" data-end=\"2252\">35\/38<\/strong> f\u00fcr eine eng anliegende Passform. Tragen Sie Gr\u00f6\u00dfe 40 oder gr\u00f6\u00dfer? Dann w\u00e4hlen Sie <strong data-start=\"2321\" data-end=\"2330\">39\/42<\/strong>.    <\/p>\n<h3 data-start=\"2338\" data-end=\"2370\"><strong data-start=\"2345\" data-end=\"2370\">Material &amp; Herkunft:<\/strong><\/h3>\n<ul data-start=\"2372\" data-end=\"2565\">\n<li data-start=\"2372\" data-end=\"2464\">\n<p data-start=\"2374\" data-end=\"2464\"><strong data-start=\"2374\" data-end=\"2388\">Material:<\/strong> 80% Bio-Baumwolle (\u00d6kotex zertifiziert), 17% Polyamid, 3% Elasthan<\/p>\n<\/li>\n<li data-start=\"2465\" data-end=\"2511\">\n<p data-start=\"2467\" data-end=\"2511\"><strong data-start=\"2467\" data-end=\"2481\">Produktion:<\/strong> Fair hergestellt in Portugal<\/p>\n<\/li>\n<li data-start=\"2465\" data-end=\"2511\">\n<p data-start=\"2467\" data-end=\"2511\"><strong data-start=\"2514\" data-end=\"2539\">Verf\u00fcgbare Farben:<\/strong> <a href=\"https:\/\/glownaturalliving.com\/de\/?post_type=product&#038;p=223306\">Schwarz<\/a>, <a href=\"https:\/\/glownaturalliving.com\/de\/?post_type=product&#038;p=223326\">Beige<\/a> und <a href=\"https:\/\/glownaturalliving.com\/de\/?post_type=product&#038;p=223342\">Flieder<\/a><\/p>\n<\/li>\n<li data-start=\"2512\" data-end=\"2565\">\n<p data-start=\"2514\" data-end=\"2565\">\n<\/li>\n<\/ul>\n<h3 data-start=\"2572\" data-end=\"2611\"><strong data-start=\"2579\" data-end=\"2611\">Tragen Sie zu nachhaltigem Stil bei<\/strong><\/h3>\n<p data-start=\"2613\" data-end=\"2848\">Mit <strong data-start=\"2617\" data-end=\"2631\">DAILYSOCKS entscheidest<\/strong> du dich nicht nur f\u00fcr Komfort, sondern auch f\u00fcr faire Produktion, umweltfreundliche Materialien und zeitloses Design. Der SERENA Strumpf ist ein vielseitiges Basic, das zu jeder Jahreszeit getragen werden kann. Sportlich und stylisch.  <\/p>\n<h3 data-start=\"522\" data-end=\"570\"><span style=\"font-size: 20.16px;\">\u00dcber DAILYSOCKS<\/span><\/h3>\n<p data-start=\"338\" data-end=\"716\"><strong data-start=\"338\" data-end=\"352\">DAILYSOCKS<\/strong> ist eine moderne Sockenmarke aus Deutschland, die Stil, Komfort und Langlebigkeit vereint. Jedes Paar Socken wird sorgf\u00e4ltig entworfen und in dem malerischen Dorf <strong data-start=\"520\" data-end=\"534\">Wettringen<\/strong> hergestellt, das liebevoll <em data-start=\"555\" data-end=\"581\">\u201edas Herz der Welt<\/em>\u201c genannt wird. DAILYSOCKS ist bekannt f\u00fcr seine <strong data-start=\"623\" data-end=\"650\">hochwertigen Materialien<\/strong>, <strong data-start=\"652\" data-end=\"675\">die raffinierte Verarbeitung<\/strong> und <strong data-start=\"679\" data-end=\"715\">die einzigartigen Designs mit einer Botschaft<\/strong>.  <\/p>\n<p data-start=\"718\" data-end=\"896\">Was macht DAILYSOCKS besonders? Jedes Design erz\u00e4hlt eine Geschichte. Von Herzmotiven bis hin zu kraftvollen Farbkombinationen. Diese Socken bringen jeden Tag ein L\u00e4cheln und ein Statement.   <\/p>\n<p data-start=\"898\" data-end=\"1061\">&#x2714; Hergestellt aus <strong data-start=\"912\" data-end=\"933\">Bio-Baumwolle<\/strong><br data-start=\"933\" data-end=\"936\">&#x2714; Fair produziert in Europa<br data-start=\"968\" data-end=\"971\">&#x2714; Perfekt als <strong data-start=\"985\" data-end=\"1014\">Geschenk oder modisches Accessoire<\/strong><br data-start=\"1014\" data-end=\"1017\">&#x2714; Bekannt f\u00fcr <strong data-start=\"1029\" data-end=\"1061\">Komfort und Stil mit Charakter<\/strong><\/p>\n<p data-start=\"1063\" data-end=\"1185\"><strong data-start=\"1063\" data-end=\"1185\">Mit DAILYSOCKS tr\u00e4gst du nicht nur Socken, sondern jeden Tag ein St\u00fcck Liebe, Handwerkskunst und Pers\u00f6nlichkeit.<\/strong><\/p>\n","protected":false},"excerpt":{"rendered":"<p>Stylische wei\u00dfe Tennissocken mit sportlichen Streifen: SERENA von DAILYSOCKS. Aus Bio-Baumwolle gefertigt und wunderbar bequem. Ideal f\u00fcr Sport- oder Freizeitoutfits.  <\/p>\n","protected":false},"featured_media":223334,"comment_status":"open","ping_status":"closed","template":"","meta":{"_acf_changed":false},"product_cat":[9706,9994,9998,9987,4604,8398,8514,8833],"product_tag":[10449,10469,10467,10470,10450,10468],"berocket_brand":[10414],"class_list":["post-223326","product","type-product","status-publish","has-post-thumbnail","hentry","product_cat-accessoires-de","product_cat-fur-kinder","product_cat-fuer-sie","product_cat-geschenk","product_cat-neu","product_cat-damenbekleidung","product_cat-kinderkleidung","product_cat-mini-baby-zubehor","product_tag-nachhaltige-socken","product_tag-retro-sport-socken","product_tag-socken-aus-bio-baumwolle","product_tag-sportliche-socken","product_tag-tagliche-socken","product_tag-weise-tennissocken","product_shipping_class-pakket-de","berocket_brand-dailysocks-de"],"acf":[],"aioseo_notices":[],"_links":{"self":[{"href":"https:\/\/glownaturalliving.com\/de\/wp-json\/wp\/v2\/product\/223326","targetHints":{"allow":["GET"]}}],"collection":[{"href":"https:\/\/glownaturalliving.com\/de\/wp-json\/wp\/v2\/product"}],"about":[{"href":"https:\/\/glownaturalliving.com\/de\/wp-json\/wp\/v2\/types\/product"}],"replies":[{"embeddable":true,"href":"https:\/\/glownaturalliving.com\/de\/wp-json\/wp\/v2\/comments?post=223326"}],"wp:featuredmedia":[{"embeddable":true,"href":"https:\/\/glownaturalliving.com\/de\/wp-json\/wp\/v2\/media\/223334"}],"wp:attachment":[{"href":"https:\/\/glownaturalliving.com\/de\/wp-json\/wp\/v2\/media?parent=223326"}],"wp:term":[{"taxonomy":"product_cat","embeddable":true,"href":"https:\/\/glownaturalliving.com\/de\/wp-json\/wp\/v2\/product_cat?post=223326"},{"taxonomy":"product_tag","embeddable":true,"href":"https:\/\/glownaturalliving.com\/de\/wp-json\/wp\/v2\/product_tag?post=223326"},{"taxonomy":"berocket_brand","embeddable":true,"href":"https:\/\/glownaturalliving.com\/de\/wp-json\/wp\/v2\/berocket_brand?post=223326"}],"curies":[{"name":"wp","href":"https:\/\/api.w.org\/{rel}","templated":true}]}}