{"id":223358,"date":"2025-06-04T11:23:44","date_gmt":"2025-06-04T10:23:44","guid":{"rendered":"https:\/\/glownaturalliving.com\/?post_type=product&#038;p=223358"},"modified":"2025-08-18T11:07:47","modified_gmt":"2025-08-18T10:07:47","slug":"mini-tennissok-met-hart-duurzaam-stijlvol-voor-kinderen","status":"publish","type":"product","link":"https:\/\/glownaturalliving.com\/de\/winkel\/geschenk\/fur-kinder\/mini-tennissok-met-hart-duurzaam-stijlvol-voor-kinderen\/","title":{"rendered":"MINI Tennissocke mit Herz \u2013 langlebig &amp; stylisch f\u00fcr Kinder"},"content":{"rendered":"<p data-start=\"574\" data-end=\"952\">Die <em data-start=\"577\" data-end=\"602\">MINI Tennissocken mit Herz<\/em> sind speziell f\u00fcr die kleinsten Trendsetter konzipiert. Diese niedlichen Kindersocken vereinen klassisches Sportdesign mit einem verspielten Herz und sind aus weicher, atmungsaktiver Bio-Baumwolle gefertigt. Die zeitlosen Farben Schwarz und Wei\u00df sorgen daf\u00fcr, dass diese Socken m\u00fchelos zu jedem Outfit passen. Perfekt f\u00fcr Schultage, Spa\u00df und kleine Abenteuer.   <\/p>\n<p data-start=\"954\" data-end=\"1167\">Diese Socken sind nicht nur bequem und stylisch, sondern auch verantwortungsvoll produziert. Dank der Verwendung von zertifizierter Bio-Baumwolle und fairer Produktion sind sie eine nachhaltige Wahl f\u00fcr bewusste Eltern. <\/p>\n<p data-start=\"1169\" data-end=\"1219\"><strong data-start=\"1169\" data-end=\"1219\">Warum sollten Sie sich f\u00fcr die MINI Tennissocke mit Herz entscheiden?<\/strong><\/p>\n<p data-start=\"1221\" data-end=\"1464\">&#x2714; Zeitloses Schwarz-Wei\u00df-Design mit sportlicher Anmutung<br data-start=\"1274\" data-end=\"1277\">&#x2714; S\u00fc\u00dfes Herz-Detail f\u00fcr einen einzigartigen Look<br data-start=\"1315\" data-end=\"1318\">&#x2714; Hergestellt aus weicher, atmungsaktiver Bio-Baumwolle<br data-start=\"1367\" data-end=\"1370\">&#x2714; Nachhaltig, fair &amp; umweltschonend produziert<br data-start=\"1422\" data-end=\"1425\">&#x2714; Perfekte Passform f\u00fcr Kinderf\u00fc\u00dfe<\/p>\n<p data-start=\"1466\" data-end=\"1533\"><strong data-start=\"1466\" data-end=\"1480\">Material:<\/strong><br data-start=\"1480\" data-end=\"1483\">80% Bio-Baumwolle, 17% Polyamid, 3% Elasthan<\/p>\n<p data-start=\"1535\" data-end=\"1624\"><strong data-start=\"1535\" data-end=\"1624\">Erh\u00e4ltlich in Kindergr\u00f6\u00dfen, ideal f\u00fcr den t\u00e4glichen Gebrauch mit einem Hauch von Liebe!<\/strong><\/p>\n<h3 data-start=\"522\" data-end=\"570\"><span style=\"font-size: 20.16px;\">\u00dcber DAILYSOCKS<\/span><\/h3>\n<p data-start=\"338\" data-end=\"716\"><strong data-start=\"338\" data-end=\"352\">DAILYSOCKS<\/strong> ist eine moderne Sockenmarke aus Deutschland, die Stil, Komfort und Langlebigkeit vereint. Jedes Paar Socken wird sorgf\u00e4ltig entworfen und in dem malerischen Dorf <strong data-start=\"520\" data-end=\"534\">Wettringen<\/strong> hergestellt, das liebevoll <em data-start=\"555\" data-end=\"581\">\u201edas Herz der Welt<\/em>\u201c genannt wird. DAILYSOCKS ist bekannt f\u00fcr seine <strong data-start=\"623\" data-end=\"650\">hochwertigen Materialien<\/strong>, <strong data-start=\"652\" data-end=\"675\">die raffinierte Verarbeitung<\/strong> und <strong data-start=\"679\" data-end=\"715\">die einzigartigen Designs mit einer Botschaft<\/strong>.  <\/p>\n<p data-start=\"718\" data-end=\"896\">Was macht DAILYSOCKS besonders? Jedes Design erz\u00e4hlt eine Geschichte. Von Herzmotiven bis hin zu kraftvollen Farbkombinationen. Diese Socken bringen jeden Tag ein L\u00e4cheln und ein Statement.   <\/p>\n<p data-start=\"898\" data-end=\"1061\">&#x2714; Hergestellt aus <strong data-start=\"912\" data-end=\"933\">Bio-Baumwolle<\/strong><br data-start=\"933\" data-end=\"936\">&#x2714; Fair produziert in Europa<br data-start=\"968\" data-end=\"971\">&#x2714; Perfekt als <strong data-start=\"985\" data-end=\"1014\">Geschenk oder modisches Accessoire<\/strong><br data-start=\"1014\" data-end=\"1017\">&#x2714; Bekannt f\u00fcr <strong data-start=\"1029\" data-end=\"1061\">Komfort und Stil mit Charakter<\/strong><\/p>\n<p data-start=\"1063\" data-end=\"1185\"><strong data-start=\"1063\" data-end=\"1185\">Mit DAILYSOCKS tr\u00e4gst du nicht nur Socken, sondern jeden Tag ein St\u00fcck Liebe, Handwerkskunst und Pers\u00f6nlichkeit.<\/strong><\/p>\n","protected":false},"excerpt":{"rendered":"<p>Die <em data-start=\"577\" data-end=\"602\">MINI Tennissocken mit Herz<\/em> sind speziell f\u00fcr die kleinsten Trendsetter konzipiert. Diese niedlichen Kindersocken vereinen klassisches Sportdesign mit einem verspielten Herz und sind aus weicher, atmungsaktiver Bio-Baumwolle gefertigt. <\/p>\n","protected":false},"featured_media":223366,"comment_status":"open","ping_status":"closed","template":"","meta":{"_acf_changed":false},"product_cat":[9994,9987,8514,8833],"product_tag":[10478,10449,10480,10469,10467,10470,10450,10479,10468],"berocket_brand":[10414],"class_list":["post-223358","product","type-product","status-publish","has-post-thumbnail","hentry","product_cat-fur-kinder","product_cat-geschenk","product_cat-kinderkleidung","product_cat-mini-baby-zubehor","product_tag-kindrs-socken","product_tag-nachhaltige-socken","product_tag-nachhaltige-socken-kind","product_tag-retro-sport-socken","product_tag-socken-aus-bio-baumwolle","product_tag-sportliche-socken","product_tag-tagliche-socken","product_tag-tennissocken-kind","product_tag-weise-tennissocken","product_shipping_class-pakket-de","berocket_brand-dailysocks-de"],"acf":[],"aioseo_notices":[],"_links":{"self":[{"href":"https:\/\/glownaturalliving.com\/de\/wp-json\/wp\/v2\/product\/223358","targetHints":{"allow":["GET"]}}],"collection":[{"href":"https:\/\/glownaturalliving.com\/de\/wp-json\/wp\/v2\/product"}],"about":[{"href":"https:\/\/glownaturalliving.com\/de\/wp-json\/wp\/v2\/types\/product"}],"replies":[{"embeddable":true,"href":"https:\/\/glownaturalliving.com\/de\/wp-json\/wp\/v2\/comments?post=223358"}],"wp:featuredmedia":[{"embeddable":true,"href":"https:\/\/glownaturalliving.com\/de\/wp-json\/wp\/v2\/media\/223366"}],"wp:attachment":[{"href":"https:\/\/glownaturalliving.com\/de\/wp-json\/wp\/v2\/media?parent=223358"}],"wp:term":[{"taxonomy":"product_cat","embeddable":true,"href":"https:\/\/glownaturalliving.com\/de\/wp-json\/wp\/v2\/product_cat?post=223358"},{"taxonomy":"product_tag","embeddable":true,"href":"https:\/\/glownaturalliving.com\/de\/wp-json\/wp\/v2\/product_tag?post=223358"},{"taxonomy":"berocket_brand","embeddable":true,"href":"https:\/\/glownaturalliving.com\/de\/wp-json\/wp\/v2\/berocket_brand?post=223358"}],"curies":[{"name":"wp","href":"https:\/\/api.w.org\/{rel}","templated":true}]}}