{"id":223725,"date":"2025-10-20T11:33:01","date_gmt":"2025-10-20T10:33:01","guid":{"rendered":"https:\/\/glownaturalliving.com\/winkel\/unkategorisiert\/herbruikbare-keukenpapier-doekjes-12-stuks-22x25-cm\/"},"modified":"2025-10-20T11:57:42","modified_gmt":"2025-10-20T10:57:42","slug":"herbruikbare-keukenpapier-doekjes-12-stuks-22x25-cm","status":"publish","type":"product","link":"https:\/\/glownaturalliving.com\/de\/winkel\/wohnen-de\/reinigen\/herbruikbare-keukenpapier-doekjes-12-stuks-22x25-cm\/","title":{"rendered":"Wiederverwendbare K\u00fcchenpapiert\u00fccher \u2013 12 St\u00fcck (22&#215;25 cm)"},"content":{"rendered":"<h4>Wiederverwendbare K\u00fcchenpapiert\u00fccher \u2013 12 St\u00fcck (22&#215;25 cm)<\/h4>\n<p data-start=\"966\" data-end=\"1369\">Die <strong data-start=\"969\" data-end=\"1018\">wiederverwendbaren K\u00fcchenpapiert\u00fccher von If You Care<\/strong> sind eine nachhaltige Alternative zu herk\u00f6mmlichem K\u00fcchenpapier. Jedes Tuch wird in einem patentierten Verfahren mit einer einzigartigen Mischung aus <strong data-start=\"1162\" data-end=\"1213\">70 % Zellulose und 30 % ungebleichter, gentechnikfreier Baumwolle<\/strong> hergestellt. Bei der Herstellung wird das nat\u00fcrliche Mineralsalz <em data-start=\"1271\" data-end=\"1283\">Mirabilit<\/em> entfernt, wodurch seine Struktur au\u00dfergew\u00f6hnlich por\u00f6s und super saugf\u00e4hig wird.<\/p>\n<ul>\n<li data-start=\"1371\" data-end=\"1745\"><strong data-start=\"1374\" data-end=\"1398\">Extrem saugf\u00e4hig:<\/strong> Absorbiert bis zum <strong data-start=\"1413\" data-end=\"1451\">16-fachen seines Eigengewichts an Wasser<\/strong> .<\/li>\n<li data-start=\"1371\" data-end=\"1745\"><strong data-start=\"1461\" data-end=\"1483\">Stark und langlebig:<\/strong> rei\u00dffest, verschlei\u00dffest und mindestens eine Woche lang wiederverwendbar.<\/li>\n<li data-start=\"1371\" data-end=\"1745\"><strong data-start=\"1549\" data-end=\"1571\">Streifenfreie Reinigung:<\/strong> Hinterl\u00e4sst auch nach mehrmaligem Waschen keine Fasern oder Flusen.<\/li>\n<li data-start=\"1371\" data-end=\"1745\"><strong data-start=\"1649\" data-end=\"1671\">Umweltfreundlich:<\/strong> Ein Blatt pro Woche ersetzt bis zu <strong data-start=\"1702\" data-end=\"1742\">18 Rollen herk\u00f6mmliches K\u00fcchenpapier<\/strong>.<\/li>\n<\/ul>\n<p data-start=\"1747\" data-end=\"1944\">Verwenden Sie die T\u00fccher in der K\u00fcche, im Bad oder zur Reinigung von M\u00f6beln und Oberfl\u00e4chen. Sie reinigen gr\u00fcndlich, nehmen Fl\u00fcssigkeiten m\u00fchelos auf und geben sie nach einfachem Auswringen wieder ab. <\/p>\n<h4 data-start=\"1951\" data-end=\"1984\"><strong data-start=\"1958\" data-end=\"1982\">Gebrauch &amp; Pflege<\/strong><\/h4>\n<ul data-start=\"1986\" data-end=\"2355\">\n<li data-start=\"1986\" data-end=\"2086\">\n<p data-start=\"1988\" data-end=\"2086\">Sp\u00fclen Sie das Tuch nach Gebrauch aus und <strong data-start=\"2016\" data-end=\"2046\">wringen Sie \u00fcbersch\u00fcssiges Wasser aus<\/strong> , um die Saugf\u00e4higkeit zu erhalten.<\/p>\n<\/li>\n<li data-start=\"2087\" data-end=\"2161\">\n<p data-start=\"2089\" data-end=\"2161\">Geeignet f\u00fcr die Verwendung mit <strong data-start=\"2115\" data-end=\"2158\">Wasser, Seife oder milden Reinigungsmitteln<\/strong>.<\/p>\n<\/li>\n<li data-start=\"2162\" data-end=\"2226\">\n<p data-start=\"2164\" data-end=\"2226\">Nicht mit <strong data-start=\"2183\" data-end=\"2223\">Chlorbleiche oder Chlorprodukten<\/strong> verwenden.<\/p>\n<\/li>\n<li data-start=\"2227\" data-end=\"2299\">\n<p data-start=\"2229\" data-end=\"2299\">Gut aussp\u00fclen, auswringen und <strong data-start=\"2229\" data-end=\"2263\">nach jedem Gebrauch<\/strong> flach trocknen lassen.<\/p>\n<\/li>\n<li data-start=\"2300\" data-end=\"2355\">\n<p data-start=\"2302\" data-end=\"2355\">Handw\u00e4sche empfohlen, mit warmem Wasser und Seife waschen.<\/p>\n<\/li>\n<\/ul>\n<p data-start=\"2357\" data-end=\"2482\"><strong data-start=\"2360\" data-end=\"2368\">TRINKGELD:<\/strong> F\u00fcr zus\u00e4tzliche Hygiene: Legen Sie das Tuch <strong data-start=\"2404\" data-end=\"2432\">f\u00fcr 1 Minute in die Mikrowelle<\/strong> oder <strong data-start=\"2436\" data-end=\"2457\">kochen Sie es in Wasser<\/strong> , um Bakterien abzut\u00f6ten.<\/p>\n<h4 data-start=\"2489\" data-end=\"2516\"><strong data-start=\"2496\" data-end=\"2514\">Produktdetails<\/strong><\/h4>\n<ul data-start=\"2517\" data-end=\"2784\">\n<li data-start=\"2517\" data-end=\"2542\">\n<p data-start=\"2519\" data-end=\"2542\"><strong data-start=\"2519\" data-end=\"2528\">Marke:<\/strong> Wenn es dir wichtig ist<\/p>\n<\/li>\n<li data-start=\"2543\" data-end=\"2567\">\n<p data-start=\"2545\" data-end=\"2567\"><strong data-start=\"2545\" data-end=\"2556\">Menge:<\/strong> 12 St\u00fcck<\/p>\n<\/li>\n<li data-start=\"2568\" data-end=\"2605\">\n<p data-start=\"2570\" data-end=\"2605\"><strong data-start=\"2570\" data-end=\"2592\">Gr\u00f6\u00dfe pro Tuch:<\/strong> 22 x 25 cm<\/p>\n<\/li>\n<li data-start=\"2606\" data-end=\"2661\">\n<p data-start=\"2608\" data-end=\"2661\"><strong data-start=\"2608\" data-end=\"2622\">Material:<\/strong> 70% Zellulose, 30% ungebleichte Baumwolle<\/p>\n<\/li>\n<li data-start=\"2662\" data-end=\"2687\">\n<p data-start=\"2664\" data-end=\"2687\"><strong data-start=\"2664\" data-end=\"2674\">Farbe:<\/strong> Nat\u00fcrlich<\/p>\n<\/li>\n<li data-start=\"2688\" data-end=\"2712\">\n<p data-start=\"2690\" data-end=\"2712\"><strong data-start=\"2690\" data-end=\"2707\">Mehrweg:<\/strong> Ja<\/p>\n<\/li>\n<li data-start=\"2713\" data-end=\"2784\">\n<p data-start=\"2715\" data-end=\"2784\"><strong data-start=\"2715\" data-end=\"2739\">Nachhaltigkeitsniveau:<\/strong> 100% kompostierbare und plastikfreie Verpackung<\/p>\n<\/li>\n<\/ul>\n<h4 data-start=\"2791\" data-end=\"2825\"><strong data-start=\"2798\" data-end=\"2825\">Vorteile auf einen Blick<\/strong><\/h4>\n<ul>\n<li data-start=\"2826\" data-end=\"3011\">Wiederverwendbar &amp; umweltfreundlich<\/li>\n<li data-start=\"2826\" data-end=\"3011\">Spart bis zu 18 Rollen Papierhandt\u00fccher pro Rolle<\/li>\n<li data-start=\"2826\" data-end=\"3011\">Starkes, saugf\u00e4higes und streifenfreies Ergebnis<\/li>\n<li data-start=\"2826\" data-end=\"3011\">Hergestellt aus nat\u00fcrlichen, kompostierbaren Materialien<\/li>\n<\/ul>\n","protected":false},"excerpt":{"rendered":"<p>Langlebige, saugf\u00e4hige und waschbare K\u00fcchenpapiert\u00fccher von If You Care. Ersetzt bis zu 18 Rollen Papier pro Woche. Umweltfreundlich &amp; streifenfrei sauber!  <\/p>\n","protected":false},"featured_media":223724,"comment_status":"open","ping_status":"closed","template":"","meta":{"_acf_changed":false},"product_cat":[9713,4604,9384],"product_tag":[10593,10595,10597,10599,10591],"berocket_brand":[],"class_list":["post-223725","product","type-product","status-publish","has-post-thumbnail","hentry","product_cat-reinigen","product_cat-neu","product_cat-wohnen-de","product_tag-nachhaltiges-kuchenpapier","product_tag-umweltfreundliches-kuchenpapier","product_tag-waschbare-tucher-kuche","product_tag-wenn-sie-sich-um-tucher-kummern","product_tag-wiederverwendbare-kuchenpapiertucher","product_shipping_class-pakket-de"],"acf":[],"aioseo_notices":[],"_links":{"self":[{"href":"https:\/\/glownaturalliving.com\/de\/wp-json\/wp\/v2\/product\/223725","targetHints":{"allow":["GET"]}}],"collection":[{"href":"https:\/\/glownaturalliving.com\/de\/wp-json\/wp\/v2\/product"}],"about":[{"href":"https:\/\/glownaturalliving.com\/de\/wp-json\/wp\/v2\/types\/product"}],"replies":[{"embeddable":true,"href":"https:\/\/glownaturalliving.com\/de\/wp-json\/wp\/v2\/comments?post=223725"}],"wp:featuredmedia":[{"embeddable":true,"href":"https:\/\/glownaturalliving.com\/de\/wp-json\/wp\/v2\/media\/223724"}],"wp:attachment":[{"href":"https:\/\/glownaturalliving.com\/de\/wp-json\/wp\/v2\/media?parent=223725"}],"wp:term":[{"taxonomy":"product_cat","embeddable":true,"href":"https:\/\/glownaturalliving.com\/de\/wp-json\/wp\/v2\/product_cat?post=223725"},{"taxonomy":"product_tag","embeddable":true,"href":"https:\/\/glownaturalliving.com\/de\/wp-json\/wp\/v2\/product_tag?post=223725"},{"taxonomy":"berocket_brand","embeddable":true,"href":"https:\/\/glownaturalliving.com\/de\/wp-json\/wp\/v2\/berocket_brand?post=223725"}],"curies":[{"name":"wp","href":"https:\/\/api.w.org\/{rel}","templated":true}]}}